{"id":5032,"date":"2024-04-08T16:28:54","date_gmt":"2024-04-08T16:28:54","guid":{"rendered":"https:\/\/izhod.org\/b4\/pretekli-turnirji\/"},"modified":"2025-05-20T23:57:32","modified_gmt":"2025-05-20T23:57:32","slug":"pretekli-turnirji","status":"publish","type":"page","link":"https:\/\/www.b4.si\/de\/pretekli-turnirji\/","title":{"rendered":"Pretekli turnirji"},"content":{"rendered":"<p>[et_pb_section fb_built=&#8220;1&#8243; fullwidth=&#8220;on&#8220; disabled_on=&#8220;on|on|off&#8220; admin_label=&#8220;HERO LOKACIJE&#8220; _builder_version=&#8220;4.24.2&#8243; _module_preset=&#8220;default&#8220; bottom_divider_style=&#8220;slant&#8220; bottom_divider_color=&#8220;#FFFFFF&#8220; locked=&#8220;off&#8220; global_colors_info=&#8220;{}&#8220;][et_pb_fullwidth_slider show_content_on_mobile=&#8220;off&#8220; show_cta_on_mobile=&#8220;off&#8220; use_bg_overlay=&#8220;off&#8220; use_text_overlay=&#8220;off&#8220; arrows_custom_color=&#8220;#E09900&#8243; dot_nav_custom_color=&#8220;#E09900&#8243; disabled_on=&#8220;on|on|off&#8220; admin_label=&#8220;Fullwidth Slider desktop&#8220; _builder_version=&#8220;4.24.2&#8243; _module_preset=&#8220;default&#8220; background_color=&#8220;#FFFFFF&#8220; z_index=&#8220;0&#8243; module_alignment=&#8220;left&#8220; height=&#8220;650px&#8220; custom_css_main_element=&#8220;border-radius: 0px !important;&#8220; global_colors_info=&#8220;{}&#8220;][et_pb_slide use_bg_overlay=&#8220;off&#8220; use_text_overlay=&#8220;off&#8220; _builder_version=&#8220;4.24.2&#8243; _module_preset=&#8220;default&#8220; header_font=&#8220;Open Sans||||||||&#8220; header_letter_spacing=&#8220;0px&#8220; body_font=&#8220;Open Sans|300|||||||&#8220; body_text_align=&#8220;center&#8220; body_letter_spacing=&#8220;1px&#8220; body_line_height=&#8220;2.1em&#8220; background_color=&#8220;RGBA(255,255,255,0)&#8220; background_enable_color=&#8220;on&#8220; background_image=&#8220;https:\/\/b4.si\/wp-content\/uploads\/2024\/04\/B4_banner_UmagTrophy.jpg&#8220; background_enable_image=&#8220;on&#8220; custom_button=&#8220;on&#8220; button_text_size=&#8220;33px&#8220; button_text_color=&#8220;#FFFFFF&#8220; button_border_width=&#8220;0px&#8220; button_border_color=&#8220;RGBA(255,255,255,0)&#8220; button_border_radius=&#8220;20px&#8220; button_letter_spacing=&#8220;1px&#8220; button_font=&#8220;|700|||||||&#8220; button_use_icon=&#8220;on&#8220; button_icon=&#8220;&#xe01d;||divi||400&#8243; button_icon_color=&#8220;#E09900&#8243; button_icon_placement=&#8220;left&#8220; button_on_hover=&#8220;off&#8220; button_alignment=&#8220;left&#8220; button_custom_margin=&#8220;0px|||0px|false|false&#8220; text_orientation=&#8220;center&#8220; width=&#8220;55%&#8220; max_width=&#8220;100%&#8220; custom_padding=&#8220;50px||||false|false&#8220; custom_padding_tablet=&#8220;50px||||false|false&#8220; custom_padding_phone=&#8220;50px||||false|false&#8220; custom_padding_last_edited=&#8220;on|desktop&#8220; global_colors_info=&#8220;{}&#8220; body_line_height__hover_enabled=&#8220;on|desktop&#8220; body_line_height__hover=&#8220;2.2em&#8220; sticky_transition=&#8220;on&#8220;][\/et_pb_slide][\/et_pb_fullwidth_slider][\/et_pb_section][et_pb_section fb_built=&#8220;1&#8243; custom_padding_last_edited=&#8220;on|phone&#8220; admin_label=&#8220;Body Sekcija&#8220; module_id=&#8220;round&#8220; module_class=&#8220;round&#8220; _builder_version=&#8220;4.24.2&#8243; _module_preset=&#8220;default&#8220; background_enable_image=&#8220;off&#8220; parallax=&#8220;on&#8220; width_tablet=&#8220;&#8220; width_phone=&#8220;&#8220; width_last_edited=&#8220;on|phone&#8220; module_alignment=&#8220;center&#8220; custom_margin_tablet=&#8220;&#8220; custom_margin_phone=&#8220;&#8220; custom_margin_last_edited=&#8220;on|tablet&#8220; custom_padding=&#8220;20px||0px||false|false&#8220; custom_padding_tablet=&#8220;300px||0px||false|false&#8220; custom_padding_phone=&#8220;300px||0px||false|false&#8220; top_divider_color=&#8220;#FFFFFF&#8220; global_colors_info=&#8220;{}&#8220;][et_pb_row _builder_version=&#8220;4.24.2&#8243; _module_preset=&#8220;default&#8220; module_alignment=&#8220;center&#8220; global_colors_info=&#8220;{}&#8220;][et_pb_column type=&#8220;4_4&#8243; _builder_version=&#8220;4.24.0&#8243; _module_preset=&#8220;default&#8220; global_colors_info=&#8220;{}&#8220;][et_pb_text admin_label=&#8220;Naslov1&#8243; _builder_version=&#8220;4.27.4&#8243; _module_preset=&#8220;default&#8220; hover_enabled=&#8220;0&#8243; global_colors_info=&#8220;{}&#8220; sticky_enabled=&#8220;0&#8243;]<\/p>\n<h2>UMAG TROPHY: <strong data-start=\"94\" data-end=\"174\">Ein Jahrzehnt Wachstum, Qualit\u00e4t und unvergesslicher Erlebnisse\u00a0<\/strong><\/h2>\n<p>[\/et_pb_text][et_pb_divider color=&#8220;#E09900&#8243; divider_style=&#8220;dashed&#8220; _builder_version=&#8220;4.24.2&#8243; _module_preset=&#8220;default&#8220; border_color_bottom=&#8220;#E09900&#8243; border_style_bottom=&#8220;dashed&#8220; global_colors_info=&#8220;{}&#8220;][\/et_pb_divider][et_pb_text admin_label=&#8220;Besedilo2&#8243; _builder_version=&#8220;4.27.4&#8243; _module_preset=&#8220;default&#8220; hover_enabled=&#8220;0&#8243; global_colors_info=&#8220;{}&#8220; sticky_enabled=&#8220;0&#8243;]<\/p>\n<p>Die Umag Trophy gilt heute als das gr\u00f6\u00dfte und renommierteste Jugendfu\u00dfballturnier der Region \u2013 und als eines der bedeutendsten in ganz Europa. Doch der beeindruckende Umfang des Turniers ist kein Zufall: Er ist das Ergebnis von Tradition, Organisation und Innovationskraft \u2013 den drei S\u00e4ulen, auf denen die Umag Trophy seit jeher aufgebaut ist. Im Jahr 2025 feiert das Turnier stolz sein zehnj\u00e4hriges Jubil\u00e4um.<\/p>\n<p>Angefangen hat alles mit nur zwei Alterskategorien auf einem einzigen Spielfeld \u2013 in Katoro, das bis heute ein wichtiger Teil des authentischen Umag Trophy-Erlebnisses f\u00fcr alle Teilnehmenden geblieben ist.<\/p>\n<p>Seit der ersten Austragung im Jahr 2016 ist die Umag Trophy organisch und best\u00e4ndig gewachsen \u2013 Schritt f\u00fcr Schritt, mit einem klaren Plan. Bereits fr\u00fch kamen internationale Top-Teams hinzu: Zu den ersten ausl\u00e4ndischen Teilnehmern wie MTK Budapest gesellten sich bald namhafte Vereine wie Crvena Zvezda, Inter Mailand und Benfica.<\/p>\n<p>Auch die lokale Gemeinschaft erkannte schnell das Potenzial des Turniers. Die Tourismusorganisation der Stadt Umag unterst\u00fctzt das Projekt seit der dritten Ausgabe. Denn die von B4 Sport Camps organisierten Fu\u00dfballturniere sind l\u00e4ngst \u00fcber den sportlichen Rahmen hinausgewachsen. Spieler, Trainer, Vereinsvertreter sowie Eltern und Begleitpersonen \u2013 insgesamt bis zu 20.000 Menschen pro Ausgabe \u2013 genie\u00dfen ein immer reichhaltigeres Rahmenprogramm mit einer feierlichen Er\u00f6ffnung im ATP-Stadion von Goran Ivani\u0161evi\u0107, Kinderunterhaltung, Live-Musikabenden und einer gro\u00dfen Abschlusszeremonie.<\/p>\n<p>Trotz der Expansion und der Teilnahme zahlreicher internationaler Spitzenvereine aus Italien (Juventus, AC Mailand, Inter, Hellas Verona, Udinese, Parma), Spanien (Barcelona), England (Arsenal), Portugal (Benfica), Serbien (Crvena Zvezda, Partizan) und \u00d6sterreich (Red Bull Salzburg) wird die Umag Trophy immer ein Turnier f\u00fcr alle bleiben. Unser Ziel bleibt es, jungen Fu\u00dfballtalenten aus Slowenien die M\u00f6glichkeit zu geben, sich in der N\u00e4he ihrer Heimat mit den gr\u00f6\u00dften Clubs der Welt zu messen und gegen Altersgenossen aus vielen L\u00e4ndern anzutreten.<\/p>\n<p>Deshalb werden wir weiterhin aufbauen, vorbereiten und investieren \u2013 mit dem Wissen, dass sich jeder Einsatz am Ende lohnt: durch die unz\u00e4hligen Kinderl\u00e4cheln auf und neben den Fu\u00dfballpl\u00e4tzen von Umag.<\/p>\n<p>Die 10. Jubil\u00e4umsausgabe im Jahr 2025 brachte f\u00fcnf Wochen Fu\u00dfball auf h\u00f6chstem Niveau und stellte neue Rekorde auf \u2013 in der Zahl der Teams, der ausgetragenen Spiele, der Vielfalt des Rahmenprogramms sowie in der Reichweite und Bekanntheit des Events. Die Umag Trophy startet somit in ein neues Jahrzehnt \u2013 auf einem starken Fundament aus Tradition und mit einem klaren Fokus auf kontinuierliche Weiterentwicklung und Verbesserung.<\/p>\n<p>[\/et_pb_text][et_pb_divider color=&#8220;#E09900&#8243; divider_style=&#8220;dashed&#8220; _builder_version=&#8220;4.24.0&#8243; _module_preset=&#8220;default&#8220; border_color_bottom=&#8220;#E09900&#8243; border_style_bottom=&#8220;dashed&#8220; global_colors_info=&#8220;{}&#8220;][\/et_pb_divider][\/et_pb_column][\/et_pb_row][et_pb_row _builder_version=&#8220;4.24.0&#8243; _module_preset=&#8220;default&#8220; global_colors_info=&#8220;{}&#8220;][et_pb_column type=&#8220;4_4&#8243; _builder_version=&#8220;4.24.2&#8243; _module_preset=&#8220;default&#8220; custom_padding=&#8220;0px||20px||false|false&#8220; global_colors_info=&#8220;{}&#8220;][et_pb_slider dot_nav_custom_color=&#8220;RGBA(255,255,255,0)&#8220; _builder_version=&#8220;4.25.1&#8243; _module_preset=&#8220;default&#8220; height=&#8220;400px&#8220; height_tablet=&#8220;220px&#8220; height_phone=&#8220;159px&#8220; height_last_edited=&#8220;on|phone&#8220; global_colors_info=&#8220;{}&#8220;][et_pb_slide use_bg_overlay=&#8220;off&#8220; use_text_overlay=&#8220;off&#8220; _builder_version=&#8220;4.25.1&#8243; _module_preset=&#8220;default&#8220; background_enable_color=&#8220;off&#8220; background_image=&#8220;https:\/\/b4.si\/wp-content\/uploads\/2024\/05\/437904311_18112318669372610_2924170421071443431_n.jpg&#8220; background_enable_image=&#8220;on&#8220; global_colors_info=&#8220;{}&#8220; sticky_transition=&#8220;on&#8220;][\/et_pb_slide][et_pb_slide use_bg_overlay=&#8220;off&#8220; use_text_overlay=&#8220;off&#8220; _builder_version=&#8220;4.25.1&#8243; _module_preset=&#8220;default&#8220; background_enable_color=&#8220;off&#8220; background_image=&#8220;https:\/\/b4.si\/wp-content\/uploads\/2024\/05\/UT24_21_04_2024_U13_U14_338-scaled-e1715621524974.jpg&#8220; background_enable_image=&#8220;on&#8220; global_colors_info=&#8220;{}&#8220; sticky_transition=&#8220;on&#8220;][\/et_pb_slide][et_pb_slide use_bg_overlay=&#8220;off&#8220; use_text_overlay=&#8220;off&#8220; _builder_version=&#8220;4.25.1&#8243; _module_preset=&#8220;default&#8220; background_enable_color=&#8220;off&#8220; background_image=&#8220;https:\/\/b4.si\/wp-content\/uploads\/2024\/05\/UT24_U10_11_OTVORITEV_077-scaled.jpg&#8220; background_enable_image=&#8220;on&#8220; global_colors_info=&#8220;{}&#8220; sticky_transition=&#8220;on&#8220;][\/et_pb_slide][\/et_pb_slider][\/et_pb_column][\/et_pb_row][et_pb_row column_structure=&#8220;1_4,1_4,1_4,1_4&#8243; make_equal=&#8220;on&#8220; admin_label=&#8220;Row winners 8-11&#8243; _builder_version=&#8220;4.24.3&#8243; _module_preset=&#8220;default&#8220; custom_margin=&#8220;50px||50px||true|false&#8220; global_colors_info=&#8220;{}&#8220;][et_pb_column type=&#8220;1_4&#8243; _builder_version=&#8220;4.24.2&#8243; _module_preset=&#8220;default&#8220; global_colors_info=&#8220;{}&#8220;][et_pb_image src=&#8220;https:\/\/www.b4.si\/wp-content\/uploads\/2025\/05\/B4_banner_Umag_Trophy_winners_U8.png&#8220; title_text=&#8220;B4_banner_Umag_Trophy_winners_U8&#8243; _builder_version=&#8220;4.27.4&#8243; _module_preset=&#8220;default&#8220; global_colors_info=&#8220;{}&#8220;][\/et_pb_image][\/et_pb_column][et_pb_column type=&#8220;1_4&#8243; _builder_version=&#8220;4.24.2&#8243; _module_preset=&#8220;default&#8220; global_colors_info=&#8220;{}&#8220;][et_pb_image src=&#8220;https:\/\/www.b4.si\/wp-content\/uploads\/2025\/05\/B4_banner_Umag_Trophy_winners_U9.png&#8220; title_text=&#8220;B4_banner_Umag_Trophy_winners_U9&#8243; _builder_version=&#8220;4.27.4&#8243; _module_preset=&#8220;default&#8220; global_colors_info=&#8220;{}&#8220;][\/et_pb_image][\/et_pb_column][et_pb_column type=&#8220;1_4&#8243; _builder_version=&#8220;4.24.2&#8243; _module_preset=&#8220;default&#8220; global_colors_info=&#8220;{}&#8220;][et_pb_image src=&#8220;https:\/\/www.b4.si\/wp-content\/uploads\/2025\/05\/B4_banner_Umag_Trophy_winners_U10.png&#8220; title_text=&#8220;B4_banner_Umag_Trophy_winners_U10&#8243; _builder_version=&#8220;4.27.4&#8243; _module_preset=&#8220;default&#8220; global_colors_info=&#8220;{}&#8220;][\/et_pb_image][\/et_pb_column][et_pb_column type=&#8220;1_4&#8243; _builder_version=&#8220;4.24.2&#8243; _module_preset=&#8220;default&#8220; global_colors_info=&#8220;{}&#8220;][et_pb_image src=&#8220;https:\/\/www.b4.si\/wp-content\/uploads\/2025\/05\/B4_banner_Umag_Trophy_winners_U11.png&#8220; title_text=&#8220;B4_banner_Umag_Trophy_winners_U11&#8243; _builder_version=&#8220;4.27.4&#8243; _module_preset=&#8220;default&#8220; global_colors_info=&#8220;{}&#8220;][\/et_pb_image][\/et_pb_column][\/et_pb_row][et_pb_row column_structure=&#8220;1_4,1_4,1_4,1_4&#8243; make_equal=&#8220;on&#8220; admin_label=&#8220;Row winners 12-14&#8243; _builder_version=&#8220;4.24.3&#8243; _module_preset=&#8220;default&#8220; custom_margin=&#8220;50px||50px||true|false&#8220; global_colors_info=&#8220;{}&#8220;][et_pb_column type=&#8220;1_4&#8243; _builder_version=&#8220;4.24.2&#8243; _module_preset=&#8220;default&#8220; global_colors_info=&#8220;{}&#8220;][et_pb_image src=&#8220;https:\/\/www.b4.si\/wp-content\/uploads\/2025\/05\/B4_banner_Umag_Trophy_winners_U12.png&#8220; title_text=&#8220;B4_banner_Umag_Trophy_winners_U12&#8243; _builder_version=&#8220;4.27.4&#8243; _module_preset=&#8220;default&#8220; global_colors_info=&#8220;{}&#8220;][\/et_pb_image][\/et_pb_column][et_pb_column type=&#8220;1_4&#8243; _builder_version=&#8220;4.24.2&#8243; _module_preset=&#8220;default&#8220; global_colors_info=&#8220;{}&#8220;][et_pb_image src=&#8220;https:\/\/www.b4.si\/wp-content\/uploads\/2025\/05\/B4_banner_Umag_Trophy_winners_U13.png&#8220; title_text=&#8220;B4_banner_Umag_Trophy_winners_U13&#8243; _builder_version=&#8220;4.27.4&#8243; _module_preset=&#8220;default&#8220; global_colors_info=&#8220;{}&#8220;][\/et_pb_image][\/et_pb_column][et_pb_column type=&#8220;1_4&#8243; _builder_version=&#8220;4.24.2&#8243; _module_preset=&#8220;default&#8220; global_colors_info=&#8220;{}&#8220;][et_pb_image src=&#8220;https:\/\/www.b4.si\/wp-content\/uploads\/2025\/05\/B4_banner_Umag_Trophy_winners_U14.png&#8220; title_text=&#8220;B4_banner_Umag_Trophy_winners_U14&#8243; _builder_version=&#8220;4.27.4&#8243; _module_preset=&#8220;default&#8220; global_colors_info=&#8220;{}&#8220;][\/et_pb_image][\/et_pb_column][et_pb_column type=&#8220;1_4&#8243; _builder_version=&#8220;4.24.2&#8243; _module_preset=&#8220;default&#8220; global_colors_info=&#8220;{}&#8220;][\/et_pb_column][\/et_pb_row][et_pb_row _builder_version=&#8220;4.24.2&#8243; _module_preset=&#8220;default&#8220; custom_margin=&#8220;||100px||false|false&#8220; global_colors_info=&#8220;{}&#8220;][et_pb_column type=&#8220;4_4&#8243; _builder_version=&#8220;4.24.2&#8243; _module_preset=&#8220;default&#8220; global_colors_info=&#8220;{}&#8220;][et_pb_video_slider _builder_version=&#8220;4.27.4&#8243; _module_preset=&#8220;default&#8220; global_colors_info=&#8220;{}&#8220;][et_pb_video_slider_item src=&#8220;https:\/\/www.youtube.com\/watch?v=T1LBXJRc3cI&#8220; _builder_version=&#8220;4.27.4&#8243; _module_preset=&#8220;default&#8220; global_colors_info=&#8220;{}&#8220; show_image_overlay=&#8220;off&#8220;][\/et_pb_video_slider_item][et_pb_video_slider_item src=&#8220;https:\/\/www.youtube.com\/watch?v=vgYzCCX74EQ&#8220; _builder_version=&#8220;4.25.1&#8243; _module_preset=&#8220;default&#8220; global_colors_info=&#8220;{}&#8220; show_image_overlay=&#8220;off&#8220;][\/et_pb_video_slider_item][et_pb_video_slider_item src=&#8220;https:\/\/www.youtube.com\/watch?v=vcu4RQ4SfEk&#8220; _builder_version=&#8220;4.24.2&#8243; _module_preset=&#8220;default&#8220; global_colors_info=&#8220;{}&#8220; show_image_overlay=&#8220;off&#8220;][\/et_pb_video_slider_item][et_pb_video_slider_item src=&#8220;https:\/\/www.youtube.com\/watch?v=63MN0uCqXgM&#8220; _builder_version=&#8220;4.24.2&#8243; _module_preset=&#8220;default&#8220; global_colors_info=&#8220;{}&#8220; show_image_overlay=&#8220;off&#8220;][\/et_pb_video_slider_item][et_pb_video_slider_item src=&#8220;https:\/\/www.youtube.com\/watch?v=jhQFvnSvbTw&#8220; _builder_version=&#8220;4.24.2&#8243; _module_preset=&#8220;default&#8220; global_colors_info=&#8220;{}&#8220; show_image_overlay=&#8220;off&#8220;][\/et_pb_video_slider_item][\/et_pb_video_slider][\/et_pb_column][\/et_pb_row][\/et_pb_section]<\/p>\n","protected":false},"excerpt":{"rendered":"<p>UMAG TROPHY: Ein Jahrzehnt Wachstum, Qualit\u00e4t und unvergesslicher Erlebnisse\u00a0Die Umag Trophy gilt heute als das gr\u00f6\u00dfte und renommierteste Jugendfu\u00dfballturnier der Region \u2013 und als eines der bedeutendsten in ganz Europa. Doch der beeindruckende Umfang des Turniers ist kein Zufall: Er ist das Ergebnis von Tradition, Organisation und Innovationskraft \u2013 den drei S\u00e4ulen, auf denen die [&hellip;]<\/p>\n","protected":false},"author":1,"featured_media":0,"parent":0,"menu_order":0,"comment_status":"closed","ping_status":"closed","template":"","meta":{"_et_pb_use_builder":"on","_et_pb_old_content":"","_et_gb_content_width":"","footnotes":""},"class_list":["post-5032","page","type-page","status-publish","hentry"],"_links":{"self":[{"href":"https:\/\/www.b4.si\/de\/wp-json\/wp\/v2\/pages\/5032","targetHints":{"allow":["GET"]}}],"collection":[{"href":"https:\/\/www.b4.si\/de\/wp-json\/wp\/v2\/pages"}],"about":[{"href":"https:\/\/www.b4.si\/de\/wp-json\/wp\/v2\/types\/page"}],"author":[{"embeddable":true,"href":"https:\/\/www.b4.si\/de\/wp-json\/wp\/v2\/users\/1"}],"replies":[{"embeddable":true,"href":"https:\/\/www.b4.si\/de\/wp-json\/wp\/v2\/comments?post=5032"}],"version-history":[{"count":5,"href":"https:\/\/www.b4.si\/de\/wp-json\/wp\/v2\/pages\/5032\/revisions"}],"predecessor-version":[{"id":9499,"href":"https:\/\/www.b4.si\/de\/wp-json\/wp\/v2\/pages\/5032\/revisions\/9499"}],"wp:attachment":[{"href":"https:\/\/www.b4.si\/de\/wp-json\/wp\/v2\/media?parent=5032"}],"curies":[{"name":"wp","href":"https:\/\/api.w.org\/{rel}","templated":true}]}}