{"id":5049,"date":"2024-03-19T09:32:36","date_gmt":"2024-03-19T09:32:36","guid":{"rendered":"https:\/\/izhod.org\/b4\/pravilnik-o-zasebnosti\/"},"modified":"2024-05-15T12:14:29","modified_gmt":"2024-05-15T12:14:29","slug":"pravilnik-o-zasebnosti","status":"publish","type":"page","link":"https:\/\/www.b4.si\/de\/pravilnik-o-zasebnosti\/","title":{"rendered":"Pravilnik o zasebnosti"},"content":{"rendered":"<p>[et_pb_section fb_built=&#8220;1&#8243; custom_padding_last_edited=&#8220;on|phone&#8220; admin_label=&#8220;Body Sekcija&#8220; module_id=&#8220;round&#8220; module_class=&#8220;round&#8220; _builder_version=&#8220;4.24.0&#8243; _module_preset=&#8220;default&#8220; background_enable_image=&#8220;off&#8220; parallax=&#8220;on&#8220; width_tablet=&#8220;&#8220; width_phone=&#8220;&#8220; width_last_edited=&#8220;on|phone&#8220; module_alignment=&#8220;center&#8220; custom_margin_tablet=&#8220;&#8220; custom_margin_phone=&#8220;&#8220; custom_margin_last_edited=&#8220;on|tablet&#8220; custom_padding=&#8220;250px||0px||false|false&#8220; custom_padding_tablet=&#8220;300px||0px||false|false&#8220; custom_padding_phone=&#8220;300px||0px||false|false&#8220; top_divider_style=&#8220;waves2&#8243; top_divider_color=&#8220;#FFFFFF&#8220; global_colors_info=&#8220;{}&#8220;][et_pb_row _builder_version=&#8220;4.24.0&#8243; _module_preset=&#8220;default&#8220; global_colors_info=&#8220;{}&#8220;][et_pb_column type=&#8220;4_4&#8243; admin_label=&#8220;Pravilnik o zasebnosti&#8220; _builder_version=&#8220;4.24.0&#8243; _module_preset=&#8220;default&#8220; global_colors_info=&#8220;{}&#8220;][et_pb_text admin_label=&#8220;Naslov1&#8243; _builder_version=&#8220;4.24.2&#8243; _module_preset=&#8220;default&#8220; global_colors_info=&#8220;{}&#8220;]<\/p>\n<h2><strong><span>Pravilnik o zasebnosti<\/span><\/strong><\/h2>\n<p>[\/et_pb_text][et_pb_divider color=&#8220;#E09900&#8243; divider_style=&#8220;dashed&#8220; _builder_version=&#8220;4.24.0&#8243; _module_preset=&#8220;default&#8220; border_color_bottom=&#8220;#E09900&#8243; border_style_bottom=&#8220;dashed&#8220; global_colors_info=&#8220;{}&#8220;][\/et_pb_divider][et_pb_text _builder_version=&#8220;4.25.1&#8243; _module_preset=&#8220;default&#8220; hover_enabled=&#8220;0&#8243; global_colors_info=&#8220;{}&#8220; sticky_enabled=&#8220;0&#8243;]<\/p>\n<p>Politika varstva zasebnosti velja za vsakega uporabnika naslednjih spletnih strani: b4.si.<\/p>\n<p>Uporabnik je vsaka pravna ali fizi\u010dna oseba, ki uporablja oziroma obi\u0161\u010de navedena spletna mesta. Z uporabo spletnih mest uporabnik potrjuje, da se strinja s Politiko varstva zasebnosti.<\/p>\n<p><strong>Varstvo osebnih podatkov<\/strong><\/p>\n<p>V podjetju B4, d. o. o., spo\u0161tujemo zasebnost in varnost osebnih podatkov. Zavezujemo se, da bomo osebne podatke uporabili izklju\u010dno za namene, ki so navedeni v tej Politiki varstva zasebnosti. Osebne podatke varujemo skrbno in v skladu s Splo\u0161no uredbo o varstvu podatkov ter drugimi pravnimi predpisi, ki urejajo podro\u010dje varstva osebnih podatkov.<\/p>\n<p><strong>Upravljavec osebnih podatkov<\/strong><\/p>\n<p>Upravljavec osebnih podatkov, pridobljenih na zgoraj navedenih spletnih mestih, ki jih obdelujemo skladno z internim pravilnikom je B4, d. o. o., \u010crnu\u0161ka cesta 9, Ljubljana, 1231 LJUBLJANA-\u010cRNU\u010cE.<\/p>\n<p><strong>Posredovanje osebnih podatkov tretjim osebam ali v tretje dr\u017eave<\/strong><\/p>\n<p>B4, d. o. o., ne posreduje osebnih podatkov tretjim osebam, v tretje dr\u017eave ali mednarodnim organizacijam, razen v primerih, ko nam posameznik to izrecno dovoli.<\/p>\n<p>Izjema so statisti\u010dni podatki o obisku in uporabi spletnih mest, za katere se uporabljajo spletne platforme Google Analytics, Facebook, Youtube, Instagram, Mailchimp za po\u0161iljanje elektronskih obvestil o novostih in ponudbah ter e-publikacij B4, d. o. o.<\/p>\n<p><strong>Vrste osebnih podatkov in nameni njihove obdelave<\/strong><\/p>\n<p>B4, d. o. o., zbira in obdeluje osebne podatke na podlagi privolitve posameznikov, sklenjenih pogodb oziroma za izvajanje aktivnosti pred sklenitvijo pogodbe, zakonitih interesov, za katere si prizadevamo, ter za izpolnitev zakonskih obveznosti, ki veljajo za nas.<\/p>\n<p><strong>Po\u0161iljanje novic, obvestil in promocij<\/strong><\/p>\n<ul>\n<li>elektronsko obve\u0161\u010danje o novostih in ponudbah B4, d. o. o.;<\/li>\n<li>telefonsko zbiranje naro\u010dil oziroma za tr\u017eenje tiskanih in digitalnih produktov B4, d. o. o.;<\/li>\n<li>po\u0161iljanje e-publikacij B4, d. o. o.<\/li>\n<\/ul>\n<p>Za namen dostave tiskanih edicij B4, d. o. o., na naro\u010dnikov naslov obdelujemo podatke: ime, priimek, polni naslov, telefon in e-naslov.<\/p>\n<p><strong>Nagradne igre<\/strong><\/p>\n<p>Posameznik s sodelovanjem v nagradni igri poda privolitev za obdelavo osebnih podatkov v namene izvedbe nagradne igre B4, d. o. o., kar zajema tudi obve\u0161\u010danje nagrajencev nagradne igre.<\/p>\n<p>Za izvedbo nagradne igre B4, d. o. o., zbira in obdeluje naslednje osebne podatke: ime, priimek, polni naslov, e-po\u0161ta, telefonska \u0161tevilka.<\/p>\n<p>Na podlagi privoljenja posameznika se pridobljeni podatki posredujejo naro\u010dnikom ali organizatorjem nagradne igre.<\/p>\n<p><strong>Izvajanje naro\u010dni\u0161kih razmerij<\/strong><\/p>\n<p>B4, d. o. o., obdeluje osebne podatke posameznikov na podlagi sklenjene pogodbe za namene izvajanja naro\u010dni\u0161kega razmerja.<\/p>\n<p>Osebni podatki posameznikov, ki jih obdelujemo za namen izvajanja naro\u010dni\u0161kih razmerij, so: ime, priimek, polni naslov, elektronska po\u0161ta, telefonska \u0161tevilka in dav\u010dna \u0161tevilka.<\/p>\n<p>Za namen dostave tiskanih edicij B4, d. o. o., na naro\u010dnikov naslov obdelujemo naslednje osebne podatke: ime, priimek, polni naslov.<\/p>\n<p><strong>Obdelava na podlagi zakonitih interesov<\/strong><\/p>\n<p>B4, d. o. o., zbira in obdeluje osebne podatke na podlagi zakonitih interesov, za katere si prizadevamo. Osebne podatke na podlagi zakonitih interesov zbiramo za naslednje namene:<\/p>\n<ul>\n<li>statisti\u010dna analiza obiskanih spletnih mest B4, d. o. o.;<\/li>\n<li>zagotavljanje in izbolj\u0161evanje na\u0161ih storitev;<\/li>\n<li>za zagotovitev varnosti na\u0161ih storitev in spletnih mest ter za\u0161\u010dito pred goljufijami, ne\u017eeleno po\u0161to, zlorabami itn.<\/li>\n<\/ul>\n<p>Za navedene namene zbiramo in obdelujemo naslednje osebne podatke: IP naslov, statisti\u010dni podatki o obisku spletnih mest B4, d. o. o., podatki o \u0161tevilu klikov, \u010das klika, podatki o vhodnih in izhodnih spletnih mestih, podatki o vrsti odjemalca.<\/p>\n<p>Osebni podatki, obdelani za zgoraj navedene namene, se ne povezujejo z osebnimi podatki dolo\u010dljivih posameznikov.<\/p>\n<p><strong>Obdelava na podlagi zakonskih obveznosti, ki veljajo za upravljavca<\/strong><\/p>\n<p>B4, d. o. o., zbira in obdeluje osebne podatke posameznikov na podlagi zakonskih obveznosti, ki veljajo za upravljavca, za naslednje namene: vodenje ra\u010dunovodskih evidenc, fakturiranje, izterjava dolga, seznam nagrajencev.<\/p>\n<p>Za navedene namene zbiramo in obdelujemo naslednje osebne podatke: ime, priimek, naslov, dav\u010dna \u0161tevilka.<\/p>\n<p><strong>Varstvo osebnih podatkov<\/strong><\/p>\n<p>B4, d. o. o., za zagotavljanje varovanja osebnih podatkov izvaja vse potrebne fizi\u010dne, tehni\u010dne in organizacijske postopke (prepre\u010duje nepoobla\u0161\u010den dostop do osebnih podatkov pri njihovem prenosu, vklju\u010dno s prenosom po telekomunikacijskih sredstvih in omre\u017ejih; zagotavlja u\u010dinkovit na\u010din arhiviranja, uni\u010denja, izbrisa ali anonimizacije osebnih podatkov; varujejo prostori, strojna in programska oprema)<\/p>\n<p>Osebni podatki posameznika, ki so pridobljeni na podlagi privolitve, se hranijo do 5 let od preklica posameznikove privolitve, samo \u010de tako dolo\u010da specialna zakonodaja ali v anonimizirani obliki.<\/p>\n<p>V primeru izterjave nepla\u010danih pogodbenih obveznosti pa 10 let po zaklju\u010dku sodnega postopka.<\/p>\n<p><strong>Pravice posameznika<\/strong><\/p>\n<p>Skladno z veljavno zakonodajo, ki ureja podro\u010dje varstva osebnih podatkov, ima posameznik naslednje pravice:<\/p>\n<p><strong>Pravica dostopa posameznika, na katerega se nana\u0161ajo osebni podatki<\/strong><\/p>\n<p>Posameznik, na katerega se nana\u0161ajo osebni podatki, ima pravico od upravljavca dobiti potrditev, ali se v zvezi z njim obdelujejo osebni podatki, in \u010de se, dostop do osebnih podatkov.<\/p>\n<p><strong>Pravica do popravka<\/strong><\/p>\n<p>Posameznik, na katerega se nana\u0161ajo osebni podatki, ima pravico dose\u010di, da upravljavec brez nepotrebnega odla\u0161anja popravi neto\u010dne osebne podatke v zvezi z njim.<\/p>\n<p><strong>Pravica do izbrisa<\/strong><\/p>\n<p>Posameznik, na katerega se nana\u0161ajo osebni podatki, ima pravico dose\u010di, da upravljavec brez nepotrebnega odla\u0161anja izbri\u0161e osebne podatke v zvezi z njim, upravljavec pa ima obveznost osebne podatke brez nepotrebnega odla\u0161anja izbrisati.<\/p>\n<p><strong>Pravica do omejitve obdelave<\/strong><\/p>\n<p>Posameznik, na katerega se nana\u0161ajo osebni podatki, ima pravico dose\u010di, da upravljavec omeji obdelavo, kadar posameznik oporeka to\u010dnosti podatkov, kadar je obdelava nezakonita in kadar nasprotuje njihovemu izbrisu ter namesto tega zahteva omejitev njihove uporabe, kadar vlo\u017ei ugovor v zvezi z njihovo obdelavo in kadar upravljavec osebnih podatkov ne potrebuje ve\u010d za namene obdelave, temve\u010d jih posameznik potrebuje za uveljavljanje, izvajanje ali obrambo zahtevkov.<\/p>\n<p><strong>Pravica do prenosljivosti podatkov<\/strong><\/p>\n<p>Posameznik, na katerega se nana\u0161ajo osebni podatki, ima pravico, da prejme osebne podatke v zvezi z njim, ki jih je posedoval upravljavcu, v strukturirani, splo\u0161no uporabljani in strojno berljivi obliki, in pravico, da te podatke posreduje drugemu upravljavcu, ne da bi ga upravljavec, ki so mu bili osebni podatki zagotovljeni, pri tem oviral.<\/p>\n<p><strong>Pravica do ugovora<\/strong><\/p>\n<p>Posameznik, na katerega se nana\u0161ajo osebni podatki, ima na podlagi razlogov, povezanih z njegovim posebnim polo\u017eajem, pravico, da kadarkoli ugovarja obdelavi osebnih podatkov v zvezi z njim, ki temelji na obdelavi, ki je potrebna zaradi zakonitih interesov upravljavca, vklju\u010dno z oblikovanjem profilov.<\/p>\n<p><strong>Na\u010din uveljavljanja pravic posameznikov<\/strong><\/p>\n<p>Posameznik, na katerega se nana\u0161ajo osebni podatki, lahko kadar koli uveljavlja pravice, ki mu pripadajo, skladno s Splo\u0161no uredbo o varstvu podatkov.<\/p>\n<p>To stori tako, da kadar koli po\u0161lje zahtevek za uveljavljanje pravic, ki mu pripadajo, na elektronski naslov info@b4.si<\/p>\n<p><strong>Pi\u0161kotki<\/strong><\/p>\n<p>Spletna mesta B4, d. o. o., za svoje nemoteno delovanje uporabljajo pi\u0161kotke. To so datoteke, ki se odlagajo na napravi uporabnika, s katero ta dostopa do spletnega portala. Z njimi se na uporabnikovi napravi hranijo unikatni podatki o uporabniku oziroma nastavitve, ki si jih je izbral na posameznem spletnem mestu.<\/p>\n<p><strong>Spremembe in veljavnost<\/strong><\/p>\n<p>B4, d. o. o., si pridr\u017euje pravico do spremembe Politike varstva zasebnosti, o \u010demer bomo izdali ustrezno obvestilo.<\/p>\n<p>&nbsp;<\/p>\n<p>[\/et_pb_text][et_pb_divider color=&#8220;#E09900&#8243; divider_style=&#8220;dashed&#8220; _builder_version=&#8220;4.24.0&#8243; _module_preset=&#8220;default&#8220; border_color_bottom=&#8220;#E09900&#8243; border_style_bottom=&#8220;dashed&#8220; global_colors_info=&#8220;{}&#8220;][\/et_pb_divider][\/et_pb_column][\/et_pb_row][\/et_pb_section]<\/p>\n","protected":false},"excerpt":{"rendered":"<p>Pravilnik o zasebnostiPolitika varstva zasebnosti velja za vsakega uporabnika naslednjih spletnih strani: b4.si. Uporabnik je vsaka pravna ali fizi\u010dna oseba, ki uporablja oziroma obi\u0161\u010de navedena spletna mesta. Z uporabo spletnih mest uporabnik potrjuje, da se strinja s Politiko varstva zasebnosti. Varstvo osebnih podatkov V podjetju B4, d. o. o., spo\u0161tujemo zasebnost in varnost osebnih podatkov. [&hellip;]<\/p>\n","protected":false},"author":1,"featured_media":0,"parent":0,"menu_order":0,"comment_status":"closed","ping_status":"closed","template":"","meta":{"_et_pb_use_builder":"on","_et_pb_old_content":"","_et_gb_content_width":"","footnotes":""},"class_list":["post-5049","page","type-page","status-publish","hentry"],"_links":{"self":[{"href":"https:\/\/www.b4.si\/de\/wp-json\/wp\/v2\/pages\/5049","targetHints":{"allow":["GET"]}}],"collection":[{"href":"https:\/\/www.b4.si\/de\/wp-json\/wp\/v2\/pages"}],"about":[{"href":"https:\/\/www.b4.si\/de\/wp-json\/wp\/v2\/types\/page"}],"author":[{"embeddable":true,"href":"https:\/\/www.b4.si\/de\/wp-json\/wp\/v2\/users\/1"}],"replies":[{"embeddable":true,"href":"https:\/\/www.b4.si\/de\/wp-json\/wp\/v2\/comments?post=5049"}],"version-history":[{"count":2,"href":"https:\/\/www.b4.si\/de\/wp-json\/wp\/v2\/pages\/5049\/revisions"}],"predecessor-version":[{"id":6292,"href":"https:\/\/www.b4.si\/de\/wp-json\/wp\/v2\/pages\/5049\/revisions\/6292"}],"wp:attachment":[{"href":"https:\/\/www.b4.si\/de\/wp-json\/wp\/v2\/media?parent=5049"}],"curies":[{"name":"wp","href":"https:\/\/api.w.org\/{rel}","templated":true}]}}