{"id":5537,"date":"2024-02-09T13:43:15","date_gmt":"2024-02-09T13:43:15","guid":{"rendered":"https:\/\/izhod.org\/b4\/o-podjetju\/"},"modified":"2025-10-30T19:04:19","modified_gmt":"2025-10-30T19:04:19","slug":"o-podjetju","status":"publish","type":"page","link":"https:\/\/www.b4.si\/de\/o-podjetju\/","title":{"rendered":"O podjetju"},"content":{"rendered":"<p>[et_pb_section fb_built=&#8220;1&#8243; custom_padding_last_edited=&#8220;on|phone&#8220; admin_label=&#8220;Body Sekcija&#8220; module_id=&#8220;round&#8220; module_class=&#8220;round&#8220; _builder_version=&#8220;4.24.0&#8243; _module_preset=&#8220;default&#8220; background_enable_image=&#8220;off&#8220; parallax=&#8220;on&#8220; width_tablet=&#8220;&#8220; width_phone=&#8220;&#8220; width_last_edited=&#8220;on|phone&#8220; module_alignment=&#8220;center&#8220; custom_margin_tablet=&#8220;&#8220; custom_margin_phone=&#8220;&#8220; custom_margin_last_edited=&#8220;on|tablet&#8220; custom_padding=&#8220;250px||0px||false|false&#8220; custom_padding_tablet=&#8220;300px||0px||false|false&#8220; custom_padding_phone=&#8220;300px||0px||false|false&#8220; top_divider_style=&#8220;waves2&#8243; top_divider_color=&#8220;#FFFFFF&#8220; global_colors_info=&#8220;{}&#8220;][et_pb_row _builder_version=&#8220;4.24.0&#8243; _module_preset=&#8220;default&#8220; global_colors_info=&#8220;{}&#8220;][et_pb_column type=&#8220;4_4&#8243; _builder_version=&#8220;4.24.0&#8243; _module_preset=&#8220;default&#8220; global_colors_info=&#8220;{}&#8220;][et_pb_slider dot_nav_custom_color=&#8220;RGBA(255,255,255,0)&#8220; _builder_version=&#8220;4.25.1&#8243; _module_preset=&#8220;default&#8220; height=&#8220;400px&#8220; height_tablet=&#8220;220px&#8220; height_phone=&#8220;159px&#8220; height_last_edited=&#8220;on|phone&#8220; header_font_size_tablet=&#8220;&#8220; header_font_size_phone=&#8220;8px&#8220; header_font_size_last_edited=&#8220;on|phone&#8220; global_colors_info=&#8220;{}&#8220;][et_pb_slide use_bg_overlay=&#8220;off&#8220; use_text_overlay=&#8220;off&#8220; _builder_version=&#8220;4.25.1&#8243; _module_preset=&#8220;default&#8220; background_enable_color=&#8220;off&#8220; background_image=&#8220;https:\/\/b4.si\/wp-content\/uploads\/2024\/05\/Skupinska-Mirc-e1715943314133.png&#8220; background_enable_image=&#8220;on&#8220; background_position=&#8220;top_center&#8220; global_colors_info=&#8220;{}&#8220; sticky_transition=&#8220;on&#8220;][\/et_pb_slide][et_pb_slide use_bg_overlay=&#8220;off&#8220; use_text_overlay=&#8220;off&#8220; _builder_version=&#8220;4.25.0&#8243; _module_preset=&#8220;default&#8220; background_enable_color=&#8220;off&#8220; background_image=&#8220;https:\/\/b4.si\/wp-content\/uploads\/2024\/05\/321244755_1583008115516949_4469536438027198013_n-e1715553550700.jpg&#8220; background_enable_image=&#8220;on&#8220; global_colors_info=&#8220;{}&#8220; sticky_transition=&#8220;on&#8220;][\/et_pb_slide][et_pb_slide use_bg_overlay=&#8220;off&#8220; use_text_overlay=&#8220;off&#8220; _builder_version=&#8220;4.24.2&#8243; _module_preset=&#8220;default&#8220; background_enable_color=&#8220;off&#8220; background_image=&#8220;https:\/\/b4.si\/wp-content\/uploads\/2024\/03\/Skupinska-vecerja.jpg&#8220; background_enable_image=&#8220;on&#8220; global_colors_info=&#8220;{}&#8220; sticky_transition=&#8220;on&#8220;][\/et_pb_slide][\/et_pb_slider][et_pb_text admin_label=&#8220;Naslov1&#8243; _builder_version=&#8220;4.25.1&#8243; _module_preset=&#8220;default&#8220; global_colors_info=&#8220;{}&#8220;]<\/p>\n<h2><strong><span>\u00dcBER DAS UNTERNEHMEN<\/span><\/strong><\/h2>\n<p>[\/et_pb_text][et_pb_text admin_label=&#8220;Besedilo1&#8243; _builder_version=&#8220;4.25.1&#8243; _module_preset=&#8220;default&#8220; global_colors_info=&#8220;{}&#8220;]<\/p>\n<p>B4 ist eine Agentur, die sich mit der Organisation von Sportveranstaltungen, der logistischen und organisatorischen Unterst\u00fctzung von Verb\u00e4nden und Vereinen, der Instandhaltung, dem Management, der Sanierung und dem Bau von Fu\u00dfballpl\u00e4tzen sowie mit touristischen Dienstleistungen befasst. Mit mehr als einem Jahrzehnt an Erfahrung gilt B4 als eines der f\u00fchrenden Unternehmen in ihrer Branche.test1<\/p>\n<p>[\/et_pb_text][et_pb_divider color=&#8220;#E09900&#8243; divider_style=&#8220;dashed&#8220; _builder_version=&#8220;4.24.0&#8243; _module_preset=&#8220;default&#8220; border_color_bottom=&#8220;#E09900&#8243; border_style_bottom=&#8220;dashed&#8220; global_colors_info=&#8220;{}&#8220;][\/et_pb_divider][et_pb_text admin_label=&#8220;Naslov2&#8243; _builder_version=&#8220;4.25.1&#8243; _module_preset=&#8220;default&#8220; custom_padding=&#8220;2px|||||&#8220; global_colors_info=&#8220;{}&#8220;]<\/p>\n<h2><strong><span>VISION, MISSION, WERTE<\/span><\/strong><\/h2>\n<p>[\/et_pb_text][et_pb_text admin_label=&#8220;Besedilo2&#8243; _builder_version=&#8220;4.24.0&#8243; _module_preset=&#8220;default&#8220; global_colors_info=&#8220;{}&#8220;]<\/p>\n<p>Gleich zu sein ist zwar komfortabel, aber der Weg zum Erfolg liegt darin, sich zu unterscheiden, etwas mehr zu bieten. Was hebt B4 von allen Anderen ab?<\/p>\n<p>Ganz einfach, weil wir jeden Morgen mit dem Ziel aufwachen, einen erstklassigen Service im Bereich des Sporttourismus zu leisten.<\/p>\n<p>Hinter unserem Wunsch, unsere Zielsetzung zu erreichen, verbergen sich jedoch viele Wertvorstellungen, die wir jeden Tag in unserer Arbeit versuchen zu verwirklichen. Unser kompromissloses Bestreben, einen hohen Standard zu bieten, der anderswo nicht zu erreichen ist. Die Sorgfalt f\u00fcr alle unsere au\u00dfergew\u00f6hnlichen Reiseziele, die sich immer wieder als hervorragende Austragungsorte f\u00fcr Sporttrainings und andere Veranstaltungen erweisen. Die Zusammenarbeit eines breit gef\u00e4cherten Mitarbeiterteams, das auf jedes Detail achtet, weil wir der Meinung sind, dass die Details am meisten z\u00e4hlen.<\/p>\n<p>Wir bauen unsere Vorstellungen auf dem Boden unserer strategischen Ausrichtung auf. Dabei st\u00fctzen wir uns auf das Vertrauen unserer Kunden und auf ein organisches Wachstum durch erfolgreiche Projektumsetzungen und Produkterweiterungen. Mit den F\u00fc\u00dfen fest auf dem Boden stehend, erklimmen wir stetig den mit M\u00fche und Hingabe gepflasterten Weg, um eine der f\u00fchrenden Agenturen in Europa zu werden.<\/p>\n<p>[\/et_pb_text][et_pb_divider color=&#8220;#E09900&#8243; divider_style=&#8220;dashed&#8220; _builder_version=&#8220;4.24.0&#8243; _module_preset=&#8220;default&#8220; border_color_bottom=&#8220;#E09900&#8243; border_style_bottom=&#8220;dashed&#8220; global_colors_info=&#8220;{}&#8220;][\/et_pb_divider][\/et_pb_column][\/et_pb_row][et_pb_row _builder_version=&#8220;4.24.0&#8243; _module_preset=&#8220;default&#8220; global_colors_info=&#8220;{}&#8220;][et_pb_column type=&#8220;4_4&#8243; _builder_version=&#8220;4.24.0&#8243; _module_preset=&#8220;default&#8220; global_colors_info=&#8220;{}&#8220;][et_pb_text admin_label=&#8220;Naslov3&#8243; _builder_version=&#8220;4.25.1&#8243; _module_preset=&#8220;default&#8220; custom_padding=&#8220;2px||20px||false|false&#8220; global_colors_info=&#8220;{}&#8220;]<\/p>\n<h2><strong><span>B4 UNTERNEHMENSGESCHICHTE<\/span><\/strong><\/h2>\n<p>[\/et_pb_text][\/et_pb_column][\/et_pb_row][et_pb_row column_structure=&#8220;1_3,2_3&#8243; _builder_version=&#8220;4.24.2&#8243; _module_preset=&#8220;default&#8220; global_colors_info=&#8220;{}&#8220;][et_pb_column type=&#8220;1_3&#8243; _builder_version=&#8220;4.24.0&#8243; _module_preset=&#8220;default&#8220; global_colors_info=&#8220;{}&#8220;][et_pb_image src=&#8220;https:\/\/www.b4.si\/wp-content\/uploads\/2025\/09\/B4_milestones_web_de.png&#8220; title_text=&#8220;B4_milestones_web_de&#8220; _builder_version=&#8220;4.27.4&#8243; _module_preset=&#8220;default&#8220; global_colors_info=&#8220;{}&#8220;][\/et_pb_image][\/et_pb_column][et_pb_column type=&#8220;2_3&#8243; _builder_version=&#8220;4.24.0&#8243; _module_preset=&#8220;default&#8220; global_colors_info=&#8220;{}&#8220;][et_pb_text admin_label=&#8220;Besedilo3&#8243; _builder_version=&#8220;4.24.0&#8243; _module_preset=&#8220;default&#8220; global_colors_info=&#8220;{}&#8220;]<\/p>\n<p><span style=\"font-size: 14px;\">In den fr\u00fchen Wintermonaten des Jahres 2012 begann in Ljubljana das erste Kapitel der Geschichte der B4 Agentur. Alles startete bescheiden, aber mit viel Enthusiasmus und Elan vor etwas mehr als einem Jahrzehnt. Vom B\u00fcro im Stadteil \u0160i\u0161ka in Ljubljana aus, welches damals noch zu Bravo1 unter der Marke B4Sport geh\u00f6rte, gingen E-Mails und Anrufe in ganz Slowenien und bald auch \u00fcber die Landesgrenzen hinaus.<\/span><br \/><span><\/span><\/p>\n<p><span><\/span><\/p>\n<p>Die erste Wintervorbereitung wurde in Zusammenarbeit mit den Nachwuchsmannschaften von NK Bravo, NK Celje und NK Dravograd organisiert. Durch unerm\u00fcdlichen Arbeitseifer und einen Hauch von Perfektionismus wurden in gro\u00dfen Schritten Fortschritte erzielt, sowohl in Bezug auf die Zahlen als auch auf das Ansehen bei den Kunden. Schon im n\u00e4chsten Sommer hatten wir die Mannschaft von HNK Rijeka unter der Leitung von Matja\u017e Kek in Kranjska Gora zu Gast. Seitdem ist der Kvarner-Klub ein treuer Gast bei uns, und seit zehn Jahren kommen sie immer wieder zum Training nach Slowenien. Im kroatischen Istrien, das im Winter zum Zentrum unserer Aktivit\u00e4ten wird, haben wir unseren Zielort in Vrsar zun\u00e4chst um Dajla erweitert, doch der gr\u00f6\u00dfte Sprung wurde mit der Expansion nach Umag gemacht, wo das Sportzentrum Stella Maris nach wie vor unsere Basis ist und das traditionelle Turnier Umag Trophy f\u00fcr junge Fu\u00dfballer ausgerichtet wird. In Slowenien wurde das alpine Tal im \u00e4u\u00dfersten Nordwesten des Landes durch das etablierte Tourismuszentrum im \u00e4u\u00dfersten S\u00fcdosten des Landes, n\u00e4mlich \u010cate\u017e ob Savi, erg\u00e4nzt.<\/p>\n<p><span>Die Erweiterung der Standorte erforderte zus\u00e4tzliches Personal. Im Jahr 2017 schloss sich Nata\u0161a Haski\u0107 dem Projekt als erstes Teammitglied au\u00dferhalb des Mutterunternehmens an.<\/span><\/p>\n<p><span>Sp\u00e4ter im selben Jahr<\/span>\u00a0war der T\u00e4tigkeitsbereich bereits weit \u00fcber die M\u00f6glichkeiten eines an einen Fu\u00dfballverein angeschlossenes Unternehmens hinausgewachsen. Der konzeptionelle und operative Leiter des Projekts, Timotej Krajnc, beschloss daher, seinen eigenen Weg zu gehen, und B4SportCamps d.o.o. wurde gegr\u00fcndet.<\/p>\n<p>Einer der wichtigsten Meilensteine in der Zeit nach der Gr\u00fcndung des neuen Unternehmens war die Investition in ein neues, eigenes Fu\u00dfballtrainingszentrum, n\u00e4mlich Gobele, in Kranjska Gora, das die Voraussetzungen bietet, das Dienstleistungsniveau anzuheben und Mannschaften aus den st\u00e4rkeren europ\u00e4ischen Ligen anzuziehen.<\/p>\n<p>W\u00e4hrend die Covid-Pandemie praktisch die gesamte Tourismusbranche und den gr\u00f6\u00dften Teil des \u00f6ffentlichen Lebens zum Erliegen brachte, ging unsere Agentur gest\u00e4rkt aus dieser schwierigen Zeit hervor.<\/p>\n<p>Mit Emir Haski\u0107 als Gesch\u00e4ftsf\u00fchrer, der mit seinem Wissen und seiner Erfahrung eine neue Vision und neuen Schwung mitgebracht hat, haben wir in der Wintervorbereitung 2021 18 Profiteams empfangen k\u00f6nnen.<\/p>\n<p>Gleichzeitig haben wir die Erweiterung auf neue M\u00e4rkte fortgesetzt, indem wir uns um weitere Profivereine k\u00fcmmerten, in den Markt f\u00fcr Nationalmannschaften eintraten, neue Destinationen hinzuf\u00fcgten und unsere Sportinfrastruktur ausbauten. Au\u00dferdem haben wir den Bau, die Instandhaltung und die Sanierung von Fu\u00dfballpl\u00e4tzen zu unseren Dienstleistungen hinzugef\u00fcgt. Die Ver\u00e4nderungen in der T\u00e4tigkeit der Agentur wurden der \u00d6ffentlichkeit Anfang 2022 n\u00e4her vorgestellt, als B4SportCamps offiziell zu B4 wurde, gest\u00e4rkt durch eine modernere visuelle Identit\u00e4t und konkrete Ziele f\u00fcr ihre vier Aktionsbereiche.<\/p>\n<p>Eines der j\u00fcngsten \u00f6ffentlichkeitswirksamen Projekte von B4 ist die offizielle Partnerschaft mit dem slowenischen Basketballverband, mit dem wir ma\u00dfgeblich an der Organisation der Basketball-Europameisterschaft der Frauen 2023 beteiligt waren.<\/p>\n<p>In den letzten Jahren haben wir weiterhin bekannte Produkte im Bereich Sportveranstaltungen entwickelt. Unter anderem feierten wir 2025 das zehnj\u00e4hrige Jubil\u00e4um des Umag Trophy-Turniers f\u00fcr junge Fu\u00dfballer und organisierten die siebte und vierte Ausgabe der Slovenia Nations Cup-Turniere f\u00fcr M\u00e4nner- und Frauenfu\u00dfballnationalmannschaften unter 19 Jahren. Wir haben unsere Strategie best\u00e4tigt, einem breiteren Spektrum von Sportarten zus\u00e4tzliche Aufmerksamkeit zu schenken, indem wir das traditionelle Futsal-Turnier Istria Nations Cup weiterentwickelt und mit der Organisation FNC bei der Ausrichtung von Mixed-Martial-Arts-Spektakeln in Sto\u017eice zusammengearbeitet haben.<\/p>\n<p>&nbsp;<\/p>\n<p><span><\/span><\/p>\n<p><span><\/span><\/p>\n<p><span><\/span><\/p>\n<p><span><\/span><\/p>\n<p><span><\/span><\/p>\n<p><span><\/span><\/p>\n<p><span><\/span><\/p>\n<p>[\/et_pb_text][\/et_pb_column][\/et_pb_row][\/et_pb_section]<\/p>\n","protected":false},"excerpt":{"rendered":"<p>\u00dcBER DAS UNTERNEHMENB4 ist eine Agentur, die sich mit der Organisation von Sportveranstaltungen, der logistischen und organisatorischen Unterst\u00fctzung von Verb\u00e4nden und Vereinen, der Instandhaltung, dem Management, der Sanierung und dem Bau von Fu\u00dfballpl\u00e4tzen sowie mit touristischen Dienstleistungen befasst. Mit mehr als einem Jahrzehnt an Erfahrung gilt B4 als eines der f\u00fchrenden Unternehmen in ihrer Branche.test1VISION, [&hellip;]<\/p>\n","protected":false},"author":1,"featured_media":0,"parent":0,"menu_order":0,"comment_status":"closed","ping_status":"closed","template":"","meta":{"_et_pb_use_builder":"on","_et_pb_old_content":"","_et_gb_content_width":"","footnotes":""},"class_list":["post-5537","page","type-page","status-publish","hentry"],"_links":{"self":[{"href":"https:\/\/www.b4.si\/de\/wp-json\/wp\/v2\/pages\/5537","targetHints":{"allow":["GET"]}}],"collection":[{"href":"https:\/\/www.b4.si\/de\/wp-json\/wp\/v2\/pages"}],"about":[{"href":"https:\/\/www.b4.si\/de\/wp-json\/wp\/v2\/types\/page"}],"author":[{"embeddable":true,"href":"https:\/\/www.b4.si\/de\/wp-json\/wp\/v2\/users\/1"}],"replies":[{"embeddable":true,"href":"https:\/\/www.b4.si\/de\/wp-json\/wp\/v2\/comments?post=5537"}],"version-history":[{"count":11,"href":"https:\/\/www.b4.si\/de\/wp-json\/wp\/v2\/pages\/5537\/revisions"}],"predecessor-version":[{"id":10240,"href":"https:\/\/www.b4.si\/de\/wp-json\/wp\/v2\/pages\/5537\/revisions\/10240"}],"wp:attachment":[{"href":"https:\/\/www.b4.si\/de\/wp-json\/wp\/v2\/media?parent=5537"}],"curies":[{"name":"wp","href":"https:\/\/api.w.org\/{rel}","templated":true}]}}