{"id":6559,"date":"2024-02-15T10:28:28","date_gmt":"2024-02-15T10:28:28","guid":{"rendered":"https:\/\/izhod.org\/b4\/dogodki\/"},"modified":"2024-06-11T00:48:40","modified_gmt":"2024-06-11T00:48:40","slug":"dogodki","status":"publish","type":"page","link":"https:\/\/www.b4.si\/de\/dogodki\/","title":{"rendered":"Dogodki"},"content":{"rendered":"<p>[et_pb_section fb_built=&#8220;1&#8243; custom_padding_last_edited=&#8220;on|phone&#8220; admin_label=&#8220;Body Sekcija&#8220; module_id=&#8220;round&#8220; module_class=&#8220;round&#8220; _builder_version=&#8220;4.24.0&#8243; _module_preset=&#8220;default&#8220; background_enable_image=&#8220;off&#8220; parallax=&#8220;on&#8220; width_tablet=&#8220;&#8220; width_phone=&#8220;&#8220; width_last_edited=&#8220;on|phone&#8220; module_alignment=&#8220;center&#8220; custom_margin_tablet=&#8220;&#8220; custom_margin_phone=&#8220;&#8220; custom_margin_last_edited=&#8220;on|tablet&#8220; custom_padding=&#8220;250px||0px||false|false&#8220; custom_padding_tablet=&#8220;300px||0px||false|false&#8220; custom_padding_phone=&#8220;300px||0px||false|false&#8220; top_divider_style=&#8220;waves2&#8243; top_divider_color=&#8220;#FFFFFF&#8220; global_colors_info=&#8220;{}&#8220;][et_pb_row _builder_version=&#8220;4.24.0&#8243; _module_preset=&#8220;default&#8220; global_colors_info=&#8220;{}&#8220;][et_pb_column type=&#8220;4_4&#8243; _builder_version=&#8220;4.24.0&#8243; _module_preset=&#8220;default&#8220; global_colors_info=&#8220;{}&#8220;][et_pb_slider dot_nav_custom_color=&#8220;RGBA(255,255,255,0)&#8220; _builder_version=&#8220;4.25.0&#8243; _module_preset=&#8220;default&#8220; height=&#8220;400px&#8220; height_tablet=&#8220;220px&#8220; height_phone=&#8220;159px&#8220; height_last_edited=&#8220;on|phone&#8220; global_colors_info=&#8220;{}&#8220;][et_pb_slide use_bg_overlay=&#8220;off&#8220; use_text_overlay=&#8220;off&#8220; _builder_version=&#8220;4.25.0&#8243; _module_preset=&#8220;default&#8220; background_enable_color=&#8220;off&#8220; background_image=&#8220;https:\/\/b4.si\/wp-content\/uploads\/2024\/03\/DSC_2640-1.jpg&#8220; background_enable_image=&#8220;on&#8220; global_colors_info=&#8220;{}&#8220; sticky_transition=&#8220;on&#8220;][\/et_pb_slide][et_pb_slide use_bg_overlay=&#8220;off&#8220; use_text_overlay=&#8220;off&#8220; _builder_version=&#8220;4.25.0&#8243; _module_preset=&#8220;default&#8220; background_enable_color=&#8220;off&#8220; background_image=&#8220;https:\/\/b4.si\/wp-content\/uploads\/2024\/03\/434323769_18053945377578532_595331523546096762_n-2.jpg&#8220; background_enable_image=&#8220;on&#8220; global_colors_info=&#8220;{}&#8220; sticky_transition=&#8220;on&#8220;][\/et_pb_slide][et_pb_slide use_bg_overlay=&#8220;off&#8220; use_text_overlay=&#8220;off&#8220; _builder_version=&#8220;4.25.0&#8243; _module_preset=&#8220;default&#8220; background_enable_color=&#8220;off&#8220; background_image=&#8220;https:\/\/b4.si\/wp-content\/uploads\/2024\/05\/UT24_U10_11_OTVORITEV_079-scaled.jpg&#8220; background_enable_image=&#8220;on&#8220; global_colors_info=&#8220;{}&#8220; sticky_transition=&#8220;on&#8220;][\/et_pb_slide][\/et_pb_slider][et_pb_text admin_label=&#8220;Naslov1&#8243; _builder_version=&#8220;4.25.1&#8243; _module_preset=&#8220;default&#8220; global_colors_info=&#8220;{}&#8220;]<\/p>\n<h2><strong><span>VERANSTALTUNGEN<\/span><\/strong><\/h2>\n<p>[\/et_pb_text][et_pb_text admin_label=&#8220;Besedilo1&#8243; _builder_version=&#8220;4.24.0&#8243; _module_preset=&#8220;default&#8220; global_colors_info=&#8220;{}&#8220;]<\/p>\n<p>In unserer zunehmend digitalisierten Welt sind Events eine einzigartige Gelegenheit, dem Alltag zu entfliehen und unbezahlbare Erinnerungen zu schaffen. Im Sport sind Veranstaltungen wie Matches und Turniere der H\u00f6hepunkt einer jeden Woche, eines jeden Monats und einer jeden Saison, und in der Unternehmenswelt sind sie eine Chance, neue Kenntnisse und Kontakte zu gewinnen und den Zusammenhalt im Team zu st\u00e4rken.<\/p>\n<p>Je nach Zielpublikum und Art der Veranstaltung unterteilen wir sie in vier Bereiche. F\u00fcr weitere Informationen zu einem dieser Bereiche kontaktieren Sie uns bitte unter events@b4.si<\/p>\n<p>[\/et_pb_text][et_pb_divider color=&#8220;#E09900&#8243; divider_style=&#8220;dashed&#8220; _builder_version=&#8220;4.24.0&#8243; _module_preset=&#8220;default&#8220; border_color_bottom=&#8220;#E09900&#8243; border_style_bottom=&#8220;dashed&#8220; global_colors_info=&#8220;{}&#8220;][\/et_pb_divider][et_pb_text admin_label=&#8220;Naslov2&#8243; _builder_version=&#8220;4.25.1&#8243; _module_preset=&#8220;default&#8220; custom_padding=&#8220;2px|||||&#8220; global_colors_info=&#8220;{}&#8220;]<\/p>\n<h2><strong><span>SPORTVERANSTALTUNGEN<\/span><\/strong><\/h2>\n<p>[\/et_pb_text][et_pb_text admin_label=&#8220;Besedilo2&#8243; _builder_version=&#8220;4.25.1&#8243; _module_preset=&#8220;default&#8220; global_colors_info=&#8220;{}&#8220;]<\/p>\n<p>Egal, ob es sich um ein Freundschaftsspiel zwischen Sch\u00fclerteams, ein Duell zwischen den besten Nachwuchstalenten der gr\u00f6\u00dften europ\u00e4ischen Vereine in Umag oder ein UEFA-Qualifikationsturnier handelt, unser Organisationsansatz ist immer derselbe &#8211; engagiert, konsequent und anpassungsf\u00e4hig an die Bed\u00fcrfnisse der Teilnehmer. Durch unsere umfassende Kenntnis der Sport- und Hotelinfrastruktur in unseren Zielgebieten und unsere intensive Besch\u00e4ftigung mit allen Aspekten des Sporttourismus konnten wir bisher, Kunden wie zum Beispiel die franz\u00f6sischen, italienischen und portugiesischen Fu\u00dfballverb\u00e4nde, europ\u00e4ische Vereinsgiganten wie Barcelona, Juventus, Inter, AC Mailand und Arsenal sowie Vertreter von internationalen Dachverb\u00e4nden wie UEFA und FIBA \u00fcberzeugen.<\/p>\n<p>Ein Markenzeichen von B4 sind unsere Moderatoren, die neben den &#8220; Vortragenden &#8220; und DJs, die bei unseren Veranstaltungen f\u00fcr Atmosph\u00e4re sorgen, im Laufe der Jahre auch Live-Streaming, ein Rahmenprogramm sowie Er\u00f6ffnungs- und Abschlusszeremonien in das Veranstaltungsprogramm aufgenommen haben.<\/p>\n<p>[\/et_pb_text][et_pb_divider color=&#8220;#E09900&#8243; divider_style=&#8220;dashed&#8220; _builder_version=&#8220;4.24.0&#8243; _module_preset=&#8220;default&#8220; border_color_bottom=&#8220;#E09900&#8243; border_style_bottom=&#8220;dashed&#8220; global_colors_info=&#8220;{}&#8220;][\/et_pb_divider][et_pb_text admin_label=&#8220;Naslov3&#8243; _builder_version=&#8220;4.25.1&#8243; _module_preset=&#8220;default&#8220; custom_padding=&#8220;2px|||||&#8220; global_colors_info=&#8220;{}&#8220;]<\/p>\n<h2><strong><span>FIRMENVERANSTALTUNGEN<\/span><\/strong><\/h2>\n<p>[\/et_pb_text][et_pb_text admin_label=&#8220;Besedilo3&#8243; _builder_version=&#8220;4.24.0&#8243; _module_preset=&#8220;default&#8220; global_colors_info=&#8220;{}&#8220;]<\/p>\n<p>In letzter Zeit organisieren Unternehmen und Organisationen viele Veranstaltungen f\u00fcr ihre Mitarbeiter, die oft nicht zur G\u00e4nze zur Begeisterung der Teilnehmer ausfallen und dem Organisator nicht selten eine Menge Kopfschmerzen bereiten.<\/p>\n<p>In Zusammenarbeit mit B4 brauchen Sie dieses Szenario nicht zu bef\u00fcrchten. Aus ihrem stinknormalen Firmenpicknick oder der gew\u00f6hnlichen Silvesterparty machen wir eine Veranstaltung mit viel Pep und Wiedererkennungswert. Unser Team aus erfahrenen Fachleuten organisiert Ihre Veranstaltung in einer Sportanlage, die wir f\u00fcr Ihren Anlass in ein einzigartiges Ambiente verwandelt wird.<\/p>\n<p>Neben allen Sportarten und Spielen, sowohl in der Halle als auch im Freien, k\u00f6nnen wir auch verschiedene Teambuilding-Programme organisieren. Selbstverst\u00e4ndlich vergessen wir neben dem sportlichen Teil auch die Unterhaltung nicht. Wir k\u00fcmmern uns nicht nur um die Organisation des Wettbewerbs, die Jury und die Preise, sondern auch um die musikalischen Darbietungen und die energetische Integration der Veranstaltung. Bei uns l\u00e4uft die gesamte Organisation in einer Hand zusammen, so dass Sie sich keine Sorgen mehr machen m\u00fcssen.<\/p>\n<p>An einzigartigen Orten in Slowenien und Kroatien w\u00e4hlen wir f\u00fcr Sie das perfekte Ambiente, um kreative und unterschiedliche Ideen zu entwickeln, und das zu jeder Jahreszeit. Ein Ansprechpartner f\u00fcr Sie und ein erfahrenes, breit aufgestelltes Team, das auf Qualit\u00e4t in der Ausf\u00fchrung schw\u00f6rt. Zu unserem Angebot geh\u00f6rt auch eine Vielzahl von Catering-Optionen, bei denen unsere Partner mit kulinarischen Meistern eine hervorragende Auswahl an Gerichten f\u00fcr Sie zubereiten.\u00a0<\/p>\n<p>Unsere Dienstleistungen:<\/p>\n<p>&#8211; Exzellente Unterkunft mit Verpflegung ( Wir \u00fcbernehmen f\u00fcr Sie die Anmeldungen und entlasten Sie vom Schriftverkehr mit den Hotels)<br \/>&#8211; Konzeption und Programm der Veranstaltung<br \/>&#8211; Reservierung der Sportinfrastruktur<br \/>&#8211; Organisation des Wettkampfs (Wettkampfsystem &#8211; M\u00f6glichkeit einer Online-Anmeldung zur \u00dcberwachung der Ergebnisse; Schiedsrichter, Preise und Auszeichnungen, Networking, zus\u00e4tzliche Animation)<br \/>&#8211; Kulinarik am Veranstaltungsort<br \/>&#8211; Unterhaltungsprogramm (Musik, Auff\u00fchrungen)<br \/>&#8211; Transfers (Autos, Transporter, Busse)\u00a0<\/p>\n<p>F\u00fcr jede Veranstaltung gehen wir individuell auf Ihre W\u00fcnsche ein und entwerfen ein Programm, welches Ihre Veranstaltung zu einem unvergesslichen Erlebnis f\u00fcr alle Teilnehmer macht.\u00a0<\/p>\n<p>&#8230;\u00fcberlassen Sie uns die organisatorischen Sorgen, Ihre einzige Sorge sollte die Entspannung sein&#8230;<\/p>\n<p>[\/et_pb_text][et_pb_divider color=&#8220;#E09900&#8243; divider_style=&#8220;dashed&#8220; _builder_version=&#8220;4.24.0&#8243; _module_preset=&#8220;default&#8220; border_color_bottom=&#8220;#E09900&#8243; border_style_bottom=&#8220;dashed&#8220; global_colors_info=&#8220;{}&#8220;][\/et_pb_divider][et_pb_text admin_label=&#8220;Naslov4&#8243; _builder_version=&#8220;4.24.0&#8243; _module_preset=&#8220;default&#8220; custom_padding=&#8220;2px|||||&#8220; global_colors_info=&#8220;{}&#8220;]<\/p>\n<h2><strong><span>KONGRESS-VERANSTALTUNGEN<\/span><\/strong><\/h2>\n<p>[\/et_pb_text][et_pb_text admin_label=&#8220;Besedilo4&#8243; _builder_version=&#8220;4.25.1&#8243; _module_preset=&#8220;default&#8220; hover_enabled=&#8220;0&#8243; global_colors_info=&#8220;{}&#8220; sticky_enabled=&#8220;0&#8243;]<\/p>\n<p>Kongresse sind eine besondere Art von Gesch\u00e4fts- und Berufstreffen, bei denen sich die Teilnehmer zum Austausch von Wissen, Erfahrungen und Meinungen zu einem bestimmten Thema treffen. Bei Kongressen kommen in der Regel Experten aus derselben oder verwandten Branchen zusammen, um zu diskutieren, Forschungsergebnisse zu pr\u00e4sentieren und Gesch\u00e4ftskontakte zu f\u00f6rdern. In Zusammenarbeit mit unseren Hotelpartnern k\u00f6nnen wir eint\u00e4gige Seminare oder mehrt\u00e4gige Kongresse an idyllischen Orten in Slowenien und Kroatien veranstalten.<\/p>\n<p>Klimatisierte Tagungsr\u00e4ume mit modernster audiovisueller Technik sorgen f\u00fcr komfortable und angenehme Vortr\u00e4ge, w\u00e4hrend sorgf\u00e4ltig ausgew\u00e4hlte kulinarische Angebote Ihre Pausen w\u00e4hrend der Veranstaltung bereichern werden.<\/p>\n<p>Unser Team begleitet Sie von der ersten Idee und dem Bedarf an der Veranstaltung bis hin zur eigentlichen Durchf\u00fchrung &#8211; wir k\u00fcmmern uns um die geeignete Location und deren Vorbereitung (genaue Aufteilung der Tagungsr\u00e4ume, Technik am Veranstaltungsort &#8211; wir bieten auch Simultan\u00fcbersetzungen an), ein attraktives kulinarisches Angebot f\u00fcr Kaffeepausen, Mittagessen und Galadinner, den geselligen Teil des Programms mit Musik und F\u00fchrung sowie verschiedene Teambuilding-Programme.<\/p>\n<p>[\/et_pb_text][et_pb_divider color=&#8220;#E09900&#8243; divider_style=&#8220;dashed&#8220; _builder_version=&#8220;4.24.0&#8243; _module_preset=&#8220;default&#8220; border_color_bottom=&#8220;#E09900&#8243; border_style_bottom=&#8220;dashed&#8220; global_colors_info=&#8220;{}&#8220;][\/et_pb_divider][et_pb_text admin_label=&#8220;Naslov4&#8243; _builder_version=&#8220;4.24.0&#8243; _module_preset=&#8220;default&#8220; custom_padding=&#8220;2px|||||&#8220; global_colors_info=&#8220;{}&#8220;]<\/p>\n<h2><strong><span>ENTERTAINMENT-VERANSTALTUNGEN<\/span><\/strong><\/h2>\n<p>[\/et_pb_text][et_pb_text admin_label=&#8220;Besedilo4&#8243; _builder_version=&#8220;4.25.1&#8243; _module_preset=&#8220;default&#8220; hover_enabled=&#8220;0&#8243; global_colors_info=&#8220;{}&#8220; sticky_enabled=&#8220;0&#8243;]<\/p>\n<p>Harte Arbeit sollte mit einer entspannten Party belohnt werden. Und wir garantieren, dass eine Party mit uns entspannt, einzigartig, voller \u00dcberraschungen und definitiv unvergesslich sein wird.<\/p>\n<p>Wir organisieren sowohl den formellen als auch den geselligen Teil der Party f\u00fcr unsere Kunden. Wir nehmen Ihnen die Last ab, den Veranstaltungsort zu mieten, den DJ oder die Band zu buchen, das Catering und die Festtorte zu bestellen, die Hostessen zu organisieren, den Veranstaltungsort zu dekorieren, die Einladungen zu gestalten und alle anderen Details nach den W\u00fcnschen jedes Einzelnen zu gestalten. Jede Veranstaltung wird mit einer professionellen Fotogalerie und einem abschlie\u00dfenden Afterparty-Video begleitet.<\/p>\n<p>Wir organisieren Picknicks, Geburtstagsfeiern, Hochzeiten und Silvesterpartys. Wir gehen auf jede Veranstaltung individuell ein und machen sie mit sorgf\u00e4ltig ausgew\u00e4hlten Details unvergesslich.<\/p>\n<p><span><\/span><\/p>\n<p><span><\/span><\/p>\n<p><span><\/span><\/p>\n<p><span><\/span><\/p>\n<p>[\/et_pb_text][et_pb_divider color=&#8220;#E09900&#8243; divider_style=&#8220;dashed&#8220; _builder_version=&#8220;4.24.0&#8243; _module_preset=&#8220;default&#8220; border_color_bottom=&#8220;#E09900&#8243; border_style_bottom=&#8220;dashed&#8220; global_colors_info=&#8220;{}&#8220;][\/et_pb_divider][\/et_pb_column][\/et_pb_row][\/et_pb_section]<\/p>\n","protected":false},"excerpt":{"rendered":"<p>VERANSTALTUNGENIn unserer zunehmend digitalisierten Welt sind Events eine einzigartige Gelegenheit, dem Alltag zu entfliehen und unbezahlbare Erinnerungen zu schaffen. Im Sport sind Veranstaltungen wie Matches und Turniere der H\u00f6hepunkt einer jeden Woche, eines jeden Monats und einer jeden Saison, und in der Unternehmenswelt sind sie eine Chance, neue Kenntnisse und Kontakte zu gewinnen und den [&hellip;]<\/p>\n","protected":false},"author":1,"featured_media":0,"parent":0,"menu_order":0,"comment_status":"closed","ping_status":"closed","template":"","meta":{"_et_pb_use_builder":"on","_et_pb_old_content":"","_et_gb_content_width":"","footnotes":""},"class_list":["post-6559","page","type-page","status-publish","hentry"],"_links":{"self":[{"href":"https:\/\/www.b4.si\/de\/wp-json\/wp\/v2\/pages\/6559","targetHints":{"allow":["GET"]}}],"collection":[{"href":"https:\/\/www.b4.si\/de\/wp-json\/wp\/v2\/pages"}],"about":[{"href":"https:\/\/www.b4.si\/de\/wp-json\/wp\/v2\/types\/page"}],"author":[{"embeddable":true,"href":"https:\/\/www.b4.si\/de\/wp-json\/wp\/v2\/users\/1"}],"replies":[{"embeddable":true,"href":"https:\/\/www.b4.si\/de\/wp-json\/wp\/v2\/comments?post=6559"}],"version-history":[{"count":2,"href":"https:\/\/www.b4.si\/de\/wp-json\/wp\/v2\/pages\/6559\/revisions"}],"predecessor-version":[{"id":7447,"href":"https:\/\/www.b4.si\/de\/wp-json\/wp\/v2\/pages\/6559\/revisions\/7447"}],"wp:attachment":[{"href":"https:\/\/www.b4.si\/de\/wp-json\/wp\/v2\/media?parent=6559"}],"curies":[{"name":"wp","href":"https:\/\/api.w.org\/{rel}","templated":true}]}}