{"id":6562,"date":"2024-02-15T10:22:42","date_gmt":"2024-02-15T10:22:42","guid":{"rendered":"https:\/\/izhod.org\/b4\/priprave\/"},"modified":"2024-07-05T13:22:31","modified_gmt":"2024-07-05T13:22:31","slug":"vorbereitungen","status":"publish","type":"page","link":"https:\/\/www.b4.si\/de\/vorbereitungen\/","title":{"rendered":"Priprave"},"content":{"rendered":"<p>[et_pb_section fb_built=&#8220;1&#8243; custom_padding_last_edited=&#8220;on|phone&#8220; admin_label=&#8220;Body Sekcija&#8220; module_id=&#8220;round&#8220; module_class=&#8220;round&#8220; _builder_version=&#8220;4.24.0&#8243; _module_preset=&#8220;default&#8220; background_enable_image=&#8220;off&#8220; parallax=&#8220;on&#8220; width_tablet=&#8220;&#8220; width_phone=&#8220;&#8220; width_last_edited=&#8220;on|phone&#8220; module_alignment=&#8220;center&#8220; custom_margin_tablet=&#8220;&#8220; custom_margin_phone=&#8220;&#8220; custom_margin_last_edited=&#8220;on|tablet&#8220; custom_padding=&#8220;250px||0px||false|false&#8220; custom_padding_tablet=&#8220;300px||0px||false|false&#8220; custom_padding_phone=&#8220;300px||0px||false|false&#8220; top_divider_style=&#8220;waves2&#8243; top_divider_color=&#8220;#FFFFFF&#8220; global_colors_info=&#8220;{}&#8220;][et_pb_row _builder_version=&#8220;4.24.0&#8243; _module_preset=&#8220;default&#8220; global_colors_info=&#8220;{}&#8220;][et_pb_column type=&#8220;4_4&#8243; _builder_version=&#8220;4.24.0&#8243; _module_preset=&#8220;default&#8220; global_colors_info=&#8220;{}&#8220;][et_pb_slider dot_nav_custom_color=&#8220;RGBA(255,255,255,0)&#8220; _builder_version=&#8220;4.25.1&#8243; _module_preset=&#8220;default&#8220; height=&#8220;400px&#8220; height_tablet=&#8220;220px&#8220; height_phone=&#8220;159px&#8220; height_last_edited=&#8220;on|phone&#8220; header_font_size_tablet=&#8220;&#8220; header_font_size_phone=&#8220;8px&#8220; header_font_size_last_edited=&#8220;on|phone&#8220; global_colors_info=&#8220;{}&#8220;][et_pb_slide use_bg_overlay=&#8220;off&#8220; use_text_overlay=&#8220;off&#8220; _builder_version=&#8220;4.25.1&#8243; _module_preset=&#8220;default&#8220; background_enable_color=&#8220;off&#8220; background_image=&#8220;https:\/\/b4.si\/wp-content\/uploads\/2024\/05\/DSC_4907.jpg&#8220; background_enable_image=&#8220;on&#8220; global_colors_info=&#8220;{}&#8220; sticky_transition=&#8220;on&#8220;][\/et_pb_slide][et_pb_slide use_bg_overlay=&#8220;off&#8220; use_text_overlay=&#8220;off&#8220; _builder_version=&#8220;4.25.1&#8243; _module_preset=&#8220;default&#8220; background_enable_color=&#8220;off&#8220; background_image=&#8220;https:\/\/b4.si\/wp-content\/uploads\/2024\/05\/DSC_3772-e1715622231525.jpg&#8220; background_enable_image=&#8220;on&#8220; background_position=&#8220;top_center&#8220; background_vertical_offset=&#8220;4%&#8220; global_colors_info=&#8220;{}&#8220; sticky_transition=&#8220;on&#8220;][\/et_pb_slide][et_pb_slide use_bg_overlay=&#8220;off&#8220; use_text_overlay=&#8220;off&#8220; _builder_version=&#8220;4.25.1&#8243; _module_preset=&#8220;default&#8220; background_enable_color=&#8220;off&#8220; background_image=&#8220;https:\/\/b4.si\/wp-content\/uploads\/2024\/05\/DSC_7421.jpg&#8220; background_enable_image=&#8220;on&#8220; background_position=&#8220;top_center&#8220; global_colors_info=&#8220;{}&#8220; sticky_transition=&#8220;on&#8220;][\/et_pb_slide][\/et_pb_slider][et_pb_text admin_label=&#8220;Naslov1&#8243; _builder_version=&#8220;4.25.1&#8243; _module_preset=&#8220;default&#8220; hover_enabled=&#8220;0&#8243; global_colors_info=&#8220;{}&#8220; sticky_enabled=&#8220;0&#8243;]<\/p>\n<h2><strong><span>VORBEREITUNGEN<\/span><\/strong><\/h2>\n<p>[\/et_pb_text][et_pb_text admin_label=&#8220;Besedilo1&#8243; _builder_version=&#8220;4.24.0&#8243; _module_preset=&#8220;default&#8220; global_colors_info=&#8220;{}&#8220;]<\/p>\n<p class=\"MsoNormal\" style=\"background-color: white;\"><span lang=\"DE\" style=\"font-size: 11.0pt; font-family: 'Arial',sans-serif; mso-fareast-font-family: 'Times New Roman'; color: black; mso-font-kerning: 0pt; mso-ligatures: none; mso-fareast-language: DE;\">W\u00e4hrend jeder Winter- und Sommerpause eines jeden Spieljahres kommen Hunderte von Mannschaften aus verschiedenen Sportarten zusammen, um sich vorzubereiten. Sie suchen nach g\u00fcnstigen Trainingsbedingungen, nach geeigneten Trainingsgegnern f\u00fcr deren Vorbereitungsk\u00e4mpfe und nach M\u00f6glichkeiten, den Teamgeist zwischen den einzelnen Mannschaftsmitgliedern zu verbessern.<o:p><\/o:p><\/span><\/p>\n<p class=\"MsoNormal\" style=\"background-color: white;\"><span lang=\"DE\" style=\"font-size: 11.0pt; font-family: 'Arial',sans-serif; mso-fareast-font-family: 'Times New Roman'; color: black; mso-font-kerning: 0pt; mso-ligatures: none; mso-fareast-language: DE;\">Trainingslager sind ein fester Bestandteil aller Spitzenvereine und vieler Amateur- und Jugendmannschaften, aber nicht jedes Trainingslager ist gleich.<o:p><\/o:p><\/span><\/p>\n<p class=\"MsoNormal\" style=\"background-color: white;\"><span lang=\"DE\" style=\"font-size: 11.0pt; font-family: 'Arial',sans-serif; mso-fareast-font-family: 'Times New Roman'; color: black; mso-font-kerning: 0pt; mso-ligatures: none; mso-fareast-language: DE;\">Und genau hier kommen wir ins Spiel. Die Organisation von Sporttrainingslagern ist das Aush\u00e4ngeschild von B4, die wichtigste St\u00fctze des Unternehmens und die Hauptt\u00e4tigkeit, mit der es sich seit seiner Gr\u00fcndung befasst. Zahlreiche erfolgreiche Vereine aus der Region und ganz Europa vertrauen uns, darunter Luton Town, Trabzonspor, Le Havre AC, Dinamo Zagreb, Hajduk Split, Sturm Graz, Rijeka, Fehervar, MTK Budapest, Osijek, Istanbul Basaksehir, Neftci Baku und Dutzende anderer Profivereine. Wir k\u00f6nnen mit gutem Gewissen behaupten, dass heute kein Verein zu gro\u00df (organisatorischer Aufwand) und keiner zu klein ist, um ihm nicht das h\u00f6chste Serviceniveau zu bieten.<o:p><\/o:p><\/span><\/p>\n<p class=\"MsoNormal\" style=\"background-color: white;\"><span lang=\"DE\" style=\"font-size: 11.0pt; font-family: 'Arial',sans-serif; mso-fareast-font-family: 'Times New Roman'; color: black; mso-font-kerning: 0pt; mso-ligatures: none; mso-fareast-language: DE;\"><strong>Fragen Sie sich, warum diese Vereine uns vertrauen?<\/strong><o:p><\/o:p><\/span><\/p>\n<p class=\"MsoNormal\" style=\"background-color: white;\"><span lang=\"DE\" style=\"font-size: 11.0pt; font-family: 'Arial',sans-serif; mso-fareast-font-family: 'Times New Roman'; color: black; mso-font-kerning: 0pt; mso-ligatures: none; mso-fareast-language: DE;\">Daf\u00fcr gibt es mehrere Gr\u00fcnde. Wir setzen auf Qualit\u00e4t. Dies ist seit jeher unser Leitprinzip, sowohl bei der Vorbereitung von Fu\u00dfballpl\u00e4tzen und anderen Sportinfrastrukturen als auch bei der Organisation von Vorbereitungsspielen und bei Hoteldienstleistungen.<\/span><span lang=\"DE\" style=\"color: black; mso-color-alt: windowtext;\"> <\/span><span lang=\"DE\" style=\"font-size: 11.0pt; font-family: 'Arial',sans-serif; mso-fareast-font-family: 'Times New Roman'; color: black; mso-font-kerning: 0pt; mso-ligatures: none; mso-fareast-language: DE;\">Ein gut eingespieltes und hochqualifiziertes Team sorgt f\u00fcr eine umfassende Betreuung vor Ort (24\/7). Unsere Sportzentren bieten die exklusive Nutzung von hervorragend pr\u00e4parierten Fu\u00dfballpl\u00e4tzen. Unsere Reiseziele bieten die ideale ruhige Umgebung in unmittelbarer N\u00e4he zu unterhaltsamen Aktivit\u00e4ten. Alle Vorbereitungsspiele werden auf professionellem Niveau organisiert (mit medizinischer Betreuung, professionellen Schiedsrichtern und Live-Streaming).<o:p><\/o:p><\/span><\/p>\n<p class=\"MsoNormal\" style=\"background-color: white;\"><span lang=\"DE\" style=\"font-size: 11.0pt; font-family: 'Arial',sans-serif; mso-fareast-font-family: 'Times New Roman'; color: black; mso-font-kerning: 0pt; mso-ligatures: none; mso-fareast-language: DE;\">Aber vor allem k\u00fcmmern wir uns um die Details. Die Kleinigkeiten, auf die es ankommt. Die kleinen Dinge, die Andere vergessen.<o:p><\/o:p><\/span><\/p>\n<p class=\"MsoNormal\" style=\"background-color: white;\"><span lang=\"DE\" style=\"font-size: 11.0pt; font-family: 'Arial',sans-serif; mso-fareast-font-family: 'Times New Roman'; color: black; mso-font-kerning: 0pt; mso-ligatures: none; mso-fareast-language: DE;\">Die Vorbereitungen k\u00f6nnen ein logistischer Alptraum sein. Aber sie k\u00f6nnen auch ein unvergesslicher Teil des Jahres sein, der Schl\u00fcssel zum gew\u00fcnschten Ergebnis am Ende der Saison. Vertrauen Sie uns und wir freuen uns gemeinsam \u00fcber die Erfolge ihrer Vereins bzw. Fu\u00dfballteams.<o:p><\/o:p><\/span><\/p>\n<p>&nbsp;<\/p>\n<p class=\"MsoNormal\" style=\"background-color: white;\"><span lang=\"DE\" style=\"font-size: 11.0pt; font-family: 'Arial',sans-serif; mso-fareast-font-family: 'Times New Roman'; color: black; mso-font-kerning: 0pt; mso-ligatures: none; mso-fareast-language: DE;\">Mehr Informationen: camps@b4.si<o:p><\/o:p><\/span><\/p>\n<p>[\/et_pb_text][et_pb_divider color=&#8220;#E09900&#8243; divider_style=&#8220;dashed&#8220; _builder_version=&#8220;4.24.0&#8243; _module_preset=&#8220;default&#8220; border_color_bottom=&#8220;#E09900&#8243; border_style_bottom=&#8220;dashed&#8220; global_colors_info=&#8220;{}&#8220;][\/et_pb_divider][\/et_pb_column][\/et_pb_row][\/et_pb_section]<\/p>\n","protected":false},"excerpt":{"rendered":"<p>VORBEREITUNGENW\u00e4hrend jeder Winter- und Sommerpause eines jeden Spieljahres kommen Hunderte von Mannschaften aus verschiedenen Sportarten zusammen, um sich vorzubereiten. Sie suchen nach g\u00fcnstigen Trainingsbedingungen, nach geeigneten Trainingsgegnern f\u00fcr deren Vorbereitungsk\u00e4mpfe und nach M\u00f6glichkeiten, den Teamgeist zwischen den einzelnen Mannschaftsmitgliedern zu verbessern. Trainingslager sind ein fester Bestandteil aller Spitzenvereine und vieler Amateur- und Jugendmannschaften, aber nicht [&hellip;]<\/p>\n","protected":false},"author":1,"featured_media":0,"parent":0,"menu_order":0,"comment_status":"closed","ping_status":"closed","template":"","meta":{"_et_pb_use_builder":"on","_et_pb_old_content":"","_et_gb_content_width":"","footnotes":""},"class_list":["post-6562","page","type-page","status-publish","hentry"],"_links":{"self":[{"href":"https:\/\/www.b4.si\/de\/wp-json\/wp\/v2\/pages\/6562","targetHints":{"allow":["GET"]}}],"collection":[{"href":"https:\/\/www.b4.si\/de\/wp-json\/wp\/v2\/pages"}],"about":[{"href":"https:\/\/www.b4.si\/de\/wp-json\/wp\/v2\/types\/page"}],"author":[{"embeddable":true,"href":"https:\/\/www.b4.si\/de\/wp-json\/wp\/v2\/users\/1"}],"replies":[{"embeddable":true,"href":"https:\/\/www.b4.si\/de\/wp-json\/wp\/v2\/comments?post=6562"}],"version-history":[{"count":2,"href":"https:\/\/www.b4.si\/de\/wp-json\/wp\/v2\/pages\/6562\/revisions"}],"predecessor-version":[{"id":6755,"href":"https:\/\/www.b4.si\/de\/wp-json\/wp\/v2\/pages\/6562\/revisions\/6755"}],"wp:attachment":[{"href":"https:\/\/www.b4.si\/de\/wp-json\/wp\/v2\/media?parent=6562"}],"curies":[{"name":"wp","href":"https:\/\/api.w.org\/{rel}","templated":true}]}}