{"id":6565,"date":"2024-02-15T10:29:53","date_gmt":"2024-02-15T10:29:53","guid":{"rendered":"https:\/\/izhod.org\/b4\/sport\/"},"modified":"2024-07-08T06:09:10","modified_gmt":"2024-07-08T06:09:10","slug":"sport","status":"publish","type":"page","link":"https:\/\/www.b4.si\/de\/sport\/","title":{"rendered":"Sport"},"content":{"rendered":"<p>[et_pb_section fb_built=&#8220;1&#8243; custom_padding_last_edited=&#8220;on|phone&#8220; admin_label=&#8220;Body Sekcija&#8220; module_id=&#8220;round&#8220; module_class=&#8220;round&#8220; _builder_version=&#8220;4.24.0&#8243; _module_preset=&#8220;default&#8220; background_enable_image=&#8220;off&#8220; parallax=&#8220;on&#8220; width_tablet=&#8220;&#8220; width_phone=&#8220;&#8220; width_last_edited=&#8220;on|phone&#8220; module_alignment=&#8220;center&#8220; custom_margin_tablet=&#8220;&#8220; custom_margin_phone=&#8220;&#8220; custom_margin_last_edited=&#8220;on|tablet&#8220; custom_padding=&#8220;250px||0px||false|false&#8220; custom_padding_tablet=&#8220;300px||0px||false|false&#8220; custom_padding_phone=&#8220;300px||0px||false|false&#8220; top_divider_style=&#8220;waves2&#8243; top_divider_color=&#8220;#FFFFFF&#8220; global_colors_info=&#8220;{}&#8220;][et_pb_row _builder_version=&#8220;4.24.0&#8243; _module_preset=&#8220;default&#8220; global_colors_info=&#8220;{}&#8220;][et_pb_column type=&#8220;4_4&#8243; _builder_version=&#8220;4.24.0&#8243; _module_preset=&#8220;default&#8220; global_colors_info=&#8220;{}&#8220;][et_pb_slider dot_nav_custom_color=&#8220;RGBA(255,255,255,0)&#8220; _builder_version=&#8220;4.25.1&#8243; _module_preset=&#8220;default&#8220; height=&#8220;400px&#8220; height_tablet=&#8220;220px&#8220; height_phone=&#8220;159px&#8220; height_last_edited=&#8220;on|phone&#8220; global_colors_info=&#8220;{}&#8220;][et_pb_slide use_bg_overlay=&#8220;off&#8220; use_text_overlay=&#8220;off&#8220; _builder_version=&#8220;4.25.1&#8243; _module_preset=&#8220;default&#8220; background_enable_color=&#8220;off&#8220; background_image=&#8220;https:\/\/b4.si\/wp-content\/uploads\/2024\/05\/B4Sport-e1715683464511.png&#8220; background_enable_image=&#8220;on&#8220; global_colors_info=&#8220;{}&#8220; sticky_transition=&#8220;on&#8220;][\/et_pb_slide][et_pb_slide use_bg_overlay=&#8220;off&#8220; use_text_overlay=&#8220;off&#8220; _builder_version=&#8220;4.25.0&#8243; _module_preset=&#8220;default&#8220; background_enable_color=&#8220;off&#8220; background_image=&#8220;https:\/\/b4.si\/wp-content\/uploads\/2024\/03\/DSC_6784-1.jpg&#8220; background_enable_image=&#8220;on&#8220; background_position=&#8220;bottom_center&#8220; global_colors_info=&#8220;{}&#8220; sticky_transition=&#8220;on&#8220;][\/et_pb_slide][et_pb_slide use_bg_overlay=&#8220;off&#8220; use_text_overlay=&#8220;off&#8220; _builder_version=&#8220;4.25.1&#8243; _module_preset=&#8220;default&#8220; background_enable_color=&#8220;off&#8220; background_image=&#8220;https:\/\/b4.si\/wp-content\/uploads\/2024\/05\/DSC_5929-scaled.jpg&#8220; background_enable_image=&#8220;on&#8220; background_position=&#8220;top_center&#8220; global_colors_info=&#8220;{}&#8220; sticky_transition=&#8220;on&#8220;][\/et_pb_slide][et_pb_slide use_bg_overlay=&#8220;off&#8220; use_text_overlay=&#8220;off&#8220; _builder_version=&#8220;4.25.1&#8243; _module_preset=&#8220;default&#8220; background_enable_color=&#8220;off&#8220; background_image=&#8220;https:\/\/b4.si\/wp-content\/uploads\/2024\/05\/DSC_8177-2-scaled-e1715683295813.jpg&#8220; background_enable_image=&#8220;on&#8220; global_colors_info=&#8220;{}&#8220; sticky_transition=&#8220;on&#8220;][\/et_pb_slide][\/et_pb_slider][et_pb_text admin_label=&#8220;Naslov1&#8243; _builder_version=&#8220;4.24.0&#8243; _module_preset=&#8220;default&#8220; global_colors_info=&#8220;{}&#8220;]<\/p>\n<h2><strong><span>SPORT<\/span><\/strong><\/h2>\n<p><strong><span><\/span><\/strong><\/p>\n<p>[\/et_pb_text][et_pb_text admin_label=&#8220;Besedilo1&#8243; _builder_version=&#8220;4.24.0&#8243; _module_preset=&#8220;default&#8220; global_colors_info=&#8220;{}&#8220;]<\/p>\n<p>Angesichts der Schnelllebigkeit der Spiele, des Trainings, der Vorbereitung und der Reisen suchen professionelle Sportvereine und -verb\u00e4nde oft externe Hilfe, um ihre organisatorischen und logistischen Projekte auf hohem Niveau durchzuf\u00fchren. Die Agentur B4 bietet diese Art von Unterst\u00fctzung seit vielen Jahren sowohl slowenischen als auch ausl\u00e4ndischen Kunden an, die sich auf die Erfahrung, das Wissen und das best\u00e4ndige Engagement unseres Teams verlassen, um Sportmannschaften und -organisationen auf h\u00f6chstem Niveau logistisch zu unterst\u00fctzen.<\/p>\n<p>Voraussetzung f\u00fcr eine erfolgreiche logistische Unterst\u00fctzung von Spitzensportlern ist einerseits eine genaue Kenntnis der Anforderungen und Erwartungen von Trainern, Spielern und Betreuern, andererseits ein breites Spektrum an Kontakten, Partnerschaften und Erfahrungen bei der Organisation von Turnieren, internationalen Besuchen, Veranstaltungen, Spielen, Vorbereitungen und anderen Projekten. Die Erfahrungen, Kompetenzen und Verbindungen von B4 liegen an der Schnittstelle dieser Bereiche. F\u00fcr unsere Kunden k\u00f6nnen wir die Logistik internationaler Vorbereitungen im Ausland und in Slowenien organisieren, darunter Flug- und Bustransporte sowie den Transport von Ausr\u00fcstung. Wir unterst\u00fctzen unsere Partner organisatorisch und logistisch bei der Umsetzung verschiedener Infrastruktur-, Sport- und Werbeprojekte: So haben wir in der Vergangenheit alle europ\u00e4ischen Auslandsreisen des Handballvereins Trimo Trebnje sowie das Auslandsgastspiel des Qarabag FK in Ljubljana im Rahmen der Europa-League-Qualifikation organisiert. Dar\u00fcber hinaus haben wir die Route und Vorbereitungen der slowenischen Herren-Handballmannschaft f\u00fcr das Olympia-Qualifikationsturnier in Barcelona geplant. Wir arbeiten langfristig mit dem slowenischen Basketballverband und dem slowenischen Handballverband zusammen, um die Vorbereitung der Auswahl der A- und Jugendnationalmannschaften sowie die Organisation von Veranstaltungen zu unterst\u00fctzen.<\/p>\n<p>Wenn Sie einen Logistikpartner suchen, der den Sport versteht und auf den Sie sich bei Ihrem n\u00e4chsten Projekt, ob gro\u00df oder klein, verlassen k\u00f6nnen, kontaktieren Sie uns bitte unter info@b4.si.<\/p>\n<p><strong><span> <\/span><\/strong><\/p>\n<p>[\/et_pb_text][et_pb_divider color=&#8220;#E09900&#8243; divider_style=&#8220;dashed&#8220; _builder_version=&#8220;4.24.0&#8243; _module_preset=&#8220;default&#8220; border_color_bottom=&#8220;#E09900&#8243; border_style_bottom=&#8220;dashed&#8220; global_colors_info=&#8220;{}&#8220;][\/et_pb_divider][\/et_pb_column][\/et_pb_row][\/et_pb_section]<\/p>\n","protected":false},"excerpt":{"rendered":"<p>SPORT Angesichts der Schnelllebigkeit der Spiele, des Trainings, der Vorbereitung und der Reisen suchen professionelle Sportvereine und -verb\u00e4nde oft externe Hilfe, um ihre organisatorischen und logistischen Projekte auf hohem Niveau durchzuf\u00fchren. Die Agentur B4 bietet diese Art von Unterst\u00fctzung seit vielen Jahren sowohl slowenischen als auch ausl\u00e4ndischen Kunden an, die sich auf die Erfahrung, das [&hellip;]<\/p>\n","protected":false},"author":1,"featured_media":0,"parent":0,"menu_order":0,"comment_status":"closed","ping_status":"closed","template":"","meta":{"_et_pb_use_builder":"on","_et_pb_old_content":"","_et_gb_content_width":"","footnotes":""},"class_list":["post-6565","page","type-page","status-publish","hentry"],"_links":{"self":[{"href":"https:\/\/www.b4.si\/de\/wp-json\/wp\/v2\/pages\/6565","targetHints":{"allow":["GET"]}}],"collection":[{"href":"https:\/\/www.b4.si\/de\/wp-json\/wp\/v2\/pages"}],"about":[{"href":"https:\/\/www.b4.si\/de\/wp-json\/wp\/v2\/types\/page"}],"author":[{"embeddable":true,"href":"https:\/\/www.b4.si\/de\/wp-json\/wp\/v2\/users\/1"}],"replies":[{"embeddable":true,"href":"https:\/\/www.b4.si\/de\/wp-json\/wp\/v2\/comments?post=6565"}],"version-history":[{"count":2,"href":"https:\/\/www.b4.si\/de\/wp-json\/wp\/v2\/pages\/6565\/revisions"}],"predecessor-version":[{"id":7702,"href":"https:\/\/www.b4.si\/de\/wp-json\/wp\/v2\/pages\/6565\/revisions\/7702"}],"wp:attachment":[{"href":"https:\/\/www.b4.si\/de\/wp-json\/wp\/v2\/media?parent=6565"}],"curies":[{"name":"wp","href":"https:\/\/api.w.org\/{rel}","templated":true}]}}