{"id":5416,"date":"2024-04-08T16:28:54","date_gmt":"2024-04-08T16:28:54","guid":{"rendered":"https:\/\/izhod.org\/b4\/pretekli-turnirji\/"},"modified":"2025-05-20T23:49:38","modified_gmt":"2025-05-20T23:49:38","slug":"pretekli-turnirji","status":"publish","type":"page","link":"https:\/\/www.b4.si\/hr\/pretekli-turnirji\/","title":{"rendered":"Pretekli turnirji"},"content":{"rendered":"<p>[et_pb_section fb_built=&#8221;1&#8243; fullwidth=&#8221;on&#8221; disabled_on=&#8221;on|on|off&#8221; admin_label=&#8221;HERO LOKACIJE&#8221; _builder_version=&#8221;4.24.2&#8243; _module_preset=&#8221;default&#8221; bottom_divider_style=&#8221;slant&#8221; bottom_divider_color=&#8221;#FFFFFF&#8221; locked=&#8221;off&#8221; global_colors_info=&#8221;{}&#8221;][et_pb_fullwidth_slider show_content_on_mobile=&#8221;off&#8221; show_cta_on_mobile=&#8221;off&#8221; use_bg_overlay=&#8221;off&#8221; use_text_overlay=&#8221;off&#8221; arrows_custom_color=&#8221;#E09900&#8243; dot_nav_custom_color=&#8221;#E09900&#8243; disabled_on=&#8221;on|on|off&#8221; admin_label=&#8221;Fullwidth Slider desktop&#8221; _builder_version=&#8221;4.24.2&#8243; _module_preset=&#8221;default&#8221; background_color=&#8221;#FFFFFF&#8221; z_index=&#8221;0&#8243; module_alignment=&#8221;left&#8221; height=&#8221;650px&#8221; custom_css_main_element=&#8221;border-radius: 0px !important;&#8221; global_colors_info=&#8221;{}&#8221;][et_pb_slide use_bg_overlay=&#8221;off&#8221; use_text_overlay=&#8221;off&#8221; _builder_version=&#8221;4.24.2&#8243; _module_preset=&#8221;default&#8221; header_font=&#8221;Open Sans||||||||&#8221; header_letter_spacing=&#8221;0px&#8221; body_font=&#8221;Open Sans|300|||||||&#8221; body_text_align=&#8221;center&#8221; body_letter_spacing=&#8221;1px&#8221; body_line_height=&#8221;2.1em&#8221; background_color=&#8221;RGBA(255,255,255,0)&#8221; background_enable_color=&#8221;on&#8221; background_image=&#8221;https:\/\/b4.si\/wp-content\/uploads\/2024\/04\/B4_banner_UmagTrophy.jpg&#8221; background_enable_image=&#8221;on&#8221; custom_button=&#8221;on&#8221; button_text_size=&#8221;33px&#8221; button_text_color=&#8221;#FFFFFF&#8221; button_border_width=&#8221;0px&#8221; button_border_color=&#8221;RGBA(255,255,255,0)&#8221; button_border_radius=&#8221;20px&#8221; button_letter_spacing=&#8221;1px&#8221; button_font=&#8221;|700|||||||&#8221; button_use_icon=&#8221;on&#8221; button_icon=&#8221;&#xe01d;||divi||400&#8243; button_icon_color=&#8221;#E09900&#8243; button_icon_placement=&#8221;left&#8221; button_on_hover=&#8221;off&#8221; button_alignment=&#8221;left&#8221; button_custom_margin=&#8221;0px|||0px|false|false&#8221; text_orientation=&#8221;center&#8221; width=&#8221;55%&#8221; max_width=&#8221;100%&#8221; custom_padding=&#8221;50px||||false|false&#8221; custom_padding_tablet=&#8221;50px||||false|false&#8221; custom_padding_phone=&#8221;50px||||false|false&#8221; custom_padding_last_edited=&#8221;on|desktop&#8221; global_colors_info=&#8221;{}&#8221; body_line_height__hover_enabled=&#8221;on|desktop&#8221; body_line_height__hover=&#8221;2.2em&#8221; sticky_transition=&#8221;on&#8221;][\/et_pb_slide][\/et_pb_fullwidth_slider][\/et_pb_section][et_pb_section fb_built=&#8221;1&#8243; custom_padding_last_edited=&#8221;on|phone&#8221; admin_label=&#8221;Body Sekcija&#8221; module_id=&#8221;round&#8221; module_class=&#8221;round&#8221; _builder_version=&#8221;4.24.2&#8243; _module_preset=&#8221;default&#8221; background_enable_image=&#8221;off&#8221; parallax=&#8221;on&#8221; width_tablet=&#8221;&#8221; width_phone=&#8221;&#8221; width_last_edited=&#8221;on|phone&#8221; module_alignment=&#8221;center&#8221; custom_margin_tablet=&#8221;&#8221; custom_margin_phone=&#8221;&#8221; custom_margin_last_edited=&#8221;on|tablet&#8221; custom_padding=&#8221;20px||0px||false|false&#8221; custom_padding_tablet=&#8221;300px||0px||false|false&#8221; custom_padding_phone=&#8221;300px||0px||false|false&#8221; top_divider_color=&#8221;#FFFFFF&#8221; global_colors_info=&#8221;{}&#8221;][et_pb_row _builder_version=&#8221;4.24.2&#8243; _module_preset=&#8221;default&#8221; module_alignment=&#8221;center&#8221; global_colors_info=&#8221;{}&#8221;][et_pb_column type=&#8221;4_4&#8243; _builder_version=&#8221;4.24.0&#8243; _module_preset=&#8221;default&#8221; global_colors_info=&#8221;{}&#8221;][et_pb_text admin_label=&#8221;Naslov1&#8243; _builder_version=&#8221;4.25.1&#8243; _module_preset=&#8221;default&#8221; global_colors_info=&#8221;{}&#8221;]<\/p>\n<h2>UMAG TROPHY: Liga prvaka u kategoriji dje\u010djih osmijeha i nezaboravnih uspomena<\/h2>\n<p>[\/et_pb_text][et_pb_divider color=&#8221;#E09900&#8243; divider_style=&#8221;dashed&#8221; _builder_version=&#8221;4.27.4&#8243; _module_preset=&#8221;default&#8221; hover_enabled=&#8221;0&#8243; border_color_bottom=&#8221;#E09900&#8243; border_style_bottom=&#8221;dashed&#8221; global_colors_info=&#8221;{}&#8221; sticky_enabled=&#8221;0&#8243;][\/et_pb_divider][et_pb_text admin_label=&#8221;Besedilo2&#8243; _builder_version=&#8221;4.27.4&#8243; _module_preset=&#8221;default&#8221; hover_enabled=&#8221;0&#8243; global_colors_info=&#8221;{}&#8221; sticky_enabled=&#8221;0&#8243;]<\/p>\n<p>Umag Trophy danas se smatra najve\u0107im i najkvalitetnijim turnirom za mlade nogometa\u0161e u regiji i jednim od najve\u0107ih u Europi, no veliki odaziv rezultat je tradicije, organizacije i inovativnosti koji su okosnice Umag Trophy, a svoju desetu obljetnicu proslaviti \u0107e 2025. godine.<\/p>\n<p>Po\u010delo je s dvije dobne kategorije na jednom mjestu, terenu Katoro, koji je i dan danas va\u017ean dio mozaika autenti\u010dnog do\u017eivljaja Umag Trophyja za svakog sudionika.<\/p>\n<p>Nakon prvog turnira u 2016. godini, Umag Trophy je po\u010deo neumjereno rasti, organski, sigurnim koracima. Od inozemnih mom\u010dadi koje su se upisale me\u0111u sudionike nogometne fe\u0161te u Istri, MTK Budapestu ubrzo su se pridru\u017eili Crvena zvezda, Inter i Benfica.<\/p>\n<p>Potencijal Umag Trophy ubrzo je prepoznala i lokalna zajednica. Turisti\u010dka zajednica grada Umaga podupire projekt od tre\u0107eg izdanja jer su tijekom godina nogometni turniri u organizaciji B4 prerasli okvire strogo sportskih natjecanja. Igra\u010di, treneri, predstavnici klubova, roditelji i ostali navija\u010di, \u010diji je ukupan broj dosezao i do 20.000 po izdanju, u\u017eivaju u sve bogatijem popratnom programu u vidu sve\u010danog otvaranja ATP stadiona Goran Ivani\u0161evi\u0107, dje\u010dje zabave, ve\u010deri glazbe u\u017eivo i ceremonije zatvaranja.<\/p>\n<p>Unato\u010d \u0161irenju i brojnim velikanima iz Italije (Juventus, AC Milan, Internazionale Milano, Hellas Verona), \u0160panjolske (Barcelona), Engleske (Arsenal), Portugala (Benfica), Srbije (Crvena Zvezda, Partizan) i Austrije (Red Bull Salzburg) ) koji svake godine prisustvuju turniru, Umag Trophy \u0107e uvijek ostati turnir za sve. Nastavit \u0107emo graditi, pripremati se i ulagati sa \u017eeljom da mladim slovenskim nogometa\u0161ima ponudimo priliku da igraju protiv najve\u0107ih svjetskih klubova blizu ku\u0107e i da testiraju svoje vje\u0161tine protiv vr\u0161njaka iz mnogih drugih zemalja. Sav taj trud na kraju je nagra\u0111en bezbrojnim dje\u010djim osmjesima na terenima Umaga i izvan njih.<\/p>\n<p>Jubilarno deseto izdanje turnira Umag Trophy 2025 obilje\u017eilo je pet tjedana vrhunskog turnirskog iskustva, tijekom kojeg su sru\u0161eni brojni rekordi u broju ekipa, odigranih utakmica, bogatstvu popratnog programa te dosegu i prepoznatljivosti doga\u0111aja. Umag Trophy tako ulazi u novo desetlje\u0107e na \u010dvrstim temeljima tradicije, s jasnim zamahom prema stalnom napretku i usavr\u0161avanju.<\/p>\n<p>[\/et_pb_text][et_pb_divider color=&#8221;#E09900&#8243; divider_style=&#8221;dashed&#8221; _builder_version=&#8221;4.24.0&#8243; _module_preset=&#8221;default&#8221; border_color_bottom=&#8221;#E09900&#8243; border_style_bottom=&#8221;dashed&#8221; global_colors_info=&#8221;{}&#8221;][\/et_pb_divider][\/et_pb_column][\/et_pb_row][et_pb_row _builder_version=&#8221;4.24.0&#8243; _module_preset=&#8221;default&#8221; global_colors_info=&#8221;{}&#8221;][et_pb_column type=&#8221;4_4&#8243; _builder_version=&#8221;4.24.2&#8243; _module_preset=&#8221;default&#8221; custom_padding=&#8221;0px||20px||false|false&#8221; global_colors_info=&#8221;{}&#8221;][et_pb_slider dot_nav_custom_color=&#8221;RGBA(255,255,255,0)&#8221; _builder_version=&#8221;4.25.1&#8243; _module_preset=&#8221;default&#8221; height=&#8221;400px&#8221; height_tablet=&#8221;220px&#8221; height_phone=&#8221;159px&#8221; height_last_edited=&#8221;on|phone&#8221; global_colors_info=&#8221;{}&#8221;][et_pb_slide use_bg_overlay=&#8221;off&#8221; use_text_overlay=&#8221;off&#8221; _builder_version=&#8221;4.25.1&#8243; _module_preset=&#8221;default&#8221; background_enable_color=&#8221;off&#8221; background_image=&#8221;https:\/\/b4.si\/wp-content\/uploads\/2024\/05\/437904311_18112318669372610_2924170421071443431_n.jpg&#8221; background_enable_image=&#8221;on&#8221; global_colors_info=&#8221;{}&#8221; sticky_transition=&#8221;on&#8221;][\/et_pb_slide][et_pb_slide use_bg_overlay=&#8221;off&#8221; use_text_overlay=&#8221;off&#8221; _builder_version=&#8221;4.25.1&#8243; _module_preset=&#8221;default&#8221; background_enable_color=&#8221;off&#8221; background_image=&#8221;https:\/\/b4.si\/wp-content\/uploads\/2024\/05\/UT24_21_04_2024_U13_U14_338-scaled-e1715621524974.jpg&#8221; background_enable_image=&#8221;on&#8221; global_colors_info=&#8221;{}&#8221; sticky_transition=&#8221;on&#8221;][\/et_pb_slide][et_pb_slide use_bg_overlay=&#8221;off&#8221; use_text_overlay=&#8221;off&#8221; _builder_version=&#8221;4.25.1&#8243; _module_preset=&#8221;default&#8221; background_enable_color=&#8221;off&#8221; background_image=&#8221;https:\/\/b4.si\/wp-content\/uploads\/2024\/05\/UT24_U10_11_OTVORITEV_077-scaled.jpg&#8221; background_enable_image=&#8221;on&#8221; global_colors_info=&#8221;{}&#8221; sticky_transition=&#8221;on&#8221;][\/et_pb_slide][\/et_pb_slider][\/et_pb_column][\/et_pb_row][et_pb_row column_structure=&#8221;1_4,1_4,1_4,1_4&#8243; make_equal=&#8221;on&#8221; admin_label=&#8221;Row winners 8-11&#8243; _builder_version=&#8221;4.27.4&#8243; _module_preset=&#8221;default&#8221; custom_margin=&#8221;50px||50px||true|false&#8221; global_colors_info=&#8221;{}&#8221;][et_pb_column type=&#8221;1_4&#8243; _builder_version=&#8221;4.27.4&#8243; _module_preset=&#8221;default&#8221; hover_enabled=&#8221;0&#8243; global_colors_info=&#8221;{}&#8221; sticky_enabled=&#8221;0&#8243;][et_pb_image src=&#8221;https:\/\/www.b4.si\/wp-content\/uploads\/2025\/05\/B4_banner_Umag_Trophy_winners_U8.png&#8221; title_text=&#8221;B4_banner_Umag_Trophy_winners_U8&#8243; _builder_version=&#8221;4.27.4&#8243; _module_preset=&#8221;default&#8221; hover_enabled=&#8221;0&#8243; global_colors_info=&#8221;{}&#8221; sticky_enabled=&#8221;0&#8243;][\/et_pb_image][\/et_pb_column][et_pb_column type=&#8221;1_4&#8243; _builder_version=&#8221;4.24.2&#8243; _module_preset=&#8221;default&#8221; global_colors_info=&#8221;{}&#8221;][et_pb_image src=&#8221;https:\/\/www.b4.si\/wp-content\/uploads\/2025\/05\/B4_banner_Umag_Trophy_winners_U9.png&#8221; title_text=&#8221;B4_banner_Umag_Trophy_winners_U9&#8243; _builder_version=&#8221;4.27.4&#8243; _module_preset=&#8221;default&#8221; hover_enabled=&#8221;0&#8243; global_colors_info=&#8221;{}&#8221; sticky_enabled=&#8221;0&#8243;][\/et_pb_image][\/et_pb_column][et_pb_column type=&#8221;1_4&#8243; _builder_version=&#8221;4.24.2&#8243; _module_preset=&#8221;default&#8221; global_colors_info=&#8221;{}&#8221;][et_pb_image src=&#8221;https:\/\/www.b4.si\/wp-content\/uploads\/2025\/05\/B4_banner_Umag_Trophy_winners_U10.png&#8221; title_text=&#8221;B4_banner_Umag_Trophy_winners_U10&#8243; _builder_version=&#8221;4.27.4&#8243; _module_preset=&#8221;default&#8221; hover_enabled=&#8221;0&#8243; global_colors_info=&#8221;{}&#8221; sticky_enabled=&#8221;0&#8243;][\/et_pb_image][\/et_pb_column][et_pb_column type=&#8221;1_4&#8243; _builder_version=&#8221;4.24.2&#8243; _module_preset=&#8221;default&#8221; global_colors_info=&#8221;{}&#8221;][et_pb_image src=&#8221;https:\/\/www.b4.si\/wp-content\/uploads\/2025\/05\/B4_banner_Umag_Trophy_winners_U11.png&#8221; title_text=&#8221;B4_banner_Umag_Trophy_winners_U11&#8243; _builder_version=&#8221;4.27.4&#8243; _module_preset=&#8221;default&#8221; hover_enabled=&#8221;0&#8243; global_colors_info=&#8221;{}&#8221; sticky_enabled=&#8221;0&#8243;][\/et_pb_image][\/et_pb_column][\/et_pb_row][et_pb_row column_structure=&#8221;1_4,1_4,1_4,1_4&#8243; make_equal=&#8221;on&#8221; admin_label=&#8221;Row winners 12-14&#8243; _builder_version=&#8221;4.24.3&#8243; _module_preset=&#8221;default&#8221; custom_margin=&#8221;50px||50px||true|false&#8221; global_colors_info=&#8221;{}&#8221;][et_pb_column type=&#8221;1_4&#8243; _builder_version=&#8221;4.24.2&#8243; _module_preset=&#8221;default&#8221; global_colors_info=&#8221;{}&#8221;][et_pb_image src=&#8221;https:\/\/www.b4.si\/wp-content\/uploads\/2025\/05\/B4_banner_Umag_Trophy_winners_U12.png&#8221; title_text=&#8221;B4_banner_Umag_Trophy_winners_U12&#8243; _builder_version=&#8221;4.27.4&#8243; _module_preset=&#8221;default&#8221; hover_enabled=&#8221;0&#8243; global_colors_info=&#8221;{}&#8221; sticky_enabled=&#8221;0&#8243;][\/et_pb_image][\/et_pb_column][et_pb_column type=&#8221;1_4&#8243; _builder_version=&#8221;4.24.2&#8243; _module_preset=&#8221;default&#8221; global_colors_info=&#8221;{}&#8221;][et_pb_image src=&#8221;https:\/\/www.b4.si\/wp-content\/uploads\/2025\/05\/B4_banner_Umag_Trophy_winners_U13.png&#8221; title_text=&#8221;B4_banner_Umag_Trophy_winners_U13&#8243; _builder_version=&#8221;4.27.4&#8243; _module_preset=&#8221;default&#8221; hover_enabled=&#8221;0&#8243; global_colors_info=&#8221;{}&#8221; sticky_enabled=&#8221;0&#8243;][\/et_pb_image][\/et_pb_column][et_pb_column type=&#8221;1_4&#8243; _builder_version=&#8221;4.24.2&#8243; _module_preset=&#8221;default&#8221; global_colors_info=&#8221;{}&#8221;][et_pb_image src=&#8221;https:\/\/www.b4.si\/wp-content\/uploads\/2025\/05\/B4_banner_Umag_Trophy_winners_U14.png&#8221; title_text=&#8221;B4_banner_Umag_Trophy_winners_U14&#8243; _builder_version=&#8221;4.27.4&#8243; _module_preset=&#8221;default&#8221; hover_enabled=&#8221;0&#8243; global_colors_info=&#8221;{}&#8221; sticky_enabled=&#8221;0&#8243;][\/et_pb_image][\/et_pb_column][et_pb_column type=&#8221;1_4&#8243; _builder_version=&#8221;4.24.2&#8243; _module_preset=&#8221;default&#8221; global_colors_info=&#8221;{}&#8221;][\/et_pb_column][\/et_pb_row][et_pb_row _builder_version=&#8221;4.24.2&#8243; _module_preset=&#8221;default&#8221; custom_margin=&#8221;||100px||false|false&#8221; global_colors_info=&#8221;{}&#8221;][et_pb_column type=&#8221;4_4&#8243; _builder_version=&#8221;4.24.2&#8243; _module_preset=&#8221;default&#8221; global_colors_info=&#8221;{}&#8221;][et_pb_video_slider _builder_version=&#8221;4.27.4&#8243; _module_preset=&#8221;default&#8221; hover_enabled=&#8221;0&#8243; global_colors_info=&#8221;{}&#8221; sticky_enabled=&#8221;0&#8243;][et_pb_video_slider_item src=&#8221;https:\/\/www.youtube.com\/watch?v=T1LBXJRc3cI&#8221; _builder_version=&#8221;4.27.4&#8243; _module_preset=&#8221;default&#8221; hover_enabled=&#8221;0&#8243; global_colors_info=&#8221;{}&#8221; show_image_overlay=&#8221;off&#8221; sticky_enabled=&#8221;0&#8243;][\/et_pb_video_slider_item][et_pb_video_slider_item src=&#8221;https:\/\/www.youtube.com\/watch?v=vgYzCCX74EQ&#8221; _builder_version=&#8221;4.25.1&#8243; _module_preset=&#8221;default&#8221; global_colors_info=&#8221;{}&#8221; show_image_overlay=&#8221;off&#8221;][\/et_pb_video_slider_item][et_pb_video_slider_item src=&#8221;https:\/\/www.youtube.com\/watch?v=vcu4RQ4SfEk&#8221; _builder_version=&#8221;4.24.2&#8243; _module_preset=&#8221;default&#8221; global_colors_info=&#8221;{}&#8221; show_image_overlay=&#8221;off&#8221;][\/et_pb_video_slider_item][et_pb_video_slider_item src=&#8221;https:\/\/www.youtube.com\/watch?v=63MN0uCqXgM&#8221; _builder_version=&#8221;4.24.2&#8243; _module_preset=&#8221;default&#8221; global_colors_info=&#8221;{}&#8221; show_image_overlay=&#8221;off&#8221;][\/et_pb_video_slider_item][et_pb_video_slider_item src=&#8221;https:\/\/www.youtube.com\/watch?v=jhQFvnSvbTw&#8221; _builder_version=&#8221;4.24.2&#8243; _module_preset=&#8221;default&#8221; global_colors_info=&#8221;{}&#8221; show_image_overlay=&#8221;off&#8221;][\/et_pb_video_slider_item][\/et_pb_video_slider][\/et_pb_column][\/et_pb_row][\/et_pb_section]<\/p>\n","protected":false},"excerpt":{"rendered":"<p>UMAG TROPHY: Liga prvaka u kategoriji dje\u010djih osmijeha i nezaboravnih uspomenaUmag Trophy danas se smatra najve\u0107im i najkvalitetnijim turnirom za mlade nogometa\u0161e u regiji i jednim od najve\u0107ih u Europi, no veliki odaziv rezultat je tradicije, organizacije i inovativnosti koji su okosnice Umag Trophy, a svoju desetu obljetnicu proslaviti \u0107e 2025. godine. Po\u010delo je s [&hellip;]<\/p>\n","protected":false},"author":1,"featured_media":0,"parent":0,"menu_order":0,"comment_status":"closed","ping_status":"closed","template":"","meta":{"_et_pb_use_builder":"on","_et_pb_old_content":"","_et_gb_content_width":"","footnotes":""},"class_list":["post-5416","page","type-page","status-publish","hentry"],"_links":{"self":[{"href":"https:\/\/www.b4.si\/hr\/wp-json\/wp\/v2\/pages\/5416","targetHints":{"allow":["GET"]}}],"collection":[{"href":"https:\/\/www.b4.si\/hr\/wp-json\/wp\/v2\/pages"}],"about":[{"href":"https:\/\/www.b4.si\/hr\/wp-json\/wp\/v2\/types\/page"}],"author":[{"embeddable":true,"href":"https:\/\/www.b4.si\/hr\/wp-json\/wp\/v2\/users\/1"}],"replies":[{"embeddable":true,"href":"https:\/\/www.b4.si\/hr\/wp-json\/wp\/v2\/comments?post=5416"}],"version-history":[{"count":3,"href":"https:\/\/www.b4.si\/hr\/wp-json\/wp\/v2\/pages\/5416\/revisions"}],"predecessor-version":[{"id":9495,"href":"https:\/\/www.b4.si\/hr\/wp-json\/wp\/v2\/pages\/5416\/revisions\/9495"}],"wp:attachment":[{"href":"https:\/\/www.b4.si\/hr\/wp-json\/wp\/v2\/media?parent=5416"}],"curies":[{"name":"wp","href":"https:\/\/api.w.org\/{rel}","templated":true}]}}