{"id":5448,"date":"2024-02-09T13:43:15","date_gmt":"2024-02-09T13:43:15","guid":{"rendered":"https:\/\/izhod.org\/b4\/o-nama\/"},"modified":"2025-10-30T19:02:39","modified_gmt":"2025-10-30T19:02:39","slug":"o-nama","status":"publish","type":"page","link":"https:\/\/www.b4.si\/hr\/o-nama\/","title":{"rendered":"O nama"},"content":{"rendered":"<p>[et_pb_section fb_built=&#8221;1&#8243; custom_padding_last_edited=&#8221;on|phone&#8221; admin_label=&#8221;Body Sekcija&#8221; module_id=&#8221;round&#8221; module_class=&#8221;round&#8221; _builder_version=&#8221;4.24.0&#8243; _module_preset=&#8221;default&#8221; background_enable_image=&#8221;off&#8221; parallax=&#8221;on&#8221; width_tablet=&#8221;&#8221; width_phone=&#8221;&#8221; width_last_edited=&#8221;on|phone&#8221; module_alignment=&#8221;center&#8221; custom_margin_tablet=&#8221;&#8221; custom_margin_phone=&#8221;&#8221; custom_margin_last_edited=&#8221;on|tablet&#8221; custom_padding=&#8221;250px||0px||false|false&#8221; custom_padding_tablet=&#8221;300px||0px||false|false&#8221; custom_padding_phone=&#8221;300px||0px||false|false&#8221; top_divider_style=&#8221;waves2&#8243; top_divider_color=&#8221;#FFFFFF&#8221; global_colors_info=&#8221;{}&#8221;][et_pb_row _builder_version=&#8221;4.24.0&#8243; _module_preset=&#8221;default&#8221; global_colors_info=&#8221;{}&#8221;][et_pb_column type=&#8221;4_4&#8243; _builder_version=&#8221;4.24.0&#8243; _module_preset=&#8221;default&#8221; global_colors_info=&#8221;{}&#8221;][et_pb_slider dot_nav_custom_color=&#8221;RGBA(255,255,255,0)&#8221; _builder_version=&#8221;4.25.1&#8243; _module_preset=&#8221;default&#8221; height=&#8221;400px&#8221; height_tablet=&#8221;220px&#8221; height_phone=&#8221;159px&#8221; height_last_edited=&#8221;on|phone&#8221; header_font_size_tablet=&#8221;&#8221; header_font_size_phone=&#8221;8px&#8221; header_font_size_last_edited=&#8221;on|phone&#8221; global_colors_info=&#8221;{}&#8221;][et_pb_slide use_bg_overlay=&#8221;off&#8221; use_text_overlay=&#8221;off&#8221; _builder_version=&#8221;4.25.1&#8243; _module_preset=&#8221;default&#8221; background_enable_color=&#8221;off&#8221; background_image=&#8221;https:\/\/b4.si\/wp-content\/uploads\/2024\/05\/Skupinska-Mirc-e1715943314133.png&#8221; background_enable_image=&#8221;on&#8221; background_position=&#8221;top_center&#8221; global_colors_info=&#8221;{}&#8221; sticky_transition=&#8221;on&#8221;][\/et_pb_slide][et_pb_slide use_bg_overlay=&#8221;off&#8221; use_text_overlay=&#8221;off&#8221; _builder_version=&#8221;4.25.0&#8243; _module_preset=&#8221;default&#8221; background_enable_color=&#8221;off&#8221; background_image=&#8221;https:\/\/b4.si\/wp-content\/uploads\/2024\/05\/321244755_1583008115516949_4469536438027198013_n-e1715553550700.jpg&#8221; background_enable_image=&#8221;on&#8221; global_colors_info=&#8221;{}&#8221; sticky_transition=&#8221;on&#8221;][\/et_pb_slide][et_pb_slide use_bg_overlay=&#8221;off&#8221; use_text_overlay=&#8221;off&#8221; _builder_version=&#8221;4.24.2&#8243; _module_preset=&#8221;default&#8221; background_enable_color=&#8221;off&#8221; background_image=&#8221;https:\/\/b4.si\/wp-content\/uploads\/2024\/03\/Skupinska-vecerja.jpg&#8221; background_enable_image=&#8221;on&#8221; global_colors_info=&#8221;{}&#8221; sticky_transition=&#8221;on&#8221;][\/et_pb_slide][\/et_pb_slider][et_pb_text admin_label=&#8221;Naslov1&#8243; _builder_version=&#8221;4.24.0&#8243; _module_preset=&#8221;default&#8221; global_colors_info=&#8221;{}&#8221;]<\/p>\n<h2><strong><span>O NAMA<\/span><\/strong><\/h2>\n<p>[\/et_pb_text][et_pb_text admin_label=&#8221;Besedilo1&#8243; _builder_version=&#8221;4.24.0&#8243; _module_preset=&#8221;default&#8221; global_colors_info=&#8221;{}&#8221;]<\/p>\n<p><span>B4 je agencija koja se bavi organizacijom sportskih kampova, doga\u0111anja, zastupanjem saveza i klubova, odr\u017eavanjem, upravljanjem i izgradnjom nogometnih igrali\u0161ta, kao i pru\u017eanjem usluga u turizmu. S vi\u0161e od desetlje\u0107a iskustva, smatra se jednom od vode\u0107ih tvrtki u svojim vode\u0107im sektorima.<\/span><\/p>\n<p>[\/et_pb_text][et_pb_divider color=&#8221;#E09900&#8243; divider_style=&#8221;dashed&#8221; _builder_version=&#8221;4.24.0&#8243; _module_preset=&#8221;default&#8221; border_color_bottom=&#8221;#E09900&#8243; border_style_bottom=&#8221;dashed&#8221; global_colors_info=&#8221;{}&#8221;][\/et_pb_divider][et_pb_text admin_label=&#8221;Naslov2&#8243; _builder_version=&#8221;4.24.0&#8243; _module_preset=&#8221;default&#8221; custom_padding=&#8221;2px|||||&#8221; global_colors_info=&#8221;{}&#8221;]<\/p>\n<h2><strong><span>VIZIJA, MISIJA, VRIJEDNOSTI<\/span><\/strong><\/h2>\n<p>[\/et_pb_text][et_pb_text admin_label=&#8221;Besedilo2&#8243; _builder_version=&#8221;4.24.0&#8243; _module_preset=&#8221;default&#8221; global_colors_info=&#8221;{}&#8221;]<\/p>\n<p><span>Biti sli\u010dan nudi utjehu, ali put do uspjeha nalazi se u tome da budemo razli\u010diti, da budemo <em>ne\u0161to vi\u0161e.<\/em> \u0160to je to \u0161to izdvaja B4 od ostalih?<\/span><span> <\/span><\/p>\n<p><span>Jednostavno, jer se svako jutro budimo sa \u017eeljom da pru\u017eimo vrhunsku uslugu u podru\u010dju sportskog turizma.<\/span><span> <\/span><\/p>\n<p><span>Iza \u017eelje da ostvarimo svoju misiju stoji puno vrijednosti koje svakodnevno materijaliziramo kroz svoj rad. Beskompromisni trud nudi vrhunski standard koji je nemogu\u0107e posti\u0107i drugdje. Briga za sve na\u0161e izuzetne destinacije koje se uvijek iznova pokazuju kao izvrsni doma\u0107ini sportskih treninga i drugih doga\u0111anja. Timski rad na\u0161eg tima koji pazi na svaki detalj, jer vjerujemo da detalji vrijede najvi\u0161e.<\/span><span> <\/span><\/p>\n<p><span>Svoju viziju gradimo na temeljima na\u0161ih strate\u0161kih usmjerenja, potpomognuti povjerenjem na\u0161ih klijenata i organskim rastom kroz uspje\u0161nu implementaciju projekata i \u0161irenje proizvoda. \u010cvrsto na zemlji, ustrajno se uspinjemo trudom i predano\u0161\u0107u poplo\u010danom stazom da postanemo jedna od vode\u0107ih agencija u Europi.<\/span><\/p>\n<p>[\/et_pb_text][et_pb_divider color=&#8221;#E09900&#8243; divider_style=&#8221;dashed&#8221; _builder_version=&#8221;4.24.0&#8243; _module_preset=&#8221;default&#8221; border_color_bottom=&#8221;#E09900&#8243; border_style_bottom=&#8221;dashed&#8221; global_colors_info=&#8221;{}&#8221;][\/et_pb_divider][\/et_pb_column][\/et_pb_row][et_pb_row _builder_version=&#8221;4.24.0&#8243; _module_preset=&#8221;default&#8221; global_colors_info=&#8221;{}&#8221;][et_pb_column type=&#8221;4_4&#8243; _builder_version=&#8221;4.24.0&#8243; _module_preset=&#8221;default&#8221; global_colors_info=&#8221;{}&#8221;][et_pb_text admin_label=&#8221;Naslov3&#8243; _builder_version=&#8221;4.24.2&#8243; _module_preset=&#8221;default&#8221; custom_padding=&#8221;2px||20px||false|false&#8221; global_colors_info=&#8221;{}&#8221;]<\/p>\n<h2><strong><span>NA\u0160A PRI\u010cA<\/span><\/strong><\/h2>\n<p>[\/et_pb_text][\/et_pb_column][\/et_pb_row][et_pb_row column_structure=&#8221;1_3,2_3&#8243; _builder_version=&#8221;4.24.2&#8243; _module_preset=&#8221;default&#8221; global_colors_info=&#8221;{}&#8221;][et_pb_column type=&#8221;1_3&#8243; _builder_version=&#8221;4.24.0&#8243; _module_preset=&#8221;default&#8221; global_colors_info=&#8221;{}&#8221;][et_pb_image src=&#8221;https:\/\/www.b4.si\/wp-content\/uploads\/2025\/09\/B4_milestones_web_hr.png&#8221; title_text=&#8221;B4_milestones_web_hr&#8221; _builder_version=&#8221;4.27.4&#8243; _module_preset=&#8221;default&#8221; global_colors_info=&#8221;{}&#8221;][\/et_pb_image][\/et_pb_column][et_pb_column type=&#8221;2_3&#8243; _builder_version=&#8221;4.24.0&#8243; _module_preset=&#8221;default&#8221; global_colors_info=&#8221;{}&#8221;][et_pb_text admin_label=&#8221;Besedilo3&#8243; _builder_version=&#8221;4.24.0&#8243; _module_preset=&#8221;default&#8221; global_colors_info=&#8221;{}&#8221;]<\/p>\n<p><span><\/span><\/p>\n<p><span><\/span><\/p>\n<p><span>U ranim zimskim mjesecima 2012. u Ljubljani se po\u010delo pisati prvo poglavlje pri\u010de B4. Sve je po\u010delo skromno, ali s puno entuzijazma i elana. Iz ureda u \u0160i\u0161ki, tada jo\u0161 u sastavu Bravo1 pod brendom B4Sport, e-mailovi i pozivi poslani su diljem Slovenije, a ubrzo i izvan granica dr\u017eave.<\/span><span> <\/span><\/p>\n<p><span>Prva sezona zimskih kampova protekla je u dru\u0161tvu mla\u0111ih selekcija NK Bravo, NK Celje i NK Dravograd. Zahvaljuju\u0107i neumornom radnom \u017earu, uz dozu perfekcionizma, krupnim koracima ostvaren je napredak, kako broj\u010dano tako i reputacijom klijenata. Ve\u0107 sljede\u0107eg ljeta u Kranjskoj Gori ugostili smo mom\u010dad HNK Rijeke koju vodi Matja\u017e Kek. Klub s Kvarnera od tada nam je vjeran gost, a u Sloveniju se vra\u0107aju ve\u0107 cijelo desetlje\u0107e.<\/span><span> <\/span><\/p>\n<p><span>U Hrvatskoj Istri, koja svake zime postaje sredi\u0161te na\u0161ih aktivnosti, prvo smo zapo\u010deli s radom u Vrsaru i Dajli, no najve\u0107i iskorak napravljen je \u0161irenjem na Umag, gdje nam je i dalje baza sportski centar Stella Maris i doma\u0107in tradicionalnog Umag Trofejnog turnira za mlade nogometa\u0161e. U Sloveniji se alpskoj dolini na krajnjem sjeverozapadu zemlje pridru\u017eila etablirana turisti\u010dka destinacija na krajnjem jugoistoku, \u010cate\u017e na Savi.<\/span><\/p>\n<p><span>\u0160irenje lokacija zahtijevalo je dodatno osoblje. Godine 2017. projektu se pridru\u017eila Nata\u0161a Haski\u0107 kao prva \u010dlanica tima izvan mati\u010dne kompanije.<\/span><\/p>\n<p><span>Kasnije te godine\u00a0opseg posla ve\u0107 je znatno prerastao okvire tvrtke pridru\u017eene nogometnom klubu Idejni i operativni voditelj projekta Timotej Krajnc stoga je odlu\u010dio krenuti svojim putem, a ro\u0111en je B4SportCamps d.o.o..<\/span><span> <\/span><\/p>\n<p><span>U razdoblju nakon nastanka novog subjekta, jedna od najve\u0107ih prekretnica je ulaganje u novi, vlastiti nogometni trening centar Gobele u Kranjskoj Gori, koji nudi uvjete za podizanje razine usluge i privla\u010denje mom\u010dadi iz ja\u010dih europskih liga.<\/span><span> <\/span><\/p>\n<p><span><\/span><\/p>\n<p><span style=\"font-size: 14px;\">Dok je epidemija virusa Covid-19 zaustavila gotovo cijelu turisti\u010dku industriju i ve\u0107i dio javnog \u017eivota op\u0107enito, na\u0161a je agencija kroz izazovno razdoblje pro\u0161la jo\u0161 ja\u010da. Oja\u010dani Emirom Haski\u0107em kao direktorom, koji je svojim znanjem i iskustvom donio novu viziju i zamah, ugostili smo 18 profesionalnih timova u zimskoj pauzi 2021. godine.<\/span><span style=\"font-size: 14px;\"> <\/span><\/p>\n<p><span style=\"font-size: 14px;\"><\/span><\/p>\n<p><span>Istodobno, nastavili smo se \u0161iriti na nova tr\u017ei\u0161ta, brinu\u0107i se o nacionalnim savezima, u\u0161av\u0161i na tr\u017ei\u0161te reprezentacija, dodaju\u0107i nova odredi\u0161ta i \u0161ire\u0107i na\u0161u sportsku infrastrukturu. Svojim uslugama dodali smo i izgradnju, odr\u017eavanje i sanaciju nogometnih igrali\u0161ta. Promjene u poslovanju agencije detaljnije su predstavljene javnosti po\u010detkom 2022. godine, kada je B4SportCamps slu\u017ebeno postao B4, oja\u010dan modernim vizualnim identitetom i konkretnim ciljevima za svoja \u010detiri stupa djelovanja.<\/span><span> <\/span><\/p>\n<p><span><\/span><\/p>\n<p><span>Jedan od novijih projekata visokog profila B4 je slu\u017ebeno partnerstvo s Ko\u0161arka\u0161kim savezom Slovenije, s kojim smo bili intenzivno uklju\u010deni u organizaciju Europskog prvenstva u ko\u0161arci za \u017eene 2023.<\/span><\/p>\n<p><span>U posljednjih smo godina nastavili s razvojem prepoznatljivih proizvoda na podru\u010dju sportskih doga\u0111aja. 2025 godine smo obilje\u017eili desetu obljetnicu turnira Umag Trophy za mlade nogometa\u0161e te organizirali sedmo i \u010detvrto izdanje turnira Slovenia Nations Cup za mu\u0161ke i \u017eenske nogometne reprezentacije do 19 godina. Strategiju posve\u0107ivanja dodatne pa\u017enje \u0161iroj paleti sportova potvrdili smo razvojem tradicionalnog futsal turnira Istria Nations Cup te suradnjom s organizacijom FNC u organizaciji spektakala mje\u0161ovitih borila\u010dkih vje\u0161tina u Sto\u017eicama.<\/span><\/p>\n<p><span><\/span><\/p>\n<p><span><\/span><\/p>\n<p><span><\/span><\/p>\n<p><span><\/span><\/p>\n<p><span><\/span><\/p>\n<p><span><\/span><\/p>\n<p><span><\/span><\/p>\n<p>[\/et_pb_text][\/et_pb_column][\/et_pb_row][\/et_pb_section]<\/p>\n","protected":false},"excerpt":{"rendered":"<p>O NAMAB4 je agencija koja se bavi organizacijom sportskih kampova, doga\u0111anja, zastupanjem saveza i klubova, odr\u017eavanjem, upravljanjem i izgradnjom nogometnih igrali\u0161ta, kao i pru\u017eanjem usluga u turizmu. S vi\u0161e od desetlje\u0107a iskustva, smatra se jednom od vode\u0107ih tvrtki u svojim vode\u0107im sektorima.VIZIJA, MISIJA, VRIJEDNOSTIBiti sli\u010dan nudi utjehu, ali put do uspjeha nalazi se u tome [&hellip;]<\/p>\n","protected":false},"author":1,"featured_media":0,"parent":0,"menu_order":0,"comment_status":"closed","ping_status":"closed","template":"","meta":{"_et_pb_use_builder":"on","_et_pb_old_content":"","_et_gb_content_width":"","footnotes":""},"class_list":["post-5448","page","type-page","status-publish","hentry"],"_links":{"self":[{"href":"https:\/\/www.b4.si\/hr\/wp-json\/wp\/v2\/pages\/5448","targetHints":{"allow":["GET"]}}],"collection":[{"href":"https:\/\/www.b4.si\/hr\/wp-json\/wp\/v2\/pages"}],"about":[{"href":"https:\/\/www.b4.si\/hr\/wp-json\/wp\/v2\/types\/page"}],"author":[{"embeddable":true,"href":"https:\/\/www.b4.si\/hr\/wp-json\/wp\/v2\/users\/1"}],"replies":[{"embeddable":true,"href":"https:\/\/www.b4.si\/hr\/wp-json\/wp\/v2\/comments?post=5448"}],"version-history":[{"count":5,"href":"https:\/\/www.b4.si\/hr\/wp-json\/wp\/v2\/pages\/5448\/revisions"}],"predecessor-version":[{"id":10239,"href":"https:\/\/www.b4.si\/hr\/wp-json\/wp\/v2\/pages\/5448\/revisions\/10239"}],"wp:attachment":[{"href":"https:\/\/www.b4.si\/hr\/wp-json\/wp\/v2\/media?parent=5448"}],"curies":[{"name":"wp","href":"https:\/\/api.w.org\/{rel}","templated":true}]}}