{"id":6226,"date":"2024-02-15T10:22:42","date_gmt":"2024-02-15T10:22:42","guid":{"rendered":"https:\/\/izhod.org\/b4\/priprave\/"},"modified":"2024-05-27T12:05:06","modified_gmt":"2024-05-27T12:05:06","slug":"priprave","status":"publish","type":"page","link":"https:\/\/www.b4.si\/hr\/priprave\/","title":{"rendered":"Priprave"},"content":{"rendered":"<p>[et_pb_section fb_built=&#8221;1&#8243; custom_padding_last_edited=&#8221;on|phone&#8221; admin_label=&#8221;Body Sekcija&#8221; module_id=&#8221;round&#8221; module_class=&#8221;round&#8221; _builder_version=&#8221;4.24.0&#8243; _module_preset=&#8221;default&#8221; background_enable_image=&#8221;off&#8221; parallax=&#8221;on&#8221; width_tablet=&#8221;&#8221; width_phone=&#8221;&#8221; width_last_edited=&#8221;on|phone&#8221; module_alignment=&#8221;center&#8221; custom_margin_tablet=&#8221;&#8221; custom_margin_phone=&#8221;&#8221; custom_margin_last_edited=&#8221;on|tablet&#8221; custom_padding=&#8221;250px||0px||false|false&#8221; custom_padding_tablet=&#8221;300px||0px||false|false&#8221; custom_padding_phone=&#8221;300px||0px||false|false&#8221; top_divider_style=&#8221;waves2&#8243; top_divider_color=&#8221;#FFFFFF&#8221; global_colors_info=&#8221;{}&#8221;][et_pb_row _builder_version=&#8221;4.24.0&#8243; _module_preset=&#8221;default&#8221; global_colors_info=&#8221;{}&#8221;][et_pb_column type=&#8221;4_4&#8243; _builder_version=&#8221;4.24.0&#8243; _module_preset=&#8221;default&#8221; global_colors_info=&#8221;{}&#8221;][et_pb_slider dot_nav_custom_color=&#8221;RGBA(255,255,255,0)&#8221; _builder_version=&#8221;4.25.1&#8243; _module_preset=&#8221;default&#8221; height=&#8221;400px&#8221; height_tablet=&#8221;220px&#8221; height_phone=&#8221;159px&#8221; height_last_edited=&#8221;on|phone&#8221; header_font_size_tablet=&#8221;&#8221; header_font_size_phone=&#8221;8px&#8221; header_font_size_last_edited=&#8221;on|phone&#8221; global_colors_info=&#8221;{}&#8221;][et_pb_slide use_bg_overlay=&#8221;off&#8221; use_text_overlay=&#8221;off&#8221; _builder_version=&#8221;4.25.1&#8243; _module_preset=&#8221;default&#8221; background_enable_color=&#8221;off&#8221; background_image=&#8221;https:\/\/b4.si\/wp-content\/uploads\/2024\/05\/DSC_4907.jpg&#8221; background_enable_image=&#8221;on&#8221; global_colors_info=&#8221;{}&#8221; sticky_transition=&#8221;on&#8221;][\/et_pb_slide][et_pb_slide use_bg_overlay=&#8221;off&#8221; use_text_overlay=&#8221;off&#8221; _builder_version=&#8221;4.25.1&#8243; _module_preset=&#8221;default&#8221; background_enable_color=&#8221;off&#8221; background_image=&#8221;https:\/\/b4.si\/wp-content\/uploads\/2024\/05\/DSC_3772-e1715622231525.jpg&#8221; background_enable_image=&#8221;on&#8221; background_position=&#8221;top_center&#8221; background_vertical_offset=&#8221;4%&#8221; global_colors_info=&#8221;{}&#8221; sticky_transition=&#8221;on&#8221;][\/et_pb_slide][et_pb_slide use_bg_overlay=&#8221;off&#8221; use_text_overlay=&#8221;off&#8221; _builder_version=&#8221;4.25.1&#8243; _module_preset=&#8221;default&#8221; background_enable_color=&#8221;off&#8221; background_image=&#8221;https:\/\/b4.si\/wp-content\/uploads\/2024\/05\/DSC_7421.jpg&#8221; background_enable_image=&#8221;on&#8221; background_position=&#8221;top_center&#8221; global_colors_info=&#8221;{}&#8221; sticky_transition=&#8221;on&#8221;][\/et_pb_slide][\/et_pb_slider][et_pb_text admin_label=&#8221;Naslov1&#8243; _builder_version=&#8221;4.25.1&#8243; _module_preset=&#8221;default&#8221; custom_padding=&#8221;0px|||||&#8221; hover_enabled=&#8221;0&#8243; global_colors_info=&#8221;{}&#8221; sticky_enabled=&#8221;0&#8243;]<\/p>\n<h2><strong><span>SPORTSKE PRIPREME<\/span><\/strong><\/h2>\n<p>[\/et_pb_text][et_pb_text admin_label=&#8221;Besedilo1&#8243; _builder_version=&#8221;4.25.1&#8243; _module_preset=&#8221;default&#8221; hover_enabled=&#8221;0&#8243; global_colors_info=&#8221;{}&#8221; sticky_enabled=&#8221;0&#8243;]<\/p>\n<p>Tijekom svake zimske i ljetne stanke u sezoni stotine timova iz razli\u010ditih sportova dolaze u trening kampove u potrazi za povoljnijim uvjetima za trening, prikladnijim sparing partnerima za pripremne me\u010deva i prilikama za ja\u010danje veza me\u0111u igra\u010dima.<\/p>\n<p>No dok su kampovi za trening redovita pojava svih klubova na najvi\u0161oj razini i mnogih mom\u010dadi na amaterskoj ili omladinskoj razini, nisu svi kampovi za trening jednaki.<\/p>\n<p>Tu mi stupamo na scenu. Organizacija sportskih treninga je zada\u0107a B4, njegov najva\u017eniji stup i temeljna djelatnost kojom se bavi od svog osnutka. Povjerenje u nas maju mnogi uspje\u0161ni klubovi iz regije i diljem Europe, kao \u0161to su Luton Town, Trabzonspor, Le Havre AC, Dinamo Zagreb, Hajduk Split, Sturm Graz, Rijeka, Fehervar, MTK Budapest, Osijek, Istanbul Basaksehir, Neftci Baku i deseci drugih profesionalnih klubova. Pouzdano mo\u017eemo re\u0107i da danas niti jedan klub nije prevelik niti premalen da im ne mo\u017eemo ponuditi najvi\u0161u razinu usluge.<\/p>\n<p>Pitate li se za\u0161to nam vjeruju?<\/p>\n<p>Postoji nekoliko razloga. Usredoto\u010deni smo na kvalitetu koja nam je uvijek bila nit vodilja, kako u pripremi nogometnih terena i ostale sportske infrastrukture, tako i u organizaciji prijateljskih utakmica, kao i u hotelskim uslugama.<\/p>\n<p>Na\u0161 dobro koordinirani tim s velikim brojem osoblja pru\u017ea punu podr\u0161ku na licu mjesta (24\/7). Na\u0161i sportski centri nude isklju\u010divo kori\u0161tenje vrhunski pripremljenih nogometnih terena. Na\u0161a odredi\u0161ta nude savr\u0161eno mirno okru\u017eenje s neposrednom blizinom zabavnih aktivnosti. Svaka pripremna utakmica organizirana je na profesionalnoj razini (uz lije\u010dni\u010dku slu\u017ebu, profesionalne suce i live streaming).<\/p>\n<p>No, prije svega, nastojimo voditi ra\u010duna o detaljima. Detalji koji se ra\u010dunaju. Male stvari koje drugi zaboravljaju.<\/p>\n<p>Pripreme mogu biti logisti\u010dka no\u0107na mora. Ali mogu biti i nezaboravan dio godine, klju\u010d \u017eeljenog rezultata na kraju sezone. Uka\u017eite nam povjerenje i zajedno \u0107emo se veseliti uspjesima.<\/p>\n<p>Vi\u0161e informacija: <span><a href=\"mailto:camps@b4.si\">camps@b4.si<\/a><\/span><\/p>\n<p>[\/et_pb_text][et_pb_divider color=&#8221;#E09900&#8243; divider_style=&#8221;dashed&#8221; _builder_version=&#8221;4.24.0&#8243; _module_preset=&#8221;default&#8221; border_color_bottom=&#8221;#E09900&#8243; border_style_bottom=&#8221;dashed&#8221; global_colors_info=&#8221;{}&#8221;][\/et_pb_divider][\/et_pb_column][\/et_pb_row][\/et_pb_section]<\/p>\n","protected":false},"excerpt":{"rendered":"<p>SPORTSKE PRIPREMETijekom svake zimske i ljetne stanke u sezoni stotine timova iz razli\u010ditih sportova dolaze u trening kampove u potrazi za povoljnijim uvjetima za trening, prikladnijim sparing partnerima za pripremne me\u010deva i prilikama za ja\u010danje veza me\u0111u igra\u010dima. No dok su kampovi za trening redovita pojava svih klubova na najvi\u0161oj razini i mnogih mom\u010dadi na [&hellip;]<\/p>\n","protected":false},"author":1,"featured_media":0,"parent":0,"menu_order":0,"comment_status":"closed","ping_status":"closed","template":"","meta":{"_et_pb_use_builder":"on","_et_pb_old_content":"","_et_gb_content_width":"","footnotes":""},"class_list":["post-6226","page","type-page","status-publish","hentry"],"_links":{"self":[{"href":"https:\/\/www.b4.si\/hr\/wp-json\/wp\/v2\/pages\/6226","targetHints":{"allow":["GET"]}}],"collection":[{"href":"https:\/\/www.b4.si\/hr\/wp-json\/wp\/v2\/pages"}],"about":[{"href":"https:\/\/www.b4.si\/hr\/wp-json\/wp\/v2\/types\/page"}],"author":[{"embeddable":true,"href":"https:\/\/www.b4.si\/hr\/wp-json\/wp\/v2\/users\/1"}],"replies":[{"embeddable":true,"href":"https:\/\/www.b4.si\/hr\/wp-json\/wp\/v2\/comments?post=6226"}],"version-history":[{"count":2,"href":"https:\/\/www.b4.si\/hr\/wp-json\/wp\/v2\/pages\/6226\/revisions"}],"predecessor-version":[{"id":7068,"href":"https:\/\/www.b4.si\/hr\/wp-json\/wp\/v2\/pages\/6226\/revisions\/7068"}],"wp:attachment":[{"href":"https:\/\/www.b4.si\/hr\/wp-json\/wp\/v2\/media?parent=6226"}],"curies":[{"name":"wp","href":"https:\/\/api.w.org\/{rel}","templated":true}]}}