{"id":6229,"date":"2024-02-15T10:28:28","date_gmt":"2024-02-15T10:28:28","guid":{"rendered":"https:\/\/izhod.org\/b4\/dogodki\/"},"modified":"2024-06-19T01:23:21","modified_gmt":"2024-06-19T01:23:21","slug":"dogodki","status":"publish","type":"page","link":"https:\/\/www.b4.si\/hr\/dogodki\/","title":{"rendered":"Dogodki"},"content":{"rendered":"<p>[et_pb_section fb_built=&#8221;1&#8243; custom_padding_last_edited=&#8221;on|phone&#8221; admin_label=&#8221;Body Sekcija&#8221; module_id=&#8221;round&#8221; module_class=&#8221;round&#8221; _builder_version=&#8221;4.24.0&#8243; _module_preset=&#8221;default&#8221; background_enable_image=&#8221;off&#8221; parallax=&#8221;on&#8221; width_tablet=&#8221;&#8221; width_phone=&#8221;&#8221; width_last_edited=&#8221;on|phone&#8221; module_alignment=&#8221;center&#8221; custom_margin_tablet=&#8221;&#8221; custom_margin_phone=&#8221;&#8221; custom_margin_last_edited=&#8221;on|tablet&#8221; custom_padding=&#8221;250px||0px||false|false&#8221; custom_padding_tablet=&#8221;300px||0px||false|false&#8221; custom_padding_phone=&#8221;300px||0px||false|false&#8221; top_divider_style=&#8221;waves2&#8243; top_divider_color=&#8221;#FFFFFF&#8221; global_colors_info=&#8221;{}&#8221;][et_pb_row _builder_version=&#8221;4.24.0&#8243; _module_preset=&#8221;default&#8221; global_colors_info=&#8221;{}&#8221;][et_pb_column type=&#8221;4_4&#8243; _builder_version=&#8221;4.24.0&#8243; _module_preset=&#8221;default&#8221; global_colors_info=&#8221;{}&#8221;][et_pb_slider dot_nav_custom_color=&#8221;RGBA(255,255,255,0)&#8221; _builder_version=&#8221;4.25.0&#8243; _module_preset=&#8221;default&#8221; height=&#8221;400px&#8221; height_tablet=&#8221;220px&#8221; height_phone=&#8221;159px&#8221; height_last_edited=&#8221;on|phone&#8221; global_colors_info=&#8221;{}&#8221;][et_pb_slide use_bg_overlay=&#8221;off&#8221; use_text_overlay=&#8221;off&#8221; _builder_version=&#8221;4.25.0&#8243; _module_preset=&#8221;default&#8221; background_enable_color=&#8221;off&#8221; background_image=&#8221;https:\/\/b4.si\/wp-content\/uploads\/2024\/03\/DSC_2640-1.jpg&#8221; background_enable_image=&#8221;on&#8221; global_colors_info=&#8221;{}&#8221; sticky_transition=&#8221;on&#8221;][\/et_pb_slide][et_pb_slide use_bg_overlay=&#8221;off&#8221; use_text_overlay=&#8221;off&#8221; _builder_version=&#8221;4.25.0&#8243; _module_preset=&#8221;default&#8221; background_enable_color=&#8221;off&#8221; background_image=&#8221;https:\/\/b4.si\/wp-content\/uploads\/2024\/03\/434323769_18053945377578532_595331523546096762_n-2.jpg&#8221; background_enable_image=&#8221;on&#8221; global_colors_info=&#8221;{}&#8221; sticky_transition=&#8221;on&#8221;][\/et_pb_slide][et_pb_slide use_bg_overlay=&#8221;off&#8221; use_text_overlay=&#8221;off&#8221; _builder_version=&#8221;4.25.0&#8243; _module_preset=&#8221;default&#8221; background_enable_color=&#8221;off&#8221; background_image=&#8221;https:\/\/b4.si\/wp-content\/uploads\/2024\/05\/UT24_U10_11_OTVORITEV_079-scaled.jpg&#8221; background_enable_image=&#8221;on&#8221; global_colors_info=&#8221;{}&#8221; sticky_transition=&#8221;on&#8221;][\/et_pb_slide][\/et_pb_slider][et_pb_text admin_label=&#8221;Naslov1&#8243; _builder_version=&#8221;4.24.0&#8243; _module_preset=&#8221;default&#8221; global_colors_info=&#8221;{}&#8221;]<\/p>\n<h2><strong><span>EVENTI<\/span><\/strong><\/h2>\n<p><strong><span><\/span><\/strong><\/p>\n<p>[\/et_pb_text][et_pb_text admin_label=&#8221;Besedilo1&#8243; _builder_version=&#8221;4.25.1&#8243; _module_preset=&#8221;default&#8221; global_colors_info=&#8221;{}&#8221;]<\/p>\n<p>U dana\u0161njem sve digitalnijem svijetu eventi su neprocjenjiva prilika za odmak od svakodnevne rutine i stvaranje neprocjenjivih uspomena. U sportu su eventi poput utakmica i turnira vrhunac svakog tjedna, mjeseca i sezone, a u poslu su prilika za stjecanje novih znanja i kontakata te za timsko povezivanje.<\/p>\n<p>Organizacija evenata jedna je od temeljnih usluga koje nudimo u B4, a ovisno o ciljanoj publici i prirodi eventa dijelimo ih u \u010detiri podru\u010dja. Za vi\u0161e informacija o bilo kojem od njih, kontaktirajte nas na <span><a href=\"mailto:events@b4.si\">events@b4.si<\/a><\/span><\/p>\n<p>[\/et_pb_text][et_pb_divider color=&#8221;#E09900&#8243; divider_style=&#8221;dashed&#8221; _builder_version=&#8221;4.24.0&#8243; _module_preset=&#8221;default&#8221; border_color_bottom=&#8221;#E09900&#8243; border_style_bottom=&#8221;dashed&#8221; global_colors_info=&#8221;{}&#8221;][\/et_pb_divider][et_pb_text admin_label=&#8221;Naslov2&#8243; _builder_version=&#8221;4.24.0&#8243; _module_preset=&#8221;default&#8221; custom_padding=&#8221;2px|||||&#8221; global_colors_info=&#8221;{}&#8221;]<\/p>\n<h2><strong><span>SPORTSKI EVENTI<\/span><\/strong><\/h2>\n<p>[\/et_pb_text][et_pb_text admin_label=&#8221;Besedilo2&#8243; _builder_version=&#8221;4.25.1&#8243; _module_preset=&#8221;default&#8221; hover_enabled=&#8221;0&#8243; global_colors_info=&#8221;{}&#8221; sticky_enabled=&#8221;0&#8243;]<\/p>\n<p>Jedan od najve\u0107ih godi\u0161njih turnira za mlade nogometa\u0161e u Europi, <a href=\"https:\/\/www.b4.si\/hr\/pretekli-turnirji\/\"><strong>Umag Trophy<\/strong><\/a>, tradicionalni me\u0111unarodni futsal turniri I<strong>stria Nations Cup<\/strong>, me\u0111unarodno priznati turnir mladih mu\u0161kih i \u017eenskih reprezentacija <strong>Slovenia Nations Cup<\/strong>, UEFA kvalifikacijski i razvojni turniri za juniorske mom\u010dadi, zavr\u0161ni turnir poslovne lige KZS BizBasket, najve\u0107i MMA spektakl u Sloveniji <a href=\"https:\/\/www.b4.si\/en\/fnc-15-b4-an-important-part-of-the-biggest-mma-spectacle-in-slovenia\/\"><strong>FNC 15<\/strong><\/a> te vi\u0161e od 150 pripremnih utakmica na nogometnim, ko\u0161arka\u0161kim, rukometnim i futsal terenima. Svake godine tim agencije B4 osmi\u0161ljava, nadogra\u0111uje i osigurava besprijekornu izvedbu svih navedenih sportskih doga\u0111aja.<\/p>\n<p>Bilo da se radi o prijateljskoj utakmici kadetskih selekcija, utakmici najve\u0107ih mladih talenata najve\u0107ih europskih klubova u Umagu ili kvalifikacijskoj utakmici po standardima UEFA-e, na\u0161 pristup organizaciji je uvijek isti &#8211; potpuno predan, dosljedan i prilagodljiv potrebama sudionika.<\/p>\n<p>Potpuno poznavanje sportske i hotelske infrastrukture u na\u0161im destinacijama i duboka uklju\u010denost u sve aspekte sportskog turizma omogu\u0107avaju nam da zadovoljimo klijente kao \u0161to su francuski, talijanski i portugalski nogometni savezi, europski klupski divovi kao \u0161to su Barcelona, \u200b\u200b\u200b\u200bJuventus, Inter, AC Milana i Arsenala te predstavnici me\u0111unarodnih krovnih organizacija poput UEFA-e i FIBA-e.<\/p>\n<p>Spikeri na\u0161ih doga\u0111anja postali su jedan od za\u0161titnih znakova agencije B4. No, uz govornike i DJ-e koji stvaraju atmosferu na na\u0161im doga\u0111anjima, tijekom godina dodali smo i live prijenose, popratne programe te ceremonije otvaranja i zatvaranja.<\/p>\n<p>[\/et_pb_text][et_pb_divider color=&#8221;#E09900&#8243; divider_style=&#8221;dashed&#8221; _builder_version=&#8221;4.24.0&#8243; _module_preset=&#8221;default&#8221; border_color_bottom=&#8221;#E09900&#8243; border_style_bottom=&#8221;dashed&#8221; global_colors_info=&#8221;{}&#8221;][\/et_pb_divider][et_pb_text admin_label=&#8221;Naslov3&#8243; _builder_version=&#8221;4.24.0&#8243; _module_preset=&#8221;default&#8221; custom_padding=&#8221;2px|||||&#8221; global_colors_info=&#8221;{}&#8221;]<\/p>\n<h2><strong><span>KORPORATIVNI EVENTI<\/span><\/strong><\/h2>\n<p>[\/et_pb_text][et_pb_text admin_label=&#8221;Besedilo3&#8243; _builder_version=&#8221;4.25.1&#8243; _module_preset=&#8221;default&#8221; global_colors_info=&#8221;{}&#8221;]<\/p>\n<p>U posljednje vrijeme tvrtke i organizacije organiziraju eventa za svoje zaposlenike, koja \u010desto ne ispunjuju o\u010dekivanja sudionika, a organizatorima zadaju puno sijedih vlasi.<\/p>\n<p>Nema straha od gore navedenog scenarija kada radite s B4. Dodajemo sadr\u017eaj uobi\u010dajenom pikniku ili do\u010deku Nove godine. Tim iskusnih profesionalaca s dugogodi\u0161njim iskustvom organizirat \u0107e va\u0161e doga\u0111aje na jednom od na\u0161ih sportskih objekata koje \u0107emo jedinstveno transformirati za va\u0161u priliku.<\/p>\n<p>Mo\u017eemo organizirati sve sportove i igre, unutarnje i vanjske, kao i razne teambuilding programe. Osim natjecateljskog djela, ne zaboravljamo ni zabavni dio. Uz organizaciju natjecanja, suce, nagrade, za Vas organiziramo glazbene nastupe i energetsku integraciju doga\u0111aja. Mi preuzimamo brigu o svim organizacijskim aspektima, skidaju\u0107i brigu s va\u0161ih ramena.<\/p>\n<p>Na jedinstvenim lokacijama u Sloveniji i Hrvatskoj odabrat \u0107emo savr\u0161en ambijent za Vas u kojem \u0107ete razvijati kreativne i razli\u010dite ideje u svim godi\u0161njim dobima. U sklopu na\u0161e ponude tako\u0111er nudimo i pru\u017eamo razne mogu\u0107nosti cateringa, gdje na\u0161i partneri s kulinarskom magijom pripremaju vrhunski izbor jela za Vas.<\/p>\n<p>&nbsp;<\/p>\n<p><strong>Usluge koje nudimo:<\/strong><\/p>\n<ul>\n<li>Vrhunski smje\u0161taj s obrocima (prikupljamo sve prijave umjesto Vas i osloba\u0111amo Vas potrebe za komunikacijom s hotelima)<\/li>\n<li>Koncept i program doga\u0111anja<\/li>\n<li>Rezervacija sportske infrastrukture<\/li>\n<li>Organizacija natjecanja (sustav natjecanja &#8211; mogu\u0107nost online aplikacije za pra\u0107enje rezultata; suci, nagrade i priznanja, networking, dodatna zabava)<\/li>\n<li>Kulinarske usluge na mjestu doga\u0111aja<\/li>\n<li>Zabavni program (glazba, performansi)<\/li>\n<li>Transferi (automobili, kombiji, autobusi)<\/li>\n<\/ul>\n<p>Svakom eventu pristupamo na jedinstven na\u010din i na temelju Va\u0161ih \u017eelja osmi\u0161ljavamo program koji \u0107e Va\u0161 doga\u0111aj svim sudionicima u\u010diniti nezaboravnim.<\/p>\n<p>Prepustite nama organizacijske brige i u\u017eivajte!<\/p>\n<p>[\/et_pb_text][et_pb_divider color=&#8221;#E09900&#8243; divider_style=&#8221;dashed&#8221; _builder_version=&#8221;4.24.0&#8243; _module_preset=&#8221;default&#8221; border_color_bottom=&#8221;#E09900&#8243; border_style_bottom=&#8221;dashed&#8221; global_colors_info=&#8221;{}&#8221;][\/et_pb_divider][et_pb_text admin_label=&#8221;Naslov4&#8243; _builder_version=&#8221;4.24.0&#8243; _module_preset=&#8221;default&#8221; custom_padding=&#8221;2px|||||&#8221; global_colors_info=&#8221;{}&#8221;]<\/p>\n<h2><strong><span>KONGRESNI EVENTI<\/span><\/strong><\/h2>\n<p>[\/et_pb_text][et_pb_text admin_label=&#8221;Besedilo4&#8243; _builder_version=&#8221;4.24.0&#8243; _module_preset=&#8221;default&#8221; global_colors_info=&#8221;{}&#8221;]<\/p>\n<p>Kongresi su posebna vrsta poslovnih i stru\u010dnih susreta na kojima se sudionici okupljaju s ciljem razmjene znanja, iskustava i mi\u0161ljenja o odre\u0111enoj temi. Kongresi obi\u010dno okupljaju stru\u010dnjake iz iste ili srodnih industrija te omogu\u0107uju raspravu, prezentaciju istra\u017eivanja i promociju poslovnog umre\u017eavanja.<\/p>\n<p>U suradnji s hotelskim partnerima za vas mo\u017eemo organizirati jednodnevne seminare ili vi\u0161ednevne kongrese na idili\u010dnim lokacijama u Sloveniji i Hrvatskoj.<\/p>\n<p>Klimatizirane konferencijske dvorane s najsuvremenijom audio-video tehnologijom osigurat \u0107e udobna i ugodna predavanja, a pomno odabrana kulinarska ponuda obogatiti \u0107e va\u0161e pauze tijekom doga\u0111anja.<\/p>\n<p>Na\u0161 tim \u0107e biti uz vas na svakom koraku &#8211; od po\u010detne ideje i potrebe za eventom do same realizacije &#8211; osiguravamo najprikladniju lokaciju i pripremu kongresnih dvorana (to\u010dan set-up dvorane, tehnika u dvorani \u2013 osiguravamo i simultano prevo\u0111enje), atraktivan kulinarski izbor za coffee breake, ru\u010dkove i sve\u010dane ve\u010dere, dru\u0161tveni dio programa uz glazbu i vodstvo te razne teambuilding programe.<\/p>\n<p>[\/et_pb_text][et_pb_divider color=&#8221;#E09900&#8243; divider_style=&#8221;dashed&#8221; _builder_version=&#8221;4.24.0&#8243; _module_preset=&#8221;default&#8221; border_color_bottom=&#8221;#E09900&#8243; border_style_bottom=&#8221;dashed&#8221; global_colors_info=&#8221;{}&#8221;][\/et_pb_divider][et_pb_text admin_label=&#8221;Naslov4&#8243; _builder_version=&#8221;4.24.0&#8243; _module_preset=&#8221;default&#8221; custom_padding=&#8221;2px|||||&#8221; global_colors_info=&#8221;{}&#8221;]<\/p>\n<h2><strong><span>ZABAVNI EVENTI<\/span><\/strong><\/h2>\n<p>[\/et_pb_text][et_pb_text admin_label=&#8221;Besedilo4&#8243; _builder_version=&#8221;4.24.0&#8243; _module_preset=&#8221;default&#8221; global_colors_info=&#8221;{}&#8221;]<\/p>\n<p>Naporan rad treba nagraditi opu\u0161tenom zabavom. A garantiramo da \u0107e zabava kod nas biti opu\u0161tena, ali i jedinstvena, puna iznena\u0111enja i svakako nezaboravna.<\/p>\n<p>Za na\u0161e klijente organiziramo sve\u010dani i dru\u0161tveni dio zabave. Preuzimamo teret najma prostora, rezervacije DJ-a ili benda, naru\u010divanjem cateringa i sve\u010dane torte,, organizaciju hostesa, dekoracijom i ukra\u0161avanjem prostora, dizajnom pozivnica i svim ostalim detaljima prema \u017eeljama svakog pojedinca. Svaki event pratimo profesionalnom fotogalerijom i zavr\u0161nim videom. \u00a0<\/p>\n<p>Organiziramo piknike, ro\u0111endane, vjen\u010danja i do\u010deke Nove godine. Svakom eventu pristupamo individualno i pa\u017eljivo biranim detaljima ga \u010dinimo nezaboravnim.<\/p>\n<p><span><\/span><\/p>\n<p><span><\/span><\/p>\n<p><span><\/span><\/p>\n<p><span><\/span><\/p>\n<p>[\/et_pb_text][et_pb_divider color=&#8221;#E09900&#8243; divider_style=&#8221;dashed&#8221; _builder_version=&#8221;4.24.0&#8243; _module_preset=&#8221;default&#8221; border_color_bottom=&#8221;#E09900&#8243; border_style_bottom=&#8221;dashed&#8221; global_colors_info=&#8221;{}&#8221;][\/et_pb_divider][\/et_pb_column][\/et_pb_row][\/et_pb_section]<\/p>\n","protected":false},"excerpt":{"rendered":"<p>EVENTI U dana\u0161njem sve digitalnijem svijetu eventi su neprocjenjiva prilika za odmak od svakodnevne rutine i stvaranje neprocjenjivih uspomena. U sportu su eventi poput utakmica i turnira vrhunac svakog tjedna, mjeseca i sezone, a u poslu su prilika za stjecanje novih znanja i kontakata te za timsko povezivanje. Organizacija evenata jedna je od temeljnih usluga [&hellip;]<\/p>\n","protected":false},"author":1,"featured_media":0,"parent":0,"menu_order":0,"comment_status":"closed","ping_status":"closed","template":"","meta":{"_et_pb_use_builder":"on","_et_pb_old_content":"","_et_gb_content_width":"","footnotes":""},"class_list":["post-6229","page","type-page","status-publish","hentry"],"_links":{"self":[{"href":"https:\/\/www.b4.si\/hr\/wp-json\/wp\/v2\/pages\/6229","targetHints":{"allow":["GET"]}}],"collection":[{"href":"https:\/\/www.b4.si\/hr\/wp-json\/wp\/v2\/pages"}],"about":[{"href":"https:\/\/www.b4.si\/hr\/wp-json\/wp\/v2\/types\/page"}],"author":[{"embeddable":true,"href":"https:\/\/www.b4.si\/hr\/wp-json\/wp\/v2\/users\/1"}],"replies":[{"embeddable":true,"href":"https:\/\/www.b4.si\/hr\/wp-json\/wp\/v2\/comments?post=6229"}],"version-history":[{"count":2,"href":"https:\/\/www.b4.si\/hr\/wp-json\/wp\/v2\/pages\/6229\/revisions"}],"predecessor-version":[{"id":7629,"href":"https:\/\/www.b4.si\/hr\/wp-json\/wp\/v2\/pages\/6229\/revisions\/7629"}],"wp:attachment":[{"href":"https:\/\/www.b4.si\/hr\/wp-json\/wp\/v2\/media?parent=6229"}],"curies":[{"name":"wp","href":"https:\/\/api.w.org\/{rel}","templated":true}]}}