{"id":6232,"date":"2024-02-15T10:29:53","date_gmt":"2024-02-15T10:29:53","guid":{"rendered":"https:\/\/izhod.org\/b4\/sport\/"},"modified":"2024-07-08T06:00:23","modified_gmt":"2024-07-08T06:00:23","slug":"sport","status":"publish","type":"page","link":"https:\/\/www.b4.si\/hr\/sport\/","title":{"rendered":"Sport"},"content":{"rendered":"<p>[et_pb_section fb_built=&#8221;1&#8243; custom_padding_last_edited=&#8221;on|phone&#8221; admin_label=&#8221;Body Sekcija&#8221; module_id=&#8221;round&#8221; module_class=&#8221;round&#8221; _builder_version=&#8221;4.24.0&#8243; _module_preset=&#8221;default&#8221; background_enable_image=&#8221;off&#8221; parallax=&#8221;on&#8221; width_tablet=&#8221;&#8221; width_phone=&#8221;&#8221; width_last_edited=&#8221;on|phone&#8221; module_alignment=&#8221;center&#8221; custom_margin_tablet=&#8221;&#8221; custom_margin_phone=&#8221;&#8221; custom_margin_last_edited=&#8221;on|tablet&#8221; custom_padding=&#8221;250px||0px||false|false&#8221; custom_padding_tablet=&#8221;300px||0px||false|false&#8221; custom_padding_phone=&#8221;300px||0px||false|false&#8221; top_divider_style=&#8221;waves2&#8243; top_divider_color=&#8221;#FFFFFF&#8221; global_colors_info=&#8221;{}&#8221;][et_pb_row _builder_version=&#8221;4.24.0&#8243; _module_preset=&#8221;default&#8221; global_colors_info=&#8221;{}&#8221;][et_pb_column type=&#8221;4_4&#8243; _builder_version=&#8221;4.24.0&#8243; _module_preset=&#8221;default&#8221; global_colors_info=&#8221;{}&#8221;][et_pb_slider dot_nav_custom_color=&#8221;RGBA(255,255,255,0)&#8221; _builder_version=&#8221;4.25.1&#8243; _module_preset=&#8221;default&#8221; height=&#8221;400px&#8221; height_tablet=&#8221;220px&#8221; height_phone=&#8221;159px&#8221; height_last_edited=&#8221;on|phone&#8221; global_colors_info=&#8221;{}&#8221;][et_pb_slide use_bg_overlay=&#8221;off&#8221; use_text_overlay=&#8221;off&#8221; _builder_version=&#8221;4.25.1&#8243; _module_preset=&#8221;default&#8221; background_enable_color=&#8221;off&#8221; background_image=&#8221;https:\/\/b4.si\/wp-content\/uploads\/2024\/05\/B4Sport-e1715683464511.png&#8221; background_enable_image=&#8221;on&#8221; global_colors_info=&#8221;{}&#8221; sticky_transition=&#8221;on&#8221;][\/et_pb_slide][et_pb_slide use_bg_overlay=&#8221;off&#8221; use_text_overlay=&#8221;off&#8221; _builder_version=&#8221;4.25.0&#8243; _module_preset=&#8221;default&#8221; background_enable_color=&#8221;off&#8221; background_image=&#8221;https:\/\/b4.si\/wp-content\/uploads\/2024\/03\/DSC_6784-1.jpg&#8221; background_enable_image=&#8221;on&#8221; background_position=&#8221;bottom_center&#8221; global_colors_info=&#8221;{}&#8221; sticky_transition=&#8221;on&#8221;][\/et_pb_slide][et_pb_slide use_bg_overlay=&#8221;off&#8221; use_text_overlay=&#8221;off&#8221; _builder_version=&#8221;4.25.1&#8243; _module_preset=&#8221;default&#8221; background_enable_color=&#8221;off&#8221; background_image=&#8221;https:\/\/b4.si\/wp-content\/uploads\/2024\/05\/DSC_5929-scaled.jpg&#8221; background_enable_image=&#8221;on&#8221; background_position=&#8221;top_center&#8221; global_colors_info=&#8221;{}&#8221; sticky_transition=&#8221;on&#8221;][\/et_pb_slide][et_pb_slide use_bg_overlay=&#8221;off&#8221; use_text_overlay=&#8221;off&#8221; _builder_version=&#8221;4.25.1&#8243; _module_preset=&#8221;default&#8221; background_enable_color=&#8221;off&#8221; background_image=&#8221;https:\/\/b4.si\/wp-content\/uploads\/2024\/05\/DSC_8177-2-scaled-e1715683295813.jpg&#8221; background_enable_image=&#8221;on&#8221; global_colors_info=&#8221;{}&#8221; sticky_transition=&#8221;on&#8221;][\/et_pb_slide][\/et_pb_slider][et_pb_text admin_label=&#8221;Naslov1&#8243; _builder_version=&#8221;4.24.0&#8243; _module_preset=&#8221;default&#8221; global_colors_info=&#8221;{}&#8221;]<\/p>\n<h2><strong><span>SPORT<\/span><\/strong><\/h2>\n<p><strong><span><\/span><\/strong><\/p>\n<p>[\/et_pb_text][et_pb_text admin_label=&#8221;Besedilo1&#8243; _builder_version=&#8221;4.24.0&#8243; _module_preset=&#8221;default&#8221; global_colors_info=&#8221;{}&#8221;]<\/p>\n<p>U brzom rasporedu utakmica, treninga, kampova i putovanja, profesionalni sportski klubovi i savezi \u010desto tra\u017ee vanjsku pomo\u0107 kako bi osigurali da se njihovi organizacijski i logisti\u010dki projekti provode prema visokim standardima. Ve\u0107 dugi niz godina B4 pru\u017ea ovu vrstu podr\u0161ke slovenskim i stranim klijentima koji se oslanjaju na iskustvo, znanje i dosljednu posve\u0107enost na\u0161eg tima u pru\u017eanju logisti\u010dke podr\u0161ke sportskim timovima i organizacijama na najvi\u0161oj razini.<\/p>\n<p>Uspje\u0161na logisti\u010dka podr\u0161ka elitnim sportskim subjektima zahtijeva, s jedne strane, detaljno poznavanje zahtjeva i o\u010dekivanja trenera, igra\u010da i sportskog osoblja, a s druge strane, \u0161irok raspon kontakata, partnerstava i pozadinskog iskustva u organizaciji turnira, me\u0111unarodna gostovanja, doga\u0111anja, utakmice, kampovi i drugi projekti. Iskustvo, vje\u0161tine i veze B4 le\u017ee na sjeci\u0161tu ovih podru\u010dja.<\/p>\n<p>U mogu\u0107nosti smo za na\u0161e klijente organizirati logistiku me\u0111unarodnih turnira u inozemstvu i Sloveniji, uklju\u010duju\u0107i zra\u010dni i autobusni prijevoz te prijevoz opreme. Na\u0161im partnerima pru\u017eamo organizacijsku i logisti\u010dku pomo\u0107 u realizaciji raznih infrastrukturnih, sportskih i promid\u017ebenih projekata. Primjerice, u pro\u0161losti smo organizirali sva europska putovanja RK Trimo Trebnje, gostovanje Qarabag FK u Ljubljani u sklopu kvalifikacija za Europsku ligu te put i pripreme mu\u0161ke rukometne reprezentacije Slovenije uo\u010di olimpijskog kvalifikacijskog turnira u Barceloni. S Ko\u0161arka\u0161kim savezom Slovenije i Rukometnim savezom Slovenije sura\u0111ujemo na dugoro\u010dnoj partnerskoj razini na podru\u010dju priprema \u010dlanskih i mladih reprezentacija i organizacije evenata.<\/p>\n<p>Ako \u017eelite logisti\u010dkog partnera koji razumije sport i na kojeg se mo\u017eete osloniti za svoj sljede\u0107i veliki ili mali projekt, kontaktirajte nas na <span><a href=\"mailto:info@b4.si\">info@b4.si<\/a><\/span><\/p>\n<p><strong><span> <\/span><\/strong><\/p>\n<p>[\/et_pb_text][et_pb_divider color=&#8221;#E09900&#8243; divider_style=&#8221;dashed&#8221; _builder_version=&#8221;4.24.0&#8243; _module_preset=&#8221;default&#8221; border_color_bottom=&#8221;#E09900&#8243; border_style_bottom=&#8221;dashed&#8221; global_colors_info=&#8221;{}&#8221;][\/et_pb_divider][\/et_pb_column][\/et_pb_row][\/et_pb_section]<\/p>\n","protected":false},"excerpt":{"rendered":"<p>SPORT U brzom rasporedu utakmica, treninga, kampova i putovanja, profesionalni sportski klubovi i savezi \u010desto tra\u017ee vanjsku pomo\u0107 kako bi osigurali da se njihovi organizacijski i logisti\u010dki projekti provode prema visokim standardima. Ve\u0107 dugi niz godina B4 pru\u017ea ovu vrstu podr\u0161ke slovenskim i stranim klijentima koji se oslanjaju na iskustvo, znanje i dosljednu posve\u0107enost na\u0161eg [&hellip;]<\/p>\n","protected":false},"author":1,"featured_media":0,"parent":0,"menu_order":0,"comment_status":"closed","ping_status":"closed","template":"","meta":{"_et_pb_use_builder":"on","_et_pb_old_content":"","_et_gb_content_width":"","footnotes":""},"class_list":["post-6232","page","type-page","status-publish","hentry"],"_links":{"self":[{"href":"https:\/\/www.b4.si\/hr\/wp-json\/wp\/v2\/pages\/6232","targetHints":{"allow":["GET"]}}],"collection":[{"href":"https:\/\/www.b4.si\/hr\/wp-json\/wp\/v2\/pages"}],"about":[{"href":"https:\/\/www.b4.si\/hr\/wp-json\/wp\/v2\/types\/page"}],"author":[{"embeddable":true,"href":"https:\/\/www.b4.si\/hr\/wp-json\/wp\/v2\/users\/1"}],"replies":[{"embeddable":true,"href":"https:\/\/www.b4.si\/hr\/wp-json\/wp\/v2\/comments?post=6232"}],"version-history":[{"count":2,"href":"https:\/\/www.b4.si\/hr\/wp-json\/wp\/v2\/pages\/6232\/revisions"}],"predecessor-version":[{"id":7699,"href":"https:\/\/www.b4.si\/hr\/wp-json\/wp\/v2\/pages\/6232\/revisions\/7699"}],"wp:attachment":[{"href":"https:\/\/www.b4.si\/hr\/wp-json\/wp\/v2\/media?parent=6232"}],"curies":[{"name":"wp","href":"https:\/\/api.w.org\/{rel}","templated":true}]}}