{"id":6235,"date":"2024-02-15T10:31:54","date_gmt":"2024-02-15T10:31:54","guid":{"rendered":"https:\/\/izhod.org\/b4\/pocitnice\/"},"modified":"2024-05-27T08:50:08","modified_gmt":"2024-05-27T08:50:08","slug":"pocitnice","status":"publish","type":"page","link":"https:\/\/www.b4.si\/hr\/pocitnice\/","title":{"rendered":"Po\u010ditnice"},"content":{"rendered":"<p>[et_pb_section fb_built=&#8221;1&#8243; custom_padding_last_edited=&#8221;on|phone&#8221; admin_label=&#8221;Body Sekcija&#8221; module_id=&#8221;round&#8221; module_class=&#8221;round&#8221; _builder_version=&#8221;4.24.0&#8243; _module_preset=&#8221;default&#8221; background_enable_image=&#8221;off&#8221; parallax=&#8221;on&#8221; width_tablet=&#8221;&#8221; width_phone=&#8221;&#8221; width_last_edited=&#8221;on|phone&#8221; module_alignment=&#8221;center&#8221; custom_margin_tablet=&#8221;&#8221; custom_margin_phone=&#8221;&#8221; custom_margin_last_edited=&#8221;on|tablet&#8221; custom_padding=&#8221;250px||0px||false|false&#8221; custom_padding_tablet=&#8221;300px||0px||false|false&#8221; custom_padding_phone=&#8221;300px||0px||false|false&#8221; top_divider_style=&#8221;waves2&#8243; top_divider_color=&#8221;#FFFFFF&#8221; global_colors_info=&#8221;{}&#8221;][et_pb_row _builder_version=&#8221;4.24.0&#8243; _module_preset=&#8221;default&#8221; global_colors_info=&#8221;{}&#8221;][et_pb_column type=&#8221;4_4&#8243; _builder_version=&#8221;4.24.0&#8243; _module_preset=&#8221;default&#8221; global_colors_info=&#8221;{}&#8221;][et_pb_slider dot_nav_custom_color=&#8221;RGBA(255,255,255,0)&#8221; _builder_version=&#8221;4.25.0&#8243; _module_preset=&#8221;default&#8221; height=&#8221;400px&#8221; height_tablet=&#8221;220px&#8221; height_phone=&#8221;159px&#8221; height_last_edited=&#8221;on|phone&#8221; global_colors_info=&#8221;{}&#8221;][et_pb_slide use_bg_overlay=&#8221;off&#8221; use_text_overlay=&#8221;off&#8221; _builder_version=&#8221;4.25.0&#8243; _module_preset=&#8221;default&#8221; background_enable_color=&#8221;off&#8221; background_image=&#8221;https:\/\/b4.si\/wp-content\/uploads\/2024\/05\/accommodation-novigrad.jpg&#8221; background_enable_image=&#8221;on&#8221; global_colors_info=&#8221;{}&#8221; sticky_transition=&#8221;on&#8221;][\/et_pb_slide][et_pb_slide use_bg_overlay=&#8221;off&#8221; use_text_overlay=&#8221;off&#8221; _builder_version=&#8221;4.25.0&#8243; _module_preset=&#8221;default&#8221; background_enable_color=&#8221;off&#8221; background_image=&#8221;https:\/\/b4.si\/wp-content\/uploads\/2024\/05\/Grad-Umag-avio-panorama-stari-grad-1024&#215;683-1.jpg&#8221; background_enable_image=&#8221;on&#8221; global_colors_info=&#8221;{}&#8221; sticky_transition=&#8221;on&#8221;][\/et_pb_slide][et_pb_slide use_bg_overlay=&#8221;off&#8221; use_text_overlay=&#8221;off&#8221; _builder_version=&#8221;4.25.0&#8243; _module_preset=&#8221;default&#8221; background_enable_color=&#8221;off&#8221; background_image=&#8221;https:\/\/b4.si\/wp-content\/uploads\/2024\/05\/F000797-17_dan_v_oktobru_aday_in_october_3733_orig_jpg-photo-m-1.jpg&#8221; background_enable_image=&#8221;on&#8221; global_colors_info=&#8221;{}&#8221; sticky_transition=&#8221;on&#8221;][\/et_pb_slide][\/et_pb_slider][et_pb_text admin_label=&#8221;Naslov1&#8243; _builder_version=&#8221;4.25.1&#8243; _module_preset=&#8221;default&#8221; global_colors_info=&#8221;{}&#8221;]<\/p>\n<h2><strong><span>TURISTI\u010cKI ARAN\u017dMANI<\/span><\/strong><\/h2>\n<p>[\/et_pb_text][et_pb_text admin_label=&#8221;Besedilo1&#8243; _builder_version=&#8221;4.25.1&#8243; _module_preset=&#8221;default&#8221; global_colors_info=&#8221;{}&#8221;]<\/p>\n<p>Najnovija usluga koju nudi B4 agencija, ali je i jedan od \u010detiri temelja koje tvrtka razvija. Za Vas organiziramo odmor, izlete i nezaboravna iskustva!<\/p>\n<p>\u00a0Ne fokusiramo se na masovni turizam, ve\u0107 razvijamo boutique turisti\u010dke aran\u017emane s individualnim pristupom. Osobito na lokacijama koje dobro poznajemo kroz na\u0161u vode\u0107u industriju sportskog turizma. Bavimo se kako &#8220;incoming&#8221; turizmom tako i &#8220;outgoing&#8221; turizmom.<\/p>\n<p>Za svaki aran\u017eman nudimo ne\u0161to druga\u010dije, bitni su detalji i sitnice te razli\u010diti i zanimljivi programi. Boutique, druga\u010diji, i programsko zanimljivi. Posve\u0107eno smo svakoj rezervaciji pojedina\u010dno, za nas svaki gost ima ime i prezime. Na\u0161 tim \u0107e se pobrinuti za sve \u017eelje i ukuse putovanja.<\/p>\n<p>Vi\u0161e informacija: <a href=\"mailto:holidays@b4.si\">holidays@b4.si<\/a><\/p>\n<p>[\/et_pb_text][et_pb_divider color=&#8221;#E09900&#8243; divider_style=&#8221;dashed&#8221; _builder_version=&#8221;4.24.0&#8243; _module_preset=&#8221;default&#8221; border_color_bottom=&#8221;#E09900&#8243; border_style_bottom=&#8221;dashed&#8221; global_colors_info=&#8221;{}&#8221;][\/et_pb_divider][\/et_pb_column][\/et_pb_row][\/et_pb_section]<\/p>\n","protected":false},"excerpt":{"rendered":"<p>TURISTI\u010cKI ARAN\u017dMANINajnovija usluga koju nudi B4 agencija, ali je i jedan od \u010detiri temelja koje tvrtka razvija. Za Vas organiziramo odmor, izlete i nezaboravna iskustva! \u00a0Ne fokusiramo se na masovni turizam, ve\u0107 razvijamo boutique turisti\u010dke aran\u017emane s individualnim pristupom. Osobito na lokacijama koje dobro poznajemo kroz na\u0161u vode\u0107u industriju sportskog turizma. Bavimo se kako &#8220;incoming&#8221; [&hellip;]<\/p>\n","protected":false},"author":1,"featured_media":0,"parent":0,"menu_order":0,"comment_status":"closed","ping_status":"closed","template":"","meta":{"_et_pb_use_builder":"on","_et_pb_old_content":"","_et_gb_content_width":"","footnotes":""},"class_list":["post-6235","page","type-page","status-publish","hentry"],"_links":{"self":[{"href":"https:\/\/www.b4.si\/hr\/wp-json\/wp\/v2\/pages\/6235","targetHints":{"allow":["GET"]}}],"collection":[{"href":"https:\/\/www.b4.si\/hr\/wp-json\/wp\/v2\/pages"}],"about":[{"href":"https:\/\/www.b4.si\/hr\/wp-json\/wp\/v2\/types\/page"}],"author":[{"embeddable":true,"href":"https:\/\/www.b4.si\/hr\/wp-json\/wp\/v2\/users\/1"}],"replies":[{"embeddable":true,"href":"https:\/\/www.b4.si\/hr\/wp-json\/wp\/v2\/comments?post=6235"}],"version-history":[{"count":2,"href":"https:\/\/www.b4.si\/hr\/wp-json\/wp\/v2\/pages\/6235\/revisions"}],"predecessor-version":[{"id":6995,"href":"https:\/\/www.b4.si\/hr\/wp-json\/wp\/v2\/pages\/6235\/revisions\/6995"}],"wp:attachment":[{"href":"https:\/\/www.b4.si\/hr\/wp-json\/wp\/v2\/media?parent=6235"}],"curies":[{"name":"wp","href":"https:\/\/api.w.org\/{rel}","templated":true}]}}