{"id":5483,"date":"2024-04-08T16:28:54","date_gmt":"2024-04-08T16:28:54","guid":{"rendered":"https:\/\/izhod.org\/b4\/pretekli-turnirji\/"},"modified":"2025-05-20T23:28:59","modified_gmt":"2025-05-20T23:28:59","slug":"pretekli-turnirji","status":"publish","type":"page","link":"https:\/\/www.b4.si\/hu\/pretekli-turnirji\/","title":{"rendered":"Pretekli turnirji"},"content":{"rendered":"<p>[et_pb_section fb_built=&#8221;1&#8243; fullwidth=&#8221;on&#8221; disabled_on=&#8221;on|on|off&#8221; admin_label=&#8221;HERO LOKACIJE&#8221; _builder_version=&#8221;4.24.2&#8243; _module_preset=&#8221;default&#8221; bottom_divider_style=&#8221;slant&#8221; bottom_divider_color=&#8221;#FFFFFF&#8221; locked=&#8221;off&#8221; global_colors_info=&#8221;{}&#8221;][et_pb_fullwidth_slider show_content_on_mobile=&#8221;off&#8221; show_cta_on_mobile=&#8221;off&#8221; use_bg_overlay=&#8221;off&#8221; use_text_overlay=&#8221;off&#8221; arrows_custom_color=&#8221;#E09900&#8243; dot_nav_custom_color=&#8221;#E09900&#8243; disabled_on=&#8221;on|on|off&#8221; admin_label=&#8221;Fullwidth Slider desktop&#8221; _builder_version=&#8221;4.24.2&#8243; _module_preset=&#8221;default&#8221; background_color=&#8221;#FFFFFF&#8221; z_index=&#8221;0&#8243; module_alignment=&#8221;left&#8221; height=&#8221;650px&#8221; custom_css_main_element=&#8221;border-radius: 0px !important;&#8221; global_colors_info=&#8221;{}&#8221;][et_pb_slide use_bg_overlay=&#8221;off&#8221; use_text_overlay=&#8221;off&#8221; _builder_version=&#8221;4.24.2&#8243; _module_preset=&#8221;default&#8221; header_font=&#8221;Open Sans||||||||&#8221; header_letter_spacing=&#8221;0px&#8221; body_font=&#8221;Open Sans|300|||||||&#8221; body_text_align=&#8221;center&#8221; body_letter_spacing=&#8221;1px&#8221; body_line_height=&#8221;2.1em&#8221; background_color=&#8221;RGBA(255,255,255,0)&#8221; background_enable_color=&#8221;on&#8221; background_image=&#8221;https:\/\/b4.si\/wp-content\/uploads\/2024\/04\/B4_banner_UmagTrophy.jpg&#8221; background_enable_image=&#8221;on&#8221; custom_button=&#8221;on&#8221; button_text_size=&#8221;33px&#8221; button_text_color=&#8221;#FFFFFF&#8221; button_border_width=&#8221;0px&#8221; button_border_color=&#8221;RGBA(255,255,255,0)&#8221; button_border_radius=&#8221;20px&#8221; button_letter_spacing=&#8221;1px&#8221; button_font=&#8221;|700|||||||&#8221; button_use_icon=&#8221;on&#8221; button_icon=&#8221;&#xe01d;||divi||400&#8243; button_icon_color=&#8221;#E09900&#8243; button_icon_placement=&#8221;left&#8221; button_on_hover=&#8221;off&#8221; button_alignment=&#8221;left&#8221; button_custom_margin=&#8221;0px|||0px|false|false&#8221; text_orientation=&#8221;center&#8221; width=&#8221;55%&#8221; max_width=&#8221;100%&#8221; custom_padding=&#8221;50px||||false|false&#8221; custom_padding_tablet=&#8221;50px||||false|false&#8221; custom_padding_phone=&#8221;50px||||false|false&#8221; custom_padding_last_edited=&#8221;on|desktop&#8221; global_colors_info=&#8221;{}&#8221; body_line_height__hover_enabled=&#8221;on|desktop&#8221; body_line_height__hover=&#8221;2.2em&#8221; sticky_transition=&#8221;on&#8221;][\/et_pb_slide][\/et_pb_fullwidth_slider][\/et_pb_section][et_pb_section fb_built=&#8221;1&#8243; custom_padding_last_edited=&#8221;on|phone&#8221; admin_label=&#8221;Body Sekcija&#8221; module_id=&#8221;round&#8221; module_class=&#8221;round&#8221; _builder_version=&#8221;4.24.2&#8243; _module_preset=&#8221;default&#8221; background_enable_image=&#8221;off&#8221; parallax=&#8221;on&#8221; width_tablet=&#8221;&#8221; width_phone=&#8221;&#8221; width_last_edited=&#8221;on|phone&#8221; module_alignment=&#8221;center&#8221; custom_margin_tablet=&#8221;&#8221; custom_margin_phone=&#8221;&#8221; custom_margin_last_edited=&#8221;on|tablet&#8221; custom_padding=&#8221;20px||0px||false|false&#8221; custom_padding_tablet=&#8221;300px||0px||false|false&#8221; custom_padding_phone=&#8221;300px||0px||false|false&#8221; top_divider_color=&#8221;#FFFFFF&#8221; global_colors_info=&#8221;{}&#8221;][et_pb_row _builder_version=&#8221;4.24.2&#8243; _module_preset=&#8221;default&#8221; module_alignment=&#8221;center&#8221; global_colors_info=&#8221;{}&#8221;][et_pb_column type=&#8221;4_4&#8243; _builder_version=&#8221;4.24.0&#8243; _module_preset=&#8221;default&#8221; global_colors_info=&#8221;{}&#8221;][et_pb_text admin_label=&#8221;Naslov1&#8243; _builder_version=&#8221;4.24.2&#8243; _module_preset=&#8221;default&#8221; global_colors_info=&#8221;{}&#8221;]<\/p>\n<h2>UMAG TROPHY: Liga prvakov v kategoriji otro\u0161kih nasmehov in nepozabnih spominov<\/h2>\n<p>[\/et_pb_text][et_pb_divider color=&#8221;#E09900&#8243; divider_style=&#8221;dashed&#8221; _builder_version=&#8221;4.24.2&#8243; _module_preset=&#8221;default&#8221; border_color_bottom=&#8221;#E09900&#8243; border_style_bottom=&#8221;dashed&#8221; global_colors_info=&#8221;{}&#8221;][\/et_pb_divider][et_pb_text admin_label=&#8221;Besedilo2&#8243; _builder_version=&#8221;4.27.4&#8243; _module_preset=&#8221;default&#8221; hover_enabled=&#8221;0&#8243; global_colors_info=&#8221;{}&#8221; sticky_enabled=&#8221;0&#8243;]<\/p>\n<p>Umag Trophy dandanes velja za najve\u010dji in najkakovostnej\u0161i turnir za mlade nogometa\u0161e v regiji in enega najve\u010djih v Evropi. A \u0161tevil\u010dnost udele\u017ebe je zgolj posledica tradicije, organiziranosti in inovativnosti, ki predstavljajo nosilne stebre nogometnih turnirjev Umag Trophy, ki bodo v letu 2025 praznovali svojo jubilejno deseto obletnico.<\/p>\n<p>Za\u010delo se je z dvema starostnima kategorijama na eni lokaciji, na igri\u0161\u010du v Katoru, ki \u0161e danes ostaja pomembne ko\u0161\u010dem v mozaiku pristne Umag Trophy izku\u0161nje vsakega udele\u017eenca.<\/p>\n<p>Po prvem turnirju v letu 2016 je Umag Trophy rastel zmerno, organsko, z zanesljivimi koraki. Med tujimi ekipami, ki so zapisala med udele\u017eence nogometnega praznika v Istri, so se MTK Budapest kmalu pridru\u017eili Crvena Zvezda, Inter in Benfica.<\/p>\n<p>Potencial je v turnirjih Umag Trophy kmalu prepoznala tudi lokalna skupnost. Turisti\u010dna organizacije mesta Umag projekt podpira od tretje edicije, z leti so namre\u010d nogometni turnirji v organizaciji B4 prerasli \u0161portne okvirje. Igralci, trenerji, predstavniki klubov ter star\u0161i in ostali spremljevalci, katerih skupno \u0161tevila dosegla tudi do 20.000 na edicijo, so dele\u017eni vse bogatej\u0161ega spremljevalnega programa v obliki otvoritvene slovesnosti na stadionu ATP Gorana Ivani\u0161evi\u0107a, animacije za otroke, ve\u010derov \u017eive glasbe ter zaklju\u010dne ceremonije.<\/p>\n<p>Navkljub ekspanziji in \u0161tevilnim velikanom iz Italije (Juventus, AC Milan, Internazionale Milano, Hellas Verona, Udinese, Parma), \u0160panija (Barcelona), Anglije (Arsenal), Portugalske (Benfica), Srbije (Crvena Zvezda, Partizan) in Avstrije (Red Bull Salzburg), ki se vsako leto udele\u017eijo turnirja, bo Umag Trophy vedno ostal turnir za vse. Z \u017eeljo, da mladim slovenskih nogometa\u0161em v bli\u017eini svojega doma ponudimo prilo\u017enost igranja proti najve\u010djim klubom na svetu in preizku\u0161anja svojih ve\u0161\u010din proti vrstnikom s \u0161tevilnih drugih dr\u017eav, bomo \u0161e naprej gradili, pripravljali in vlagali. Ves trud je na koncu popla\u010dan z ne\u0161tetimi otro\u0161kimi nasmehi na in ob igri\u0161\u010dih v Umagu.<\/p>\n<p>Jubilejna <a href=\"https:\/\/www.b4.si\/umag-trophy-2025-pettedenski-vrhunec-desetletja-turnirja\/\">deseta izvedba<\/a> turnirja Umag Trophy v letu 2025 je s petimi tedni vrhunske turnirske izku\u0161nje poru\u0161ila \u0161tevilne rekorde glede \u0161tevila ekip, tekem, vsebinske bogatosti spremljevalnega programa in dosega ter prepoznavnosti dogodka. Umag Trophy tako v novo desetletje vstopa na trdnih temeljih tradicije in zagonom po stalnem napredku in izbolj\u0161avah.<\/p>\n<p>[\/et_pb_text][et_pb_divider color=&#8221;#E09900&#8243; divider_style=&#8221;dashed&#8221; _builder_version=&#8221;4.24.0&#8243; _module_preset=&#8221;default&#8221; border_color_bottom=&#8221;#E09900&#8243; border_style_bottom=&#8221;dashed&#8221; global_colors_info=&#8221;{}&#8221;][\/et_pb_divider][\/et_pb_column][\/et_pb_row][et_pb_row _builder_version=&#8221;4.24.0&#8243; _module_preset=&#8221;default&#8221; global_colors_info=&#8221;{}&#8221;][et_pb_column type=&#8221;4_4&#8243; _builder_version=&#8221;4.24.2&#8243; _module_preset=&#8221;default&#8221; custom_padding=&#8221;0px||20px||false|false&#8221; global_colors_info=&#8221;{}&#8221;][et_pb_slider dot_nav_custom_color=&#8221;RGBA(255,255,255,0)&#8221; _builder_version=&#8221;4.25.1&#8243; _module_preset=&#8221;default&#8221; height=&#8221;400px&#8221; height_tablet=&#8221;220px&#8221; height_phone=&#8221;159px&#8221; height_last_edited=&#8221;on|phone&#8221; global_colors_info=&#8221;{}&#8221;][et_pb_slide use_bg_overlay=&#8221;off&#8221; use_text_overlay=&#8221;off&#8221; _builder_version=&#8221;4.25.1&#8243; _module_preset=&#8221;default&#8221; background_enable_color=&#8221;off&#8221; background_image=&#8221;https:\/\/b4.si\/wp-content\/uploads\/2024\/05\/437904311_18112318669372610_2924170421071443431_n.jpg&#8221; background_enable_image=&#8221;on&#8221; global_colors_info=&#8221;{}&#8221; sticky_transition=&#8221;on&#8221;][\/et_pb_slide][et_pb_slide use_bg_overlay=&#8221;off&#8221; use_text_overlay=&#8221;off&#8221; _builder_version=&#8221;4.25.1&#8243; _module_preset=&#8221;default&#8221; background_enable_color=&#8221;off&#8221; background_image=&#8221;https:\/\/b4.si\/wp-content\/uploads\/2024\/05\/UT24_21_04_2024_U13_U14_338-scaled-e1715621524974.jpg&#8221; background_enable_image=&#8221;on&#8221; global_colors_info=&#8221;{}&#8221; sticky_transition=&#8221;on&#8221;][\/et_pb_slide][et_pb_slide use_bg_overlay=&#8221;off&#8221; use_text_overlay=&#8221;off&#8221; _builder_version=&#8221;4.25.1&#8243; _module_preset=&#8221;default&#8221; background_enable_color=&#8221;off&#8221; background_image=&#8221;https:\/\/b4.si\/wp-content\/uploads\/2024\/05\/UT24_U10_11_OTVORITEV_077-scaled.jpg&#8221; background_enable_image=&#8221;on&#8221; global_colors_info=&#8221;{}&#8221; sticky_transition=&#8221;on&#8221;][\/et_pb_slide][\/et_pb_slider][\/et_pb_column][\/et_pb_row][et_pb_row column_structure=&#8221;1_4,1_4,1_4,1_4&#8243; make_equal=&#8221;on&#8221; admin_label=&#8221;Row winners 8-11&#8243; _builder_version=&#8221;4.24.3&#8243; _module_preset=&#8221;default&#8221; custom_margin=&#8221;50px||50px||true|false&#8221; global_colors_info=&#8221;{}&#8221;][et_pb_column type=&#8221;1_4&#8243; _builder_version=&#8221;4.24.2&#8243; _module_preset=&#8221;default&#8221; global_colors_info=&#8221;{}&#8221;][et_pb_image src=&#8221;https:\/\/www.b4.si\/wp-content\/uploads\/2025\/05\/B4_banner_Umag_Trophy_winners_U8.png&#8221; title_text=&#8221;B4_banner_Umag_Trophy_winners_U8&#8243; _builder_version=&#8221;4.27.4&#8243; _module_preset=&#8221;default&#8221; hover_enabled=&#8221;0&#8243; global_colors_info=&#8221;{}&#8221; sticky_enabled=&#8221;0&#8243;][\/et_pb_image][\/et_pb_column][et_pb_column type=&#8221;1_4&#8243; _builder_version=&#8221;4.24.2&#8243; _module_preset=&#8221;default&#8221; global_colors_info=&#8221;{}&#8221;][et_pb_image src=&#8221;https:\/\/www.b4.si\/wp-content\/uploads\/2025\/05\/B4_banner_Umag_Trophy_winners_U9.png&#8221; title_text=&#8221;B4_banner_Umag_Trophy_winners_U9&#8243; _builder_version=&#8221;4.27.4&#8243; _module_preset=&#8221;default&#8221; hover_enabled=&#8221;0&#8243; global_colors_info=&#8221;{}&#8221; sticky_enabled=&#8221;0&#8243;][\/et_pb_image][\/et_pb_column][et_pb_column type=&#8221;1_4&#8243; _builder_version=&#8221;4.24.2&#8243; _module_preset=&#8221;default&#8221; global_colors_info=&#8221;{}&#8221;][et_pb_image src=&#8221;https:\/\/www.b4.si\/wp-content\/uploads\/2025\/05\/B4_banner_Umag_Trophy_winners_U10.png&#8221; title_text=&#8221;B4_banner_Umag_Trophy_winners_U10&#8243; _builder_version=&#8221;4.27.4&#8243; _module_preset=&#8221;default&#8221; hover_enabled=&#8221;0&#8243; global_colors_info=&#8221;{}&#8221; sticky_enabled=&#8221;0&#8243;][\/et_pb_image][\/et_pb_column][et_pb_column type=&#8221;1_4&#8243; _builder_version=&#8221;4.24.2&#8243; _module_preset=&#8221;default&#8221; global_colors_info=&#8221;{}&#8221;][et_pb_image src=&#8221;https:\/\/www.b4.si\/wp-content\/uploads\/2025\/05\/B4_banner_Umag_Trophy_winners_U11.png&#8221; title_text=&#8221;B4_banner_Umag_Trophy_winners_U11&#8243; _builder_version=&#8221;4.27.4&#8243; _module_preset=&#8221;default&#8221; hover_enabled=&#8221;0&#8243; global_colors_info=&#8221;{}&#8221; sticky_enabled=&#8221;0&#8243;][\/et_pb_image][\/et_pb_column][\/et_pb_row][et_pb_row column_structure=&#8221;1_4,1_4,1_4,1_4&#8243; make_equal=&#8221;on&#8221; admin_label=&#8221;Row winners 12-14&#8243; _builder_version=&#8221;4.24.3&#8243; _module_preset=&#8221;default&#8221; custom_margin=&#8221;50px||50px||true|false&#8221; global_colors_info=&#8221;{}&#8221;][et_pb_column type=&#8221;1_4&#8243; _builder_version=&#8221;4.24.2&#8243; _module_preset=&#8221;default&#8221; global_colors_info=&#8221;{}&#8221;][et_pb_image src=&#8221;https:\/\/www.b4.si\/wp-content\/uploads\/2025\/05\/B4_banner_Umag_Trophy_winners_U12.png&#8221; title_text=&#8221;B4_banner_Umag_Trophy_winners_U12&#8243; _builder_version=&#8221;4.27.4&#8243; _module_preset=&#8221;default&#8221; hover_enabled=&#8221;0&#8243; global_colors_info=&#8221;{}&#8221; sticky_enabled=&#8221;0&#8243;][\/et_pb_image][\/et_pb_column][et_pb_column type=&#8221;1_4&#8243; _builder_version=&#8221;4.24.2&#8243; _module_preset=&#8221;default&#8221; global_colors_info=&#8221;{}&#8221;][et_pb_image src=&#8221;https:\/\/www.b4.si\/wp-content\/uploads\/2025\/05\/B4_banner_Umag_Trophy_winners_U13.png&#8221; title_text=&#8221;B4_banner_Umag_Trophy_winners_U13&#8243; _builder_version=&#8221;4.27.4&#8243; _module_preset=&#8221;default&#8221; hover_enabled=&#8221;0&#8243; global_colors_info=&#8221;{}&#8221; sticky_enabled=&#8221;0&#8243;][\/et_pb_image][\/et_pb_column][et_pb_column type=&#8221;1_4&#8243; _builder_version=&#8221;4.24.2&#8243; _module_preset=&#8221;default&#8221; global_colors_info=&#8221;{}&#8221;][et_pb_image src=&#8221;https:\/\/www.b4.si\/wp-content\/uploads\/2025\/05\/B4_banner_Umag_Trophy_winners_U14.png&#8221; title_text=&#8221;B4_banner_Umag_Trophy_winners_U14&#8243; _builder_version=&#8221;4.27.4&#8243; _module_preset=&#8221;default&#8221; hover_enabled=&#8221;0&#8243; global_colors_info=&#8221;{}&#8221; sticky_enabled=&#8221;0&#8243;][\/et_pb_image][\/et_pb_column][et_pb_column type=&#8221;1_4&#8243; _builder_version=&#8221;4.24.2&#8243; _module_preset=&#8221;default&#8221; global_colors_info=&#8221;{}&#8221;][\/et_pb_column][\/et_pb_row][et_pb_row _builder_version=&#8221;4.24.2&#8243; _module_preset=&#8221;default&#8221; custom_margin=&#8221;||100px||false|false&#8221; global_colors_info=&#8221;{}&#8221;][et_pb_column type=&#8221;4_4&#8243; _builder_version=&#8221;4.24.2&#8243; _module_preset=&#8221;default&#8221; global_colors_info=&#8221;{}&#8221;][et_pb_video_slider _builder_version=&#8221;4.27.4&#8243; _module_preset=&#8221;default&#8221; global_colors_info=&#8221;{}&#8221;][et_pb_video_slider_item src=&#8221;https:\/\/www.youtube.com\/watch?v=T1LBXJRc3cI&#8221; _builder_version=&#8221;4.27.4&#8243; _module_preset=&#8221;default&#8221; hover_enabled=&#8221;0&#8243; global_colors_info=&#8221;{}&#8221; show_image_overlay=&#8221;off&#8221; sticky_enabled=&#8221;0&#8243;][\/et_pb_video_slider_item][et_pb_video_slider_item src=&#8221;https:\/\/www.youtube.com\/watch?v=vgYzCCX74EQ&#8221; _builder_version=&#8221;4.25.1&#8243; _module_preset=&#8221;default&#8221; global_colors_info=&#8221;{}&#8221; show_image_overlay=&#8221;off&#8221;][\/et_pb_video_slider_item][et_pb_video_slider_item src=&#8221;https:\/\/www.youtube.com\/watch?v=vcu4RQ4SfEk&#8221; _builder_version=&#8221;4.24.2&#8243; _module_preset=&#8221;default&#8221; global_colors_info=&#8221;{}&#8221; show_image_overlay=&#8221;off&#8221;][\/et_pb_video_slider_item][et_pb_video_slider_item src=&#8221;https:\/\/www.youtube.com\/watch?v=63MN0uCqXgM&#8221; _builder_version=&#8221;4.24.2&#8243; _module_preset=&#8221;default&#8221; global_colors_info=&#8221;{}&#8221; show_image_overlay=&#8221;off&#8221;][\/et_pb_video_slider_item][et_pb_video_slider_item src=&#8221;https:\/\/www.youtube.com\/watch?v=jhQFvnSvbTw&#8221; _builder_version=&#8221;4.24.2&#8243; _module_preset=&#8221;default&#8221; global_colors_info=&#8221;{}&#8221; show_image_overlay=&#8221;off&#8221;][\/et_pb_video_slider_item][\/et_pb_video_slider][\/et_pb_column][\/et_pb_row][\/et_pb_section]<\/p>\n","protected":false},"excerpt":{"rendered":"<p>UMAG TROPHY: Liga prvakov v kategoriji otro\u0161kih nasmehov in nepozabnih spominovUmag Trophy dandanes velja za najve\u010dji in najkakovostnej\u0161i turnir za mlade nogometa\u0161e v regiji in enega najve\u010djih v Evropi. A \u0161tevil\u010dnost udele\u017ebe je zgolj posledica tradicije, organiziranosti in inovativnosti, ki predstavljajo nosilne stebre nogometnih turnirjev Umag Trophy, ki bodo v letu 2025 praznovali svojo jubilejno [&hellip;]<\/p>\n","protected":false},"author":1,"featured_media":0,"parent":0,"menu_order":0,"comment_status":"closed","ping_status":"closed","template":"","meta":{"_et_pb_use_builder":"on","_et_pb_old_content":"","_et_gb_content_width":"","footnotes":""},"class_list":["post-5483","page","type-page","status-publish","hentry"],"_links":{"self":[{"href":"https:\/\/www.b4.si\/hu\/wp-json\/wp\/v2\/pages\/5483","targetHints":{"allow":["GET"]}}],"collection":[{"href":"https:\/\/www.b4.si\/hu\/wp-json\/wp\/v2\/pages"}],"about":[{"href":"https:\/\/www.b4.si\/hu\/wp-json\/wp\/v2\/types\/page"}],"author":[{"embeddable":true,"href":"https:\/\/www.b4.si\/hu\/wp-json\/wp\/v2\/users\/1"}],"replies":[{"embeddable":true,"href":"https:\/\/www.b4.si\/hu\/wp-json\/wp\/v2\/comments?post=5483"}],"version-history":[{"count":4,"href":"https:\/\/www.b4.si\/hu\/wp-json\/wp\/v2\/pages\/5483\/revisions"}],"predecessor-version":[{"id":9481,"href":"https:\/\/www.b4.si\/hu\/wp-json\/wp\/v2\/pages\/5483\/revisions\/9481"}],"wp:attachment":[{"href":"https:\/\/www.b4.si\/hu\/wp-json\/wp\/v2\/media?parent=5483"}],"curies":[{"name":"wp","href":"https:\/\/api.w.org\/{rel}","templated":true}]}}