{"id":5538,"date":"2024-02-09T13:43:15","date_gmt":"2024-02-09T13:43:15","guid":{"rendered":"https:\/\/izhod.org\/b4\/o-podjetju\/"},"modified":"2025-10-30T19:09:28","modified_gmt":"2025-10-30T19:09:28","slug":"o-podjetju","status":"publish","type":"page","link":"https:\/\/www.b4.si\/hu\/o-podjetju\/","title":{"rendered":"O podjetju"},"content":{"rendered":"<p>[et_pb_section fb_built=&#8221;1&#8243; custom_padding_last_edited=&#8221;on|phone&#8221; admin_label=&#8221;Body Sekcija&#8221; module_id=&#8221;round&#8221; module_class=&#8221;round&#8221; _builder_version=&#8221;4.24.0&#8243; _module_preset=&#8221;default&#8221; background_enable_image=&#8221;off&#8221; parallax=&#8221;on&#8221; width_tablet=&#8221;&#8221; width_phone=&#8221;&#8221; width_last_edited=&#8221;on|phone&#8221; module_alignment=&#8221;center&#8221; custom_margin_tablet=&#8221;&#8221; custom_margin_phone=&#8221;&#8221; custom_margin_last_edited=&#8221;on|tablet&#8221; custom_padding=&#8221;250px||0px||false|false&#8221; custom_padding_tablet=&#8221;300px||0px||false|false&#8221; custom_padding_phone=&#8221;300px||0px||false|false&#8221; top_divider_style=&#8221;waves2&#8243; top_divider_color=&#8221;#FFFFFF&#8221; global_colors_info=&#8221;{}&#8221;][et_pb_row _builder_version=&#8221;4.24.0&#8243; _module_preset=&#8221;default&#8221; global_colors_info=&#8221;{}&#8221;][et_pb_column type=&#8221;4_4&#8243; _builder_version=&#8221;4.24.0&#8243; _module_preset=&#8221;default&#8221; global_colors_info=&#8221;{}&#8221;][et_pb_slider dot_nav_custom_color=&#8221;RGBA(255,255,255,0)&#8221; _builder_version=&#8221;4.25.1&#8243; _module_preset=&#8221;default&#8221; height=&#8221;400px&#8221; height_tablet=&#8221;220px&#8221; height_phone=&#8221;159px&#8221; height_last_edited=&#8221;on|phone&#8221; header_font_size_tablet=&#8221;&#8221; header_font_size_phone=&#8221;8px&#8221; header_font_size_last_edited=&#8221;on|phone&#8221; global_colors_info=&#8221;{}&#8221;][et_pb_slide use_bg_overlay=&#8221;off&#8221; use_text_overlay=&#8221;off&#8221; _builder_version=&#8221;4.25.1&#8243; _module_preset=&#8221;default&#8221; background_enable_color=&#8221;off&#8221; background_image=&#8221;https:\/\/b4.si\/wp-content\/uploads\/2024\/05\/Skupinska-Mirc-e1715943314133.png&#8221; background_enable_image=&#8221;on&#8221; background_position=&#8221;top_center&#8221; global_colors_info=&#8221;{}&#8221; sticky_transition=&#8221;on&#8221;][\/et_pb_slide][et_pb_slide use_bg_overlay=&#8221;off&#8221; use_text_overlay=&#8221;off&#8221; _builder_version=&#8221;4.25.0&#8243; _module_preset=&#8221;default&#8221; background_enable_color=&#8221;off&#8221; background_image=&#8221;https:\/\/b4.si\/wp-content\/uploads\/2024\/05\/321244755_1583008115516949_4469536438027198013_n-e1715553550700.jpg&#8221; background_enable_image=&#8221;on&#8221; global_colors_info=&#8221;{}&#8221; sticky_transition=&#8221;on&#8221;][\/et_pb_slide][et_pb_slide use_bg_overlay=&#8221;off&#8221; use_text_overlay=&#8221;off&#8221; _builder_version=&#8221;4.24.2&#8243; _module_preset=&#8221;default&#8221; background_enable_color=&#8221;off&#8221; background_image=&#8221;https:\/\/b4.si\/wp-content\/uploads\/2024\/03\/Skupinska-vecerja.jpg&#8221; background_enable_image=&#8221;on&#8221; global_colors_info=&#8221;{}&#8221; sticky_transition=&#8221;on&#8221;][\/et_pb_slide][\/et_pb_slider][et_pb_text admin_label=&#8221;Naslov1&#8243; _builder_version=&#8221;4.25.1&#8243; _module_preset=&#8221;default&#8221; global_colors_info=&#8221;{}&#8221;]<\/p>\n<h2><strong><span>R\u00d3LUNK<\/span><\/strong><\/h2>\n<p>[\/et_pb_text][et_pb_text admin_label=&#8221;Besedilo1&#8243; _builder_version=&#8221;4.24.0&#8243; _module_preset=&#8221;default&#8221; global_colors_info=&#8221;{}&#8221;]<\/p>\n<p>B4 egy olyan \u00fcgyn\u00f6ks\u00e9g, amely sportt\u00e1borokat, esem\u00e9nyeket szervez, logisztikai \u00e9s szervez\u00e9si t\u00e1mogat\u00e1st ny\u00fajt profi sportegyes\u00fcleteknek \u00e9s kluboknak, labdar\u00fag\u00f3p\u00e1ly\u00e1kat karbantart, kezel \u00e9s \u00e9p\u00edt, valamint turisztikai szolg\u00e1ltat\u00e1sokkal is foglalkozik. T\u00f6bb mint egy \u00e9vtizedes tapasztalattal rendelkezik, \u00e9s az ipar\u00e1g vezet\u0151 v\u00e1llalatai k\u00f6z\u00e9 tartozik.<\/p>\n<p>[\/et_pb_text][et_pb_divider color=&#8221;#E09900&#8243; divider_style=&#8221;dashed&#8221; _builder_version=&#8221;4.24.0&#8243; _module_preset=&#8221;default&#8221; border_color_bottom=&#8221;#E09900&#8243; border_style_bottom=&#8221;dashed&#8221; global_colors_info=&#8221;{}&#8221;][\/et_pb_divider][et_pb_text admin_label=&#8221;Naslov2&#8243; _builder_version=&#8221;4.25.1&#8243; _module_preset=&#8221;default&#8221; custom_padding=&#8221;2px|||||&#8221; global_colors_info=&#8221;{}&#8221;]<\/p>\n<h2><strong><span>L\u00c1TOM\u00c1S, MISSZI\u00d3, \u00c9RT\u00c9KEK<\/span><\/strong><\/h2>\n<p>[\/et_pb_text][et_pb_text admin_label=&#8221;Besedilo2&#8243; _builder_version=&#8221;4.24.0&#8243; _module_preset=&#8221;default&#8221; global_colors_info=&#8221;{}&#8221;]<\/p>\n<p>Az, hogy hasonl\u00f3ak vagyunk, k\u00e9nyelmet ny\u00fajt, de a siker \u00fatja abban rejlik, hogy k\u00fcl\u00f6nb\u00f6z\u0151ek vagyunk, valamiben t\u00f6bbek vagyunk. Mi az, ami megk\u00fcl\u00f6nb\u00f6ztet minket a t\u00f6bbiekt\u0151l?<\/p>\n<p>Egyszer\u0171en fogalmazva, az, hogy minden reggel arra \u00e9bred\u00fcnk, hogy kiv\u00e1l\u00f3 szolg\u00e1ltat\u00e1st ny\u00fajtsunk a sportturizmus ter\u00fclet\u00e9n.<\/p>\n<p>A misszi\u00f3 el\u00e9r\u00e9s\u00e9nek h\u00e1tter\u00e9ben azonban sz\u00e1mos \u00e9rt\u00e9k \u00e1ll, amelyeket mindennapi munk\u00e1nk sor\u00e1n val\u00f3s\u00edtunk meg. Egy kompromisszumok n\u00e9lk\u00fcli er\u0151fesz\u00edt\u00e9s, hogy olyan kiv\u00e1l\u00f3 sz\u00ednvonalat k\u00edn\u00e1ljunk, amely m\u00e1shol lehetetlen el\u00e9rni. Az \u00f6sszes kiv\u00e9teles \u00fatic\u00e9l ir\u00e1nti gondoskod\u00e1s, amelyek id\u0151r\u0151l id\u0151re kit\u0171nnek sportedz\u00e9sek \u00e9s m\u00e1s esem\u00e9nyek kiv\u00e1l\u00f3 h\u00e1zigazd\u00e1ik\u00e9nt. Csapatmunka, amely figyelmet ford\u00edt minden r\u00e9szletre, mert hissz\u00fck, hogy a r\u00e9szletek sz\u00e1m\u00edtanak a legt\u00f6bbet.<\/p>\n<p>A v\u00edzi\u00f3nkat az strat\u00e9giai ir\u00e1nyelveink alapjaira \u00e9p\u00edtj\u00fck, \u00fcgyfeleink bizalm\u00e1val \u00e9s sikeres projektv\u00e9grehajt\u00e1ssal, valamint term\u00e9kfejleszt\u00e9si terjeszked\u00e9ssel t\u00e1mogatva. Szil\u00e1rdan \u00e1llunk a f\u00f6ld\u00f6n, \u00e9s kitart\u00f3 er\u0151fesz\u00edt\u00e9sekkel \u00e9s odaad\u00e1ssal j\u00e1rjuk azt az utat, amelyet az egyik vezet\u0151 \u00fcgyn\u00f6ks\u00e9g\u00e9 v\u00e1l\u00e1s fel\u00e9 kijel\u00f6lt\u00fcnk Eur\u00f3p\u00e1ban.<\/p>\n<p>[\/et_pb_text][et_pb_divider color=&#8221;#E09900&#8243; divider_style=&#8221;dashed&#8221; _builder_version=&#8221;4.24.0&#8243; _module_preset=&#8221;default&#8221; border_color_bottom=&#8221;#E09900&#8243; border_style_bottom=&#8221;dashed&#8221; global_colors_info=&#8221;{}&#8221;][\/et_pb_divider][\/et_pb_column][\/et_pb_row][et_pb_row _builder_version=&#8221;4.24.0&#8243; _module_preset=&#8221;default&#8221; global_colors_info=&#8221;{}&#8221;][et_pb_column type=&#8221;4_4&#8243; _builder_version=&#8221;4.24.0&#8243; _module_preset=&#8221;default&#8221; global_colors_info=&#8221;{}&#8221;][et_pb_text admin_label=&#8221;Naslov3&#8243; _builder_version=&#8221;4.25.1&#8243; _module_preset=&#8221;default&#8221; custom_padding=&#8221;2px||20px||false|false&#8221; global_colors_info=&#8221;{}&#8221;]<\/p>\n<h2><strong><span>T\u00d6RT\u00c9NET\u00dcNK <\/span><\/strong><\/h2>\n<p>[\/et_pb_text][\/et_pb_column][\/et_pb_row][et_pb_row column_structure=&#8221;1_3,2_3&#8243; _builder_version=&#8221;4.24.2&#8243; _module_preset=&#8221;default&#8221; global_colors_info=&#8221;{}&#8221;][et_pb_column type=&#8221;1_3&#8243; _builder_version=&#8221;4.24.0&#8243; _module_preset=&#8221;default&#8221; global_colors_info=&#8221;{}&#8221;][et_pb_image src=&#8221;https:\/\/www.b4.si\/wp-content\/uploads\/2025\/09\/B4_milestones_web_hu-1.png&#8221; title_text=&#8221;B4_milestones_web_hu&#8221; _builder_version=&#8221;4.27.4&#8243; _module_preset=&#8221;default&#8221; global_colors_info=&#8221;{}&#8221;][\/et_pb_image][\/et_pb_column][et_pb_column type=&#8221;2_3&#8243; _builder_version=&#8221;4.24.0&#8243; _module_preset=&#8221;default&#8221; global_colors_info=&#8221;{}&#8221;][et_pb_text admin_label=&#8221;Besedilo3&#8243; _builder_version=&#8221;4.24.0&#8243; _module_preset=&#8221;default&#8221; global_colors_info=&#8221;{}&#8221;]<\/p>\n<p><span><\/span><\/p>\n<p><span><\/span><\/p>\n<p>2012 t\u00e9li h\u00f3napjaiban kezd\u0151d\u00f6tt a B4 t\u00f6rt\u00e9net\u00e9nek els\u0151 fejezete Ljubljan\u00e1ban. Minden szer\u00e9nyen indult, de hatalmas lelkesed\u00e9ssel \u00e9s lend\u00fclettel. Az irod\u00e1b\u00f3l \u0160i\u0161k\u00e1ban, akkor m\u00e9g a Bravo1 r\u00e9szek\u00e9nt a B4Sport m\u00e1rkan\u00e9v alatt m\u0171k\u00f6dve, e-mailek \u00e9s h\u00edv\u00e1sok indultak el Szlov\u00e9nia szerte, hamarosan m\u00e1r az orsz\u00e1g hat\u00e1rain t\u00fal is.<\/p>\n<p>Az els\u0151 t\u00e9li t\u00e1bor szezonj\u00e1t a NK Bravo, NK Celje \u00e9s NK Dravograd fiatalabb kiv\u00e1lasztottjaival t\u00f6lt\u00f6tt\u00fck. A f\u00e1radhatatlan munkakedv \u00e9s a perfekcionizmus egy kis adagj\u00e1nak k\u00f6sz\u00f6nhet\u0151en nagy l\u00e9p\u00e9sekben val\u00f3sult meg a fejl\u0151d\u00e9s, mind sz\u00e1mokban, mind \u00fcgyfeleink h\u00edrnev\u00e9ben. A k\u00f6vetkez\u0151 ny\u00e1ron m\u00e1r a HNK Rijeka csapat\u00e1t is vend\u00e9g\u00fcl l\u00e1ttuk, Matja\u017e Kek vezet\u00e9s\u00e9vel, Kranjska Gor\u00e1ban. A Kvarner klub az\u00f3ta is h\u0171s\u00e9ges vend\u00e9g\u00fcnk, \u00e9s m\u00e1r egy \u00e9vtizede t\u00e9r vissza Szlov\u00e9ni\u00e1ba.<\/p>\n<p>A horv\u00e1t Isztri\u00e1ban, amely minden t\u00e9len tev\u00e9kenys\u00e9g\u00fcnk k\u00f6zpontj\u00e1v\u00e1 v\u00e1lik, el\u0151sz\u00f6r Vrsarban \u00e9s Dajl\u00e1ban kezdt\u00fcnk el dolgozni, de a legnagyobb ugr\u00e1st az Umagra val\u00f3 kiterjeszt\u00e9ssel tett\u00fck meg. Itt a Stella Maris sportk\u00f6zpont m\u00e9g mindig az alapb\u00e1zisunk, \u00e9s a hagyom\u00e1nyos Umag Trophy torna otthont ad a fiatal labdar\u00fag\u00f3knak. Szlov\u00e9ni\u00e1ban az \u00e9szak-nyugati alpesi v\u00f6lgyhez a t\u00e1vol-keleti, kialakult turisztikai \u00fati c\u00e9lnak, \u010cate\u017e ob Savi, is csatlakozott.\u00a0<\/p>\n<p><span>A telephelyek b\u0151v\u00edt\u00e9se tov\u00e1bbi munkaer\u0151t ig\u00e9nyelt. 2017-ben Nata\u0161a Haski\u0107 csatlakozott a projekthez, mint az anyav\u00e1llalaton k\u00edv\u00fcli els\u0151 csapattag.<\/span><\/p>\n<p><span>Ugyanebben az \u00e9vben k\u00e9s\u0151bb <\/span>a munka terjedelme m\u00e1r j\u00f3val t\u00faln\u0151tt egy olyan v\u00e1llalat hat\u00e1sk\u00f6r\u00e9n, amely egy labdar\u00fag\u00f3klubhoz tartozik. A projekt koncepcion\u00e1lis \u00e9s operat\u00edv vezet\u0151je, Timotej Krajnc ez\u00e9rt \u00fagy d\u00f6nt\u00f6tt, hogy saj\u00e1t \u00fatj\u00e1t fogja j\u00e1rni, \u00e9s \u00edgy megsz\u00fcletett a B4SportCamps d.o.o.<\/p>\n<p>Az \u00faj entit\u00e1s l\u00e9trehoz\u00e1sa ut\u00e1ni id\u0151szak egyik legfontosabb m\u00e9rf\u00f6ldk\u00f6ve a Gobele nev\u0171 saj\u00e1t labdar\u00fag\u00f3 edz\u0151k\u00f6zpontba t\u00f6rt\u00e9n\u0151 beruh\u00e1z\u00e1s volt Kranjska Gor\u00e1ban, amely lehet\u0151s\u00e9get ny\u00fajtott a szolg\u00e1ltat\u00e1s sz\u00ednvonal\u00e1nak emel\u00e9s\u00e9re \u00e9s er\u0151sebb eur\u00f3pai lig\u00e1kb\u00f3l sz\u00e1rmaz\u00f3 csapatok vonz\u00e1s\u00e1ra.<\/p>\n<p>M\u00edg a Covid-19 v\u00edrus j\u00e1rv\u00e1nya gyakorlatilag az eg\u00e9sz turisztikai ipar\u00e1gat \u00e9s az \u00e1ltal\u00e1nos \u00e9let nagy r\u00e9sz\u00e9t le\u00e1ll\u00edtotta, \u00fcgyn\u00f6ks\u00e9g\u00fcnk m\u00e9g er\u0151sebben ker\u00fclt ki ebb\u0151l a kih\u00edv\u00e1st jelent\u0151 id\u0151szakb\u00f3l. Az \u00fcgyvezet\u0151 igazgat\u00f3, Emir Haski\u0107 vezet\u00e9s\u00e9vel, aki \u00faj l\u00e1t\u00e1sm\u00f3dot \u00e9s lend\u00fcletet hozott mag\u00e1val a tud\u00e1sa \u00e9s tapasztalata r\u00e9v\u00e9n, 2021 t\u00e9li sz\u00fcnet\u00e9ben 18 profi csapatnak ny\u00fajtottunk sz\u00e1ll\u00e1sad\u00e1st.<\/p>\n<p>Ugyanakkor folytattuk a terjeszked\u00e9st \u00faj piacok fel\u00e9, gondoskodva a nemzeti sz\u00f6vets\u00e9gekr\u0151l, bel\u00e9pve a nemzeti csapatok piac\u00e1ra, \u00faj \u00fati c\u00e9lokat adva hozz\u00e1, \u00e9s b\u0151v\u00edtve a sportinfrastrukt\u00far\u00e1nkat. Szolg\u00e1ltat\u00e1saink k\u00f6z\u00e9 hozz\u00e1adtuk a labdar\u00fag\u00f3p\u00e1ly\u00e1k \u00e9p\u00edt\u00e9s\u00e9t, karbantart\u00e1s\u00e1t \u00e9s rehabilit\u00e1ci\u00f3j\u00e1t is. Az \u00fcgyn\u00f6ks\u00e9g m\u0171k\u00f6d\u00e9s\u00e9ben bek\u00f6vetkez\u0151 v\u00e1ltoz\u00e1sokat r\u00e9szletesebben bemutattuk a nyilv\u00e1noss\u00e1gnak 2022 elej\u00e9n, amikor a B4SportCamps hivatalosan \u00e1tnevezkedett B4-re, modern vizu\u00e1lis azonos\u00edt\u00e1ssal \u00e9s konkr\u00e9t c\u00e9lokkal n\u00e9gy cselekv\u00e9si pill\u00e9r\u00e9re.<\/p>\n<p>A B4 egyik legut\u00f3bbi jelent\u0151s projektje a hivatalos partners\u00e9g a Szlov\u00e9n Kos\u00e1rlabd\u00e1z\u00f3k Sz\u00f6vets\u00e9g\u00e9vel, amellyel szorosan egy\u00fcttm\u0171k\u00f6dt\u00fcnk a 2023-as N\u0151i Eur\u00f3pa-bajnoks\u00e1g szervez\u00e9s\u00e9ben.<\/p>\n<p>Az elm\u00falt \u00e9vekben folytattuk a sportesem\u00e9nyek ter\u00fclet\u00e9n elismert term\u00e9kek fejleszt\u00e9s\u00e9t, \u00e9s t\u00f6bbek k\u00f6z\u00f6tt 2025-ben meg\u00fcnnepelt\u00fck az Umag Trophy fiatal labdar\u00fag\u00f3knak sz\u00f3l\u00f3 torna tizedik \u00e9vfordul\u00f3j\u00e1t, valamint megszervezt\u00fck a Slovenia Nations Cup f\u00e9rfi \u00e9s n\u0151i labdar\u00fag\u00f3-v\u00e1logatottaknak sz\u00f3l\u00f3 torna hetedik \u00e9s negyedik kiad\u00e1s\u00e1t 19 \u00e9v alattiak sz\u00e1m\u00e1ra. A sz\u00e9lesebb sportpalett\u00e1ra val\u00f3 fokozott figyelem strat\u00e9gi\u00e1j\u00e1t a hagyom\u00e1nyos Istria Nations Cup futsal-bajnoks\u00e1g fejleszt\u00e9s\u00e9vel \u00e9s az FNC szervezettel val\u00f3 egy\u00fcttm\u0171k\u00f6d\u00e9ssel, a Sto\u017eic\u00e1ban megrendezett vegyes harcm\u0171v\u00e9szeti bemutat\u00f3k szervez\u00e9s\u00e9vel er\u0151s\u00edtett\u00fck meg.<\/p>\n<p>&nbsp;<\/p>\n<p><span><\/span><\/p>\n<p><span><\/span><\/p>\n<p><span><\/span><\/p>\n<p><span><\/span><\/p>\n<p><span><\/span><\/p>\n<p><span><\/span><\/p>\n<p><span><\/span><\/p>\n<p>[\/et_pb_text][\/et_pb_column][\/et_pb_row][\/et_pb_section]<\/p>\n","protected":false},"excerpt":{"rendered":"<p>R\u00d3LUNKB4 egy olyan \u00fcgyn\u00f6ks\u00e9g, amely sportt\u00e1borokat, esem\u00e9nyeket szervez, logisztikai \u00e9s szervez\u00e9si t\u00e1mogat\u00e1st ny\u00fajt profi sportegyes\u00fcleteknek \u00e9s kluboknak, labdar\u00fag\u00f3p\u00e1ly\u00e1kat karbantart, kezel \u00e9s \u00e9p\u00edt, valamint turisztikai szolg\u00e1ltat\u00e1sokkal is foglalkozik. T\u00f6bb mint egy \u00e9vtizedes tapasztalattal rendelkezik, \u00e9s az ipar\u00e1g vezet\u0151 v\u00e1llalatai k\u00f6z\u00e9 tartozik.L\u00c1TOM\u00c1S, MISSZI\u00d3, \u00c9RT\u00c9KEKAz, hogy hasonl\u00f3ak vagyunk, k\u00e9nyelmet ny\u00fajt, de a siker \u00fatja abban rejlik, hogy k\u00fcl\u00f6nb\u00f6z\u0151ek [&hellip;]<\/p>\n","protected":false},"author":1,"featured_media":0,"parent":0,"menu_order":0,"comment_status":"closed","ping_status":"closed","template":"","meta":{"_et_pb_use_builder":"on","_et_pb_old_content":"","_et_gb_content_width":"","footnotes":""},"class_list":["post-5538","page","type-page","status-publish","hentry"],"_links":{"self":[{"href":"https:\/\/www.b4.si\/hu\/wp-json\/wp\/v2\/pages\/5538","targetHints":{"allow":["GET"]}}],"collection":[{"href":"https:\/\/www.b4.si\/hu\/wp-json\/wp\/v2\/pages"}],"about":[{"href":"https:\/\/www.b4.si\/hu\/wp-json\/wp\/v2\/types\/page"}],"author":[{"embeddable":true,"href":"https:\/\/www.b4.si\/hu\/wp-json\/wp\/v2\/users\/1"}],"replies":[{"embeddable":true,"href":"https:\/\/www.b4.si\/hu\/wp-json\/wp\/v2\/comments?post=5538"}],"version-history":[{"count":11,"href":"https:\/\/www.b4.si\/hu\/wp-json\/wp\/v2\/pages\/5538\/revisions"}],"predecessor-version":[{"id":10246,"href":"https:\/\/www.b4.si\/hu\/wp-json\/wp\/v2\/pages\/5538\/revisions\/10246"}],"wp:attachment":[{"href":"https:\/\/www.b4.si\/hu\/wp-json\/wp\/v2\/media?parent=5538"}],"curies":[{"name":"wp","href":"https:\/\/api.w.org\/{rel}","templated":true}]}}