{"id":6821,"date":"2024-02-15T10:28:28","date_gmt":"2024-02-15T10:28:28","guid":{"rendered":"https:\/\/izhod.org\/b4\/dogodki\/"},"modified":"2024-06-17T20:17:01","modified_gmt":"2024-06-17T20:17:01","slug":"dogodki","status":"publish","type":"page","link":"https:\/\/www.b4.si\/hu\/dogodki\/","title":{"rendered":"Dogodki"},"content":{"rendered":"<p>[et_pb_section fb_built=&#8221;1&#8243; custom_padding_last_edited=&#8221;on|phone&#8221; admin_label=&#8221;Body Sekcija&#8221; module_id=&#8221;round&#8221; module_class=&#8221;round&#8221; _builder_version=&#8221;4.24.0&#8243; _module_preset=&#8221;default&#8221; background_enable_image=&#8221;off&#8221; parallax=&#8221;on&#8221; width_tablet=&#8221;&#8221; width_phone=&#8221;&#8221; width_last_edited=&#8221;on|phone&#8221; module_alignment=&#8221;center&#8221; custom_margin_tablet=&#8221;&#8221; custom_margin_phone=&#8221;&#8221; custom_margin_last_edited=&#8221;on|tablet&#8221; custom_padding=&#8221;250px||0px||false|false&#8221; custom_padding_tablet=&#8221;300px||0px||false|false&#8221; custom_padding_phone=&#8221;300px||0px||false|false&#8221; top_divider_style=&#8221;waves2&#8243; top_divider_color=&#8221;#FFFFFF&#8221; global_colors_info=&#8221;{}&#8221;][et_pb_row _builder_version=&#8221;4.24.0&#8243; _module_preset=&#8221;default&#8221; global_colors_info=&#8221;{}&#8221;][et_pb_column type=&#8221;4_4&#8243; _builder_version=&#8221;4.24.0&#8243; _module_preset=&#8221;default&#8221; global_colors_info=&#8221;{}&#8221;][et_pb_slider dot_nav_custom_color=&#8221;RGBA(255,255,255,0)&#8221; _builder_version=&#8221;4.25.0&#8243; _module_preset=&#8221;default&#8221; height=&#8221;400px&#8221; height_tablet=&#8221;220px&#8221; height_phone=&#8221;159px&#8221; height_last_edited=&#8221;on|phone&#8221; global_colors_info=&#8221;{}&#8221;][et_pb_slide use_bg_overlay=&#8221;off&#8221; use_text_overlay=&#8221;off&#8221; _builder_version=&#8221;4.25.0&#8243; _module_preset=&#8221;default&#8221; background_enable_color=&#8221;off&#8221; background_image=&#8221;https:\/\/b4.si\/wp-content\/uploads\/2024\/03\/DSC_2640-1.jpg&#8221; background_enable_image=&#8221;on&#8221; global_colors_info=&#8221;{}&#8221; sticky_transition=&#8221;on&#8221;][\/et_pb_slide][et_pb_slide use_bg_overlay=&#8221;off&#8221; use_text_overlay=&#8221;off&#8221; _builder_version=&#8221;4.25.0&#8243; _module_preset=&#8221;default&#8221; background_enable_color=&#8221;off&#8221; background_image=&#8221;https:\/\/b4.si\/wp-content\/uploads\/2024\/03\/434323769_18053945377578532_595331523546096762_n-2.jpg&#8221; background_enable_image=&#8221;on&#8221; global_colors_info=&#8221;{}&#8221; sticky_transition=&#8221;on&#8221;][\/et_pb_slide][et_pb_slide use_bg_overlay=&#8221;off&#8221; use_text_overlay=&#8221;off&#8221; _builder_version=&#8221;4.25.0&#8243; _module_preset=&#8221;default&#8221; background_enable_color=&#8221;off&#8221; background_image=&#8221;https:\/\/b4.si\/wp-content\/uploads\/2024\/05\/UT24_U10_11_OTVORITEV_079-scaled.jpg&#8221; background_enable_image=&#8221;on&#8221; global_colors_info=&#8221;{}&#8221; sticky_transition=&#8221;on&#8221;][\/et_pb_slide][\/et_pb_slider][et_pb_text admin_label=&#8221;Naslov1&#8243; _builder_version=&#8221;4.25.1&#8243; _module_preset=&#8221;default&#8221; hover_enabled=&#8221;0&#8243; global_colors_info=&#8221;{}&#8221; sticky_enabled=&#8221;0&#8243;]<\/p>\n<h2><strong>ESEM\u00c9NYEK<\/strong><\/h2>\n<p>[\/et_pb_text][et_pb_text admin_label=&#8221;Besedilo1&#8243; _builder_version=&#8221;4.25.1&#8243; _module_preset=&#8221;default&#8221; hover_enabled=&#8221;0&#8243; global_colors_info=&#8221;{}&#8221; sticky_enabled=&#8221;0&#8243;]<\/p>\n<p><span style=\"font-size: 14px;\">A mai egyre ink\u00e1bb digitaliz\u00e1lt vil\u00e1gban az esem\u00e9nyek felbecs\u00fclhetetlen lehet\u0151s\u00e9get ny\u00fajtanak arra, hogy kil\u00e9pj\u00fcnk a mindennapi rutinb\u00f3l, \u00e9s megalkossunk megfizethetetlen eml\u00e9keket. A sportban az esem\u00e9nyek, mint a m\u00e9rk\u0151z\u00e9sek \u00e9s versenyek, minden h\u00e9t, h\u00f3nap \u00e9s szezon cs\u00facspontjai, az \u00fczleti \u00e9letben pedig lehet\u0151s\u00e9get jelentenek az \u00faj ismeretek \u00e9s kapcsolatok szerz\u00e9s\u00e9re, valamint a csapat szorosabb \u00f6sszekov\u00e1csol\u00e1s\u00e1ra.<\/span><\/p>\n<p><span style=\"font-size: 14px;\">Az esem\u00e9nyszervez\u00e9s a B4-n\u00e9l k\u00edn\u00e1lt alapszolg\u00e1ltat\u00e1sok egyike, \u00e9s a c\u00e9lk\u00f6z\u00f6ns\u00e9g \u00e9s az esem\u00e9ny jelleg\u00e9t\u0151l f\u00fcgg\u0151en n\u00e9gy ter\u00fcletre osztjuk \u0151ket. Tov\u00e1bbi inform\u00e1ci\u00f3\u00e9rt b\u00e1rmelyikr\u0151l, k\u00e9rj\u00fck, l\u00e9pjen kapcsolatba vel\u00fcnk a\u00a0<\/span><a href=\"mailto:events@b4.si\" style=\"font-size: 14px;\">events@b4.si<\/a><\/p>\n<p>[\/et_pb_text][et_pb_divider color=&#8221;#E09900&#8243; divider_style=&#8221;dashed&#8221; _builder_version=&#8221;4.24.0&#8243; _module_preset=&#8221;default&#8221; border_color_bottom=&#8221;#E09900&#8243; border_style_bottom=&#8221;dashed&#8221; global_colors_info=&#8221;{}&#8221;][\/et_pb_divider][et_pb_text admin_label=&#8221;Naslov2&#8243; _builder_version=&#8221;4.25.1&#8243; _module_preset=&#8221;default&#8221; custom_padding=&#8221;2px|||||&#8221; hover_enabled=&#8221;0&#8243; global_colors_info=&#8221;{}&#8221; sticky_enabled=&#8221;0&#8243;]<\/p>\n<h2><strong>SPORTESEM\u00c9NYEK<\/strong><\/h2>\n<p>[\/et_pb_text][et_pb_text admin_label=&#8221;Besedilo2&#8243; _builder_version=&#8221;4.25.1&#8243; _module_preset=&#8221;default&#8221; global_colors_info=&#8221;{}&#8221;]<\/p>\n<p>Az egyik legnagyobb \u00e9ves eur\u00f3pai fiatal labdar\u00fag\u00f3k sz\u00e1m\u00e1ra rendezett torna, az <strong><a href=\"https:\/\/www.b4.si\/hu\/pretekli-turnirji\/\">Umag Trophy<\/a><\/strong>, a hagyom\u00e1nyos nemzetk\u00f6zi futsal-torn\u00e1k, az <a href=\"https:\/\/youtu.be\/h3KTSmn2Alc?si=7Yk2AaiC0isF3or0\"><strong>Istria Nations Cup<\/strong><\/a>, a nemzetk\u00f6zi h\u00edr\u0171 <a href=\"https:\/\/www.youtube.com\/watch?v=HYrb99eD_58\"><strong>Slovenia Nations Cup<\/strong><\/a> labdar\u00fag\u00f3 torna fiatal f\u00e9rfi- \u00e9s n\u0151i csapatok sz\u00e1m\u00e1ra, Szlov\u00e9nia legnagyobb MMA l\u00e1tv\u00e1nyoss\u00e1ga <strong><a href=\"https:\/\/www.b4.si\/en\/fnc-15-b4-an-important-part-of-the-biggest-mma-spectacle-in-slovenia\/\">FNC 15<\/a><\/strong>, az UEFA-kvalifik\u00e1ci\u00f3s \u00e9s fejleszt\u00e9si torn\u00e1k a fiatalok kateg\u00f3ri\u00e1iban, a KZS BizBasket \u00fczleti liga d\u00f6nt\u0151 torn\u00e1ja \u00e9s t\u00f6bb mint 150 bar\u00e1ts\u00e1gos m\u00e9rk\u0151z\u00e9s labdar\u00fag\u00f3-, kos\u00e1rlabda-, k\u00e9zilabda- \u00e9s futsal-p\u00e1ly\u00e1kon. Minden \u00e9vben a B4 csapata l\u00e9trehozza, fejleszti \u00e9s biztos\u00edtja az \u00f6sszes sportesem\u00e9ny z\u00f6kken\u0151mentes lebonyol\u00edt\u00e1s\u00e1t.<\/p>\n<p>Legyen sz\u00f3 bar\u00e1ts\u00e1gos m\u00e9rk\u0151z\u00e9sr\u0151l amat\u0151r csapatok k\u00f6z\u00f6tt, egyes\u00fcletek legnagyobb eur\u00f3pai tehets\u00e9gei k\u00f6z\u00f6tti \u00f6sszecsap\u00e1sr\u00f3l Umagon vagy UEFA-kvalifik\u00e1ci\u00f3s csat\u00e1r\u00f3l, szervez\u00e9si megk\u00f6zel\u00edt\u00e9s\u00fcnk mindig ugyanaz &#8211; teljes odaad\u00e1s, k\u00f6vetkezetess\u00e9g \u00e9s alkalmazkod\u00e1s a r\u00e9sztvev\u0151k ig\u00e9nyeihez.<\/p>\n<p>Tud\u00e1sunk a rendelkez\u00e9sre \u00e1ll\u00f3 sport- \u00e9s sz\u00e1llodainfrastrukt\u00far\u00e1r\u00f3l a c\u00e9l\u00e1llom\u00e1sokon, valamint a sportturizmus minden aspektus\u00e1ban val\u00f3 m\u00e9ly r\u00e9szv\u00e9tel\u00fcnk lehet\u0151v\u00e9 teszi, hogy kiel\u00e9g\u00edts\u00fck olyan \u00fcgyfeleket, mint a francia, olasz \u00e9s portug\u00e1l labdar\u00fag\u00f3 sz\u00f6vets\u00e9gek, a <strong>Barcelona<\/strong>, a <strong>Juventus<\/strong>, az <strong>Inter<\/strong>, az <strong>AC Milan<\/strong> \u00e9s az <strong>Arsenal<\/strong> eur\u00f3pai klub\u00f3ri\u00e1sai, valamint az <strong>UEFA<\/strong> \u00e9s a <strong>FIBA<\/strong> nemzetk\u00f6zi erny\u0151szervezetek k\u00e9pvisel\u0151it.<\/p>\n<p>Esem\u00e9nybemond\u00f3ink a B4 egyik v\u00e9djegy\u00e9v\u00e9 v\u00e1ltak, de az esem\u00e9nyeink hangulat\u00e1t teremt\u0151 besz\u00e9l\u0151k \u00e9s DJ-k mellett az \u00e9vek sor\u00e1n \u00e9l\u0151 k\u00f6zvet\u00edt\u00e9ssel, sz\u00f3rakoztat\u00f3 programmal, valamint az esem\u00e9nyek megnyit\u00f3 \u00e9s z\u00e1r\u00f3 cerem\u00f3ni\u00e1ival is fejlesztett\u00fck azokat.<\/p>\n<p>[\/et_pb_text][et_pb_divider color=&#8221;#E09900&#8243; divider_style=&#8221;dashed&#8221; _builder_version=&#8221;4.24.0&#8243; _module_preset=&#8221;default&#8221; border_color_bottom=&#8221;#E09900&#8243; border_style_bottom=&#8221;dashed&#8221; global_colors_info=&#8221;{}&#8221;][\/et_pb_divider][et_pb_text admin_label=&#8221;Naslov3&#8243; _builder_version=&#8221;4.25.1&#8243; _module_preset=&#8221;default&#8221; custom_padding=&#8221;2px|||||&#8221; hover_enabled=&#8221;0&#8243; global_colors_info=&#8221;{}&#8221; sticky_enabled=&#8221;0&#8243;]<\/p>\n<h2><strong>V\u00c1LLALATI ESEM\u00c9NYEK<\/strong><\/h2>\n<p>[\/et_pb_text][et_pb_text admin_label=&#8221;Besedilo3&#8243; _builder_version=&#8221;4.25.1&#8243; _module_preset=&#8221;default&#8221; hover_enabled=&#8221;0&#8243; global_colors_info=&#8221;{}&#8221; sticky_enabled=&#8221;0&#8243;]<\/p>\n<p>Az ut\u00f3bbi id\u0151ben a v\u00e1llalatok \u00e9s szervezetek alkalmakat szerveznek alkalmazottaik sz\u00e1m\u00e1ra, amelyek gyakran nem el\u00e9g\u00edtik ki a r\u00e9sztvev\u0151ket, \u00e9s sok sz\u00fcrke hajsz\u00e1lt okoznak a szervez\u0151nek.<\/p>\n<p>Nincs f\u00e9lelem az ilyen helyzetek kialakul\u00e1s\u00e1t\u00f3l, amikor a B4-gyel dolgozik. Tartalmat adunk a szok\u00e1sos piknikhez vagy szilveszteri bulihoz. Tapasztalt szakemberekb\u0151l \u00e1ll\u00f3 csapatunk \u00e9vek \u00f3ta foglalkozik a rendezv\u00e9nyek szervez\u00e9s\u00e9vel egyik sportl\u00e9tes\u00edtm\u00e9ny\u00fcnkben, amelyet egyed\u00fcl\u00e1ll\u00f3an alak\u00edtunk \u00e1t az \u00d6n alkalma szerint.<\/p>\n<p>Mindenf\u00e9le sportot \u00e9s j\u00e1t\u00e9kot, belt\u00e9ri \u00e9s k\u00fclt\u00e9ri tev\u00e9kenys\u00e9geket szervez\u00fcnk, valamint k\u00fcl\u00f6nf\u00e9le csapat\u00e9p\u00edt\u0151 programokat. A versenyr\u00e9sz mellett nem feledkez\u00fcnk meg a sz\u00f3rakoztat\u00f3 r\u00e9szr\u0151l sem. A verseny szervez\u00e9se, a b\u00edr\u00f3k, az aj\u00e1nd\u00e9kok mellett gondoskodunk a zenei el\u0151ad\u00e1sokr\u00f3l \u00e9s az esem\u00e9ny dinamikus integr\u00e1ci\u00f3j\u00e1r\u00f3l. Az \u00f6sszes szervez\u00e9si aspektusr\u00f3l mi gondoskodunk, lev\u00e9ve a terhet a v\u00e1ll\u00e1r\u00f3l.<\/p>\n<p>Szlov\u00e9nia \u00e9s Horv\u00e1torsz\u00e1g egyedi helysz\u00ednein t\u00f6k\u00e9letes hangulatot v\u00e1lasztunk ki sz\u00e1mukra, hogy minden \u00e9vszakban kreat\u00edv \u00e9s k\u00fcl\u00f6nb\u00f6z\u0151 \u00f6tleteket fejlesszenek ki. Aj\u00e1nlatunk r\u00e9szek\u00e9nt sz\u00e1mos catering opci\u00f3t k\u00edn\u00e1lunk \u00e9s biztos\u00edtunk, ahol kulin\u00e1ris var\u00e1zslattal rendelkez\u0151 partnereink kiv\u00e1l\u00f3 v\u00e1laszt\u00e9k\u00e1t k\u00e9sz\u00edtik el \u00d6nnek.<\/p>\n<p>\u00a0A k\u00edn\u00e1lt szolg\u00e1ltat\u00e1sok:<\/p>\n<ul>\n<li>Kiv\u00e1l\u00f3 sz\u00e1ll\u00e1s ell\u00e1t\u00e1ssal (begy\u0171jtj\u00fck az \u00f6sszes regisztr\u00e1ci\u00f3t \u00d6n helyett, \u00e9s megk\u00f6nny\u00edtj\u00fck \u00d6nnek a kommunik\u00e1ci\u00f3t a sz\u00e1llod\u00e1kkal)<\/li>\n<li>Esem\u00e9nykoncepci\u00f3 \u00e9s program<\/li>\n<li>Sportinfrastrukt\u00fara foglal\u00e1sa<\/li>\n<li>Versenyszervez\u00e9s (versenyrendszer &#8211; lehet\u0151s\u00e9g online jelentkez\u00e9sre a eredm\u00e9nyek figyel\u00e9s\u00e9hez; b\u00edr\u00f3k, d\u00edjak \u00e9s kit\u00fcntet\u00e9sek, kapcsolat\u00e9p\u00edt\u00e9s, tov\u00e1bbi sz\u00f3rakoztat\u00e1s)<\/li>\n<li>Kulin\u00e1ris szolg\u00e1ltat\u00e1sok az esem\u00e9ny helysz\u00edn\u00e9n<\/li>\n<li>Sz\u00f3rakoztat\u00f3 program (zene, el\u0151ad\u00e1sok)<\/li>\n<li>Transzferek (aut\u00f3k, kisbuszok, buszok)<\/li>\n<\/ul>\n<p>Minden esem\u00e9nyhez egyedi megk\u00f6zel\u00edt\u00e9st alkalmazunk, \u00e9s az \u00d6n k\u00edv\u00e1ns\u00e1gainak megfelel\u0151en tervez\u00fcnk egy programot, amely eml\u00e9kezetess\u00e9 teszi az esem\u00e9nyt minden r\u00e9sztvev\u0151 sz\u00e1m\u00e1ra.<\/p>\n<p><em>Hagyja az szervez\u00e9si agg\u00f3d\u00e1sokat nek\u00fcnk, \u00e9s \u00e9lvezze az esem\u00e9nyt!<\/em><\/p>\n<p>[\/et_pb_text][et_pb_divider color=&#8221;#E09900&#8243; divider_style=&#8221;dashed&#8221; _builder_version=&#8221;4.24.0&#8243; _module_preset=&#8221;default&#8221; border_color_bottom=&#8221;#E09900&#8243; border_style_bottom=&#8221;dashed&#8221; global_colors_info=&#8221;{}&#8221;][\/et_pb_divider][et_pb_text admin_label=&#8221;Naslov4&#8243; _builder_version=&#8221;4.25.1&#8243; _module_preset=&#8221;default&#8221; custom_padding=&#8221;2px|||||&#8221; hover_enabled=&#8221;0&#8243; global_colors_info=&#8221;{}&#8221; sticky_enabled=&#8221;0&#8243;]<\/p>\n<h2><strong>KONGRESSZUSI ESEM\u00c9NYEK<\/strong><\/h2>\n<p>[\/et_pb_text][et_pb_text admin_label=&#8221;Besedilo4&#8243; _builder_version=&#8221;4.25.1&#8243; _module_preset=&#8221;default&#8221; hover_enabled=&#8221;0&#8243; global_colors_info=&#8221;{}&#8221; sticky_enabled=&#8221;0&#8243;]<\/p>\n<p>A kongresszusi rendezv\u00e9nyek az \u00fczleti \u00e9s szakmai tal\u00e1lkoz\u00f3k egy speci\u00e1lis t\u00edpusa, ahol a r\u00e9sztvev\u0151k az\u00e9rt gy\u0171lnek \u00f6ssze, hogy egy adott t\u00e9m\u00e1ban ismereteket, tapasztalatokat \u00e9s v\u00e9lem\u00e9nyeket cser\u00e9ljenek. A kongresszusokon \u00e1ltal\u00e1ban ugyanazon vagy kapcsol\u00f3d\u00f3 ipar\u00e1gak szak\u00e9rt\u0151i tal\u00e1lkoznak, hogy megvitass\u00e1k, bemutass\u00e1k a kutat\u00e1sokat \u00e9s el\u0151seg\u00edts\u00e9k az \u00fczleti kapcsolat\u00e9p\u00edt\u00e9st.<\/p>\n<p>Sz\u00e1llodai partnereinkkel egy\u00fcttm\u0171k\u00f6dve egynapos szemin\u00e1riumokat vagy t\u00f6bbnapos kongresszusokat szervez\u00fcnk idilli szlov\u00e9niai \u00e9s horv\u00e1torsz\u00e1gi helysz\u00edneken.<\/p>\n<p>A legmodernebb audiovizu\u00e1lis technol\u00f3gi\u00e1val felszerelt, l\u00e9gkondicion\u00e1lt konferenciatermek k\u00e9nyelmes \u00e9s \u00e9lvezetes el\u0151ad\u00e1sokat biztos\u00edtanak, m\u00edg a gondosan kiv\u00e1lasztott kulin\u00e1ris aj\u00e1nlatok gazdag\u00edtj\u00e1k a rendezv\u00e9ny alatti sz\u00fcneteket.<\/p>\n<p>Csapatunk minden l\u00e9p\u00e9sn\u00e9l \u00d6nnel lesz &#8211; a kezdeti \u00f6tlett\u0151l \u00e9s a rendezv\u00e9nyre vonatkoz\u00f3 ig\u00e9nyekt\u0151l a t\u00e9nyleges megval\u00f3s\u00edt\u00e1sig &#8211; gondoskodunk a legmegfelel\u0151bb helysz\u00edn kiv\u00e1laszt\u00e1s\u00e1r\u00f3l \u00e9s el\u0151k\u00e9sz\u00edt\u00e9s\u00e9r\u0151l (a t\u00e1rgyal\u00f3termek pontos elrendez\u00e9se, a helysz\u00edn technik\u00e1ja &#8211; szinkrontolm\u00e1csol\u00e1st is biztos\u00edtunk), a k\u00e1v\u00e9sz\u00fcnetek, eb\u00e9dek \u00e9s g\u00e1lavacsor\u00e1k vonz\u00f3 kulin\u00e1ris v\u00e1laszt\u00e9k\u00e1r\u00f3l, a program zenei \u00e9s vezet\u00e9ssel k\u00eds\u00e9rt t\u00e1rsas\u00e1gi r\u00e9sz\u00e9r\u0151l, valamint k\u00fcl\u00f6nb\u00f6z\u0151 csapat\u00e9p\u00edt\u0151 programokr\u00f3l.<\/p>\n<p>[\/et_pb_text][et_pb_divider color=&#8221;#E09900&#8243; divider_style=&#8221;dashed&#8221; _builder_version=&#8221;4.24.0&#8243; _module_preset=&#8221;default&#8221; border_color_bottom=&#8221;#E09900&#8243; border_style_bottom=&#8221;dashed&#8221; global_colors_info=&#8221;{}&#8221;][\/et_pb_divider][et_pb_text admin_label=&#8221;Naslov4&#8243; _builder_version=&#8221;4.25.1&#8243; _module_preset=&#8221;default&#8221; custom_padding=&#8221;2px|||||&#8221; hover_enabled=&#8221;0&#8243; global_colors_info=&#8221;{}&#8221; sticky_enabled=&#8221;0&#8243;]<\/p>\n<h2><strong>SZ\u00d3RAKOZTAT\u00d3 ESEM\u00c9NYEK<\/strong><\/h2>\n<p>[\/et_pb_text][et_pb_text admin_label=&#8221;Besedilo4&#8243; _builder_version=&#8221;4.24.0&#8243; _module_preset=&#8221;default&#8221; global_colors_info=&#8221;{}&#8221;]<\/p>\n<p>A kem\u00e9ny munk\u00e1t egy laza bulival kell jutalmazni. \u00c9s mi garant\u00e1ljuk, hogy egy vel\u00fcnk tartott buli laza, egyedi, meglepet\u00e9sekkel teli \u00e9s biztosan felejthetetlen lesz. <br \/>\u00dcgyfeleink sz\u00e1m\u00e1ra a parti hivatalos \u00e9s t\u00e1rsas\u00e1gi r\u00e9sz\u00e9t egyar\u00e1nt megszervezz\u00fck. Levessz\u00fck a terhet az \u00d6n v\u00e1ll\u00e1r\u00f3l, hogy kib\u00e9relje a helysz\u00ednt, lefoglalja a DJ-t vagy a zenekart, megrendelje a cateringet \u00e9s az \u00fcnnepi tort\u00e1t, megszervezze a hostesseket, a helysz\u00edn d\u00edsz\u00edt\u00e9s\u00e9t, megtervezze a megh\u00edv\u00f3kat \u00e9s minden egy\u00e9b r\u00e9szletet az egy\u00e9ni k\u00edv\u00e1ns\u00e1goknak megfelel\u0151en. Minden egyes esem\u00e9nyt professzion\u00e1lis fot\u00f3gal\u00e9ria \u00e9s egy z\u00e1r\u00f3 afterparty-vide\u00f3 k\u00eds\u00e9r.<\/p>\n<p>Szervez\u00fcnk piknikeket, sz\u00fclet\u00e9snapi partikat, esk\u00fcv\u0151ket \u00e9s szilveszteri partikat. Minden esem\u00e9nyt egy\u00e9nileg k\u00f6zel\u00edt\u00fcnk meg, \u00e9s gondosan kiv\u00e1lasztott r\u00e9szletekkel tessz\u00fck felejthetetlenn\u00e9.<\/p>\n<p><span><\/span><\/p>\n<p><span><\/span><\/p>\n<p><span><\/span><\/p>\n<p>[\/et_pb_text][et_pb_divider color=&#8221;#E09900&#8243; divider_style=&#8221;dashed&#8221; _builder_version=&#8221;4.24.0&#8243; _module_preset=&#8221;default&#8221; border_color_bottom=&#8221;#E09900&#8243; border_style_bottom=&#8221;dashed&#8221; global_colors_info=&#8221;{}&#8221;][\/et_pb_divider][\/et_pb_column][\/et_pb_row][\/et_pb_section]<\/p>\n","protected":false},"excerpt":{"rendered":"<p>ESEM\u00c9NYEKA mai egyre ink\u00e1bb digitaliz\u00e1lt vil\u00e1gban az esem\u00e9nyek felbecs\u00fclhetetlen lehet\u0151s\u00e9get ny\u00fajtanak arra, hogy kil\u00e9pj\u00fcnk a mindennapi rutinb\u00f3l, \u00e9s megalkossunk megfizethetetlen eml\u00e9keket. A sportban az esem\u00e9nyek, mint a m\u00e9rk\u0151z\u00e9sek \u00e9s versenyek, minden h\u00e9t, h\u00f3nap \u00e9s szezon cs\u00facspontjai, az \u00fczleti \u00e9letben pedig lehet\u0151s\u00e9get jelentenek az \u00faj ismeretek \u00e9s kapcsolatok szerz\u00e9s\u00e9re, valamint a csapat szorosabb \u00f6sszekov\u00e1csol\u00e1s\u00e1ra. Az esem\u00e9nyszervez\u00e9s [&hellip;]<\/p>\n","protected":false},"author":1,"featured_media":0,"parent":0,"menu_order":0,"comment_status":"closed","ping_status":"closed","template":"","meta":{"_et_pb_use_builder":"on","_et_pb_old_content":"","_et_gb_content_width":"","footnotes":""},"class_list":["post-6821","page","type-page","status-publish","hentry"],"_links":{"self":[{"href":"https:\/\/www.b4.si\/hu\/wp-json\/wp\/v2\/pages\/6821","targetHints":{"allow":["GET"]}}],"collection":[{"href":"https:\/\/www.b4.si\/hu\/wp-json\/wp\/v2\/pages"}],"about":[{"href":"https:\/\/www.b4.si\/hu\/wp-json\/wp\/v2\/types\/page"}],"author":[{"embeddable":true,"href":"https:\/\/www.b4.si\/hu\/wp-json\/wp\/v2\/users\/1"}],"replies":[{"embeddable":true,"href":"https:\/\/www.b4.si\/hu\/wp-json\/wp\/v2\/comments?post=6821"}],"version-history":[{"count":2,"href":"https:\/\/www.b4.si\/hu\/wp-json\/wp\/v2\/pages\/6821\/revisions"}],"predecessor-version":[{"id":7612,"href":"https:\/\/www.b4.si\/hu\/wp-json\/wp\/v2\/pages\/6821\/revisions\/7612"}],"wp:attachment":[{"href":"https:\/\/www.b4.si\/hu\/wp-json\/wp\/v2\/media?parent=6821"}],"curies":[{"name":"wp","href":"https:\/\/api.w.org\/{rel}","templated":true}]}}