{"id":6824,"date":"2024-02-14T15:57:41","date_gmt":"2024-02-14T15:57:41","guid":{"rendered":"https:\/\/izhod.org\/b4\/kontakt\/"},"modified":"2024-09-09T21:26:11","modified_gmt":"2024-09-09T21:26:11","slug":"kontakt","status":"publish","type":"page","link":"https:\/\/www.b4.si\/hu\/kontakt\/","title":{"rendered":"Kontakt"},"content":{"rendered":"<p>[et_pb_section fb_built=&#8221;1&#8243; custom_padding_last_edited=&#8221;on|phone&#8221; admin_label=&#8221;Body Sekcija&#8221; module_id=&#8221;round&#8221; module_class=&#8221;round&#8221; _builder_version=&#8221;4.24.0&#8243; _module_preset=&#8221;default&#8221; background_enable_image=&#8221;off&#8221; parallax=&#8221;on&#8221; width_tablet=&#8221;&#8221; width_phone=&#8221;&#8221; width_last_edited=&#8221;on|phone&#8221; module_alignment=&#8221;center&#8221; custom_margin_tablet=&#8221;&#8221; custom_margin_phone=&#8221;&#8221; custom_margin_last_edited=&#8221;on|tablet&#8221; custom_padding=&#8221;250px||0px||false|false&#8221; custom_padding_tablet=&#8221;300px||0px||false|false&#8221; custom_padding_phone=&#8221;300px||0px||false|false&#8221; top_divider_style=&#8221;waves2&#8243; top_divider_color=&#8221;#FFFFFF&#8221; global_colors_info=&#8221;{}&#8221;][et_pb_row column_structure=&#8221;1_3,2_3&#8243; _builder_version=&#8221;4.24.2&#8243; _module_preset=&#8221;default&#8221; global_colors_info=&#8221;{}&#8221;][et_pb_column type=&#8221;1_3&#8243; _builder_version=&#8221;4.24.2&#8243; _module_preset=&#8221;default&#8221; global_colors_info=&#8221;{}&#8221;][et_pb_text admin_label=&#8221;Naslov1&#8243; _builder_version=&#8221;4.25.1&#8243; _module_preset=&#8221;default&#8221; global_colors_info=&#8221;{}&#8221;]<\/p>\n<h2><strong>KAPCSOLATBA L\u00c9PNI<\/strong><\/h2>\n<p>[\/et_pb_text][et_pb_text admin_label=&#8221;Besedilo1&#8243; _builder_version=&#8221;4.25.1&#8243; _module_preset=&#8221;default&#8221; custom_padding=&#8221;0px|||||&#8221; hover_enabled=&#8221;0&#8243; global_colors_info=&#8221;{}&#8221; sticky_enabled=&#8221;0&#8243;]<\/p>\n<p><span><strong>B4 d.o.o.<\/strong><br \/><\/span><span>Hrva\u0161ka ulica 4<br \/><\/span><span>1000 Ljubljana<br \/><\/span><span>Slovenija<\/span><\/p>\n<p><span> <\/span><\/p>\n<p><span>IBAN: SI56 0400 0027 8941 871<br \/><\/span><span>BIC: KBMASI2X<br \/><\/span><span>VAT ID: SI 39209733<br \/><\/span><span>Registration number: 8075301000<br \/><\/span><span>Croatian OIB: 84189688844<\/span><\/p>\n<p>[\/et_pb_text][\/et_pb_column][et_pb_column type=&#8221;2_3&#8243; _builder_version=&#8221;4.24.2&#8243; _module_preset=&#8221;default&#8221; global_colors_info=&#8221;{}&#8221;][et_pb_image src=&#8221;https:\/\/b4.si\/wp-content\/uploads\/2024\/03\/B4_location_web-4.png&#8221; title_text=&#8221;B4_location_web (4)&#8221; _builder_version=&#8221;4.24.2&#8243; _module_preset=&#8221;default&#8221; max_height=&#8221;355px&#8221; global_colors_info=&#8221;{}&#8221;][\/et_pb_image][\/et_pb_column][\/et_pb_row][et_pb_row custom_padding_last_edited=&#8221;on|phone&#8221; _builder_version=&#8221;4.24.2&#8243; _module_preset=&#8221;default&#8221; custom_margin=&#8221;25px||||false|false&#8221; custom_padding=&#8221;||||false|false&#8221; custom_padding_tablet=&#8221;&#8221; custom_padding_phone=&#8221;20px||||false|false&#8221; global_colors_info=&#8221;{}&#8221;][et_pb_column type=&#8221;4_4&#8243; _builder_version=&#8221;4.24.0&#8243; _module_preset=&#8221;default&#8221; global_colors_info=&#8221;{}&#8221;][et_pb_divider color=&#8221;#E09900&#8243; divider_style=&#8221;dashed&#8221; _builder_version=&#8221;4.24.0&#8243; _module_preset=&#8221;default&#8221; border_color_bottom=&#8221;#E09900&#8243; border_style_bottom=&#8221;dashed&#8221; global_colors_info=&#8221;{}&#8221;][\/et_pb_divider][et_pb_text admin_label=&#8221;Naslov1&#8243; _builder_version=&#8221;4.25.1&#8243; _module_preset=&#8221;default&#8221; global_colors_info=&#8221;{}&#8221;]<\/p>\n<h2><strong><span>T\u00c9RK\u00c9P<\/span><\/strong><\/h2>\n<p>[\/et_pb_text][et_pb_map address=&#8221;Hrva\u0161ka ulica 4, 1000 Ljubljana, Slovenija&#8221; address_lat=&#8221;46.0676032&#8243; address_lng=&#8221;14.5447553&#8243; _builder_version=&#8221;4.24.2&#8243; _module_preset=&#8221;default&#8221; background_color=&#8221;#183642&#8243; child_filter_saturate=&#8221;128%&#8221; global_colors_info=&#8221;{}&#8221;][et_pb_map_pin pin_address=&#8221;Hrva\u0161ka ulica 4, 1000 Ljubljana, Slovenija&#8221; pin_address_lat=&#8221;46.0676032&#8243; pin_address_lng=&#8221;14.5447553&#8243; _builder_version=&#8221;4.24.2&#8243; _module_preset=&#8221;default&#8221; global_colors_info=&#8221;{}&#8221;]<\/p>\n<p><span><strong>B4 d.o.o.<\/strong> <br \/><\/span><span><a href=\"https:\/\/www.google.com\/maps\/place\/Hrva%C5%A1ka+ulica+4,+1000+Ljubljana\/@46.0676068,14.5398844,17z\/data=!3m1!4b1!4m10!1m2!2m1!1sB4+d.o.o.+hrva%C5%A1ka+ulica+4!3m6!1s0x47653267fca819bd:0xbd53b300649e3f09!8m2!3d46.0676032!4d14.5447553!15sChpCNCBkLm8uby4gaHJ2YcWha2EgdWxpY2EgNJIBEGdlb2NvZGVkX2FkZHJlc3PgAQA!16s%2Fg%2F11qqkhqy93?entry=ttu\" target=\"_blank\" rel=\"noopener\">Hrva\u0161ka ulica 4<\/a> <br \/><\/span><span>1000 Ljubljana<br \/><\/span><span>Slovenija<\/span><\/p>\n<p>[\/et_pb_map_pin][\/et_pb_map][et_pb_divider color=&#8221;#E09900&#8243; divider_style=&#8221;dashed&#8221; _builder_version=&#8221;4.24.0&#8243; _module_preset=&#8221;default&#8221; border_color_bottom=&#8221;#E09900&#8243; border_style_bottom=&#8221;dashed&#8221; global_colors_info=&#8221;{}&#8221;][\/et_pb_divider][\/et_pb_column][\/et_pb_row][\/et_pb_section]<\/p>\n","protected":false},"excerpt":{"rendered":"<p>KAPCSOLATBA L\u00c9PNIB4 d.o.o.Hrva\u0161ka ulica 41000 LjubljanaSlovenija IBAN: SI56 0400 0027 8941 871BIC: KBMASI2XVAT ID: SI 39209733Registration number: 8075301000Croatian OIB: 84189688844T\u00c9RK\u00c9PB4 d.o.o. Hrva\u0161ka ulica 4 1000 LjubljanaSlovenija<\/p>\n","protected":false},"author":1,"featured_media":0,"parent":0,"menu_order":0,"comment_status":"closed","ping_status":"closed","template":"","meta":{"_et_pb_use_builder":"on","_et_pb_old_content":"","_et_gb_content_width":"","footnotes":""},"class_list":["post-6824","page","type-page","status-publish","hentry"],"_links":{"self":[{"href":"https:\/\/www.b4.si\/hu\/wp-json\/wp\/v2\/pages\/6824","targetHints":{"allow":["GET"]}}],"collection":[{"href":"https:\/\/www.b4.si\/hu\/wp-json\/wp\/v2\/pages"}],"about":[{"href":"https:\/\/www.b4.si\/hu\/wp-json\/wp\/v2\/types\/page"}],"author":[{"embeddable":true,"href":"https:\/\/www.b4.si\/hu\/wp-json\/wp\/v2\/users\/1"}],"replies":[{"embeddable":true,"href":"https:\/\/www.b4.si\/hu\/wp-json\/wp\/v2\/comments?post=6824"}],"version-history":[{"count":2,"href":"https:\/\/www.b4.si\/hu\/wp-json\/wp\/v2\/pages\/6824\/revisions"}],"predecessor-version":[{"id":7917,"href":"https:\/\/www.b4.si\/hu\/wp-json\/wp\/v2\/pages\/6824\/revisions\/7917"}],"wp:attachment":[{"href":"https:\/\/www.b4.si\/hu\/wp-json\/wp\/v2\/media?parent=6824"}],"curies":[{"name":"wp","href":"https:\/\/api.w.org\/{rel}","templated":true}]}}