{"id":6830,"date":"2024-02-14T15:11:13","date_gmt":"2024-02-14T15:11:13","guid":{"rendered":"https:\/\/izhod.org\/b4\/nogometna-infrastruktura\/"},"modified":"2024-06-10T12:27:25","modified_gmt":"2024-06-10T12:27:25","slug":"nogometna-infrastruktura","status":"publish","type":"page","link":"https:\/\/www.b4.si\/hu\/nogometna-infrastruktura\/","title":{"rendered":"Nogometna infrastruktura"},"content":{"rendered":"<p>[et_pb_section fb_built=&#8221;1&#8243; custom_padding_last_edited=&#8221;on|phone&#8221; admin_label=&#8221;Body Sekcija&#8221; module_id=&#8221;round&#8221; module_class=&#8221;round&#8221; _builder_version=&#8221;4.25.1&#8243; _module_preset=&#8221;default&#8221; background_enable_image=&#8221;off&#8221; parallax=&#8221;on&#8221; width_tablet=&#8221;&#8221; width_phone=&#8221;&#8221; width_last_edited=&#8221;on|phone&#8221; module_alignment=&#8221;center&#8221; custom_margin_tablet=&#8221;&#8221; custom_margin_phone=&#8221;&#8221; custom_margin_last_edited=&#8221;on|tablet&#8221; custom_padding=&#8221;250px||0px||false|false&#8221; custom_padding_tablet=&#8221;300px||0px||false|false&#8221; custom_padding_phone=&#8221;300px||0px||false|false&#8221; top_divider_style=&#8221;waves2&#8243; top_divider_color=&#8221;#FFFFFF&#8221; hover_enabled=&#8221;0&#8243; global_colors_info=&#8221;{}&#8221; sticky_enabled=&#8221;0&#8243;][et_pb_row _builder_version=&#8221;4.24.0&#8243; _module_preset=&#8221;default&#8221; global_colors_info=&#8221;{}&#8221;][et_pb_column type=&#8221;4_4&#8243; _builder_version=&#8221;4.24.0&#8243; _module_preset=&#8221;default&#8221; global_colors_info=&#8221;{}&#8221;][et_pb_slider dot_nav_custom_color=&#8221;RGBA(255,255,255,0)&#8221; _builder_version=&#8221;4.25.1&#8243; _module_preset=&#8221;default&#8221; height=&#8221;400px&#8221; height_tablet=&#8221;220px&#8221; height_phone=&#8221;159px&#8221; height_last_edited=&#8221;on|phone&#8221; header_font_size_tablet=&#8221;&#8221; header_font_size_phone=&#8221;8px&#8221; header_font_size_last_edited=&#8221;on|phone&#8221; global_colors_info=&#8221;{}&#8221;][et_pb_slide use_bg_overlay=&#8221;off&#8221; use_text_overlay=&#8221;off&#8221; _builder_version=&#8221;4.25.0&#8243; _module_preset=&#8221;default&#8221; background_enable_color=&#8221;off&#8221; background_image=&#8221;https:\/\/b4.si\/wp-content\/uploads\/2024\/05\/431864455_920934886704110_1729895299212671599_n.jpg&#8221; background_enable_image=&#8221;on&#8221; global_colors_info=&#8221;{}&#8221; sticky_transition=&#8221;on&#8221;][\/et_pb_slide][et_pb_slide use_bg_overlay=&#8221;off&#8221; use_text_overlay=&#8221;off&#8221; _builder_version=&#8221;4.25.1&#8243; _module_preset=&#8221;default&#8221; background_enable_color=&#8221;off&#8221; background_image=&#8221;https:\/\/b4.si\/wp-content\/uploads\/2024\/05\/DSC_9377.jpeg&#8221; background_enable_image=&#8221;on&#8221; global_colors_info=&#8221;{}&#8221; sticky_transition=&#8221;on&#8221;][\/et_pb_slide][et_pb_slide use_bg_overlay=&#8221;off&#8221; use_text_overlay=&#8221;off&#8221; _builder_version=&#8221;4.25.1&#8243; _module_preset=&#8221;default&#8221; background_enable_color=&#8221;off&#8221; background_image=&#8221;https:\/\/b4.si\/wp-content\/uploads\/2024\/05\/IMG_3872-e1715765564880.jpeg&#8221; background_enable_image=&#8221;on&#8221; global_colors_info=&#8221;{}&#8221; sticky_transition=&#8221;on&#8221;][\/et_pb_slide][\/et_pb_slider][et_pb_text _builder_version=&#8221;4.25.1&#8243; _module_preset=&#8221;default&#8221; global_colors_info=&#8221;{}&#8221;]<\/p>\n<h2><strong><span>FOCI INFRASTRUKT\u00daRA<\/span><\/strong><\/h2>\n<p>[\/et_pb_text][et_pb_text _builder_version=&#8221;4.24.2&#8243; _module_preset=&#8221;default&#8221; global_colors_info=&#8221;{}&#8221;]<\/p>\n<p>\u00dcgyfeleink ig\u00e9nyei arra \u00f6szt\u00f6n\u00f6znek benn\u00fcnket, hogy folyamatosan emelj\u00fck szolg\u00e1ltat\u00e1saink sz\u00ednvonal\u00e1t \u00e9s terjedelm\u00e9t. A labdar\u00fag\u00f3p\u00e1ly\u00e1k min\u0151s\u00e9ge az egyik legfontosabb t\u00e9nyez\u0151 a csapatok d\u00f6nt\u00e9seiben, amikor edz\u0151t\u00e1bori c\u00e9lpontot v\u00e1lasztanak, \u00e9s a sikeres edz\u00e9sfolyamat el\u0151felt\u00e9tele is. \u00c9ppen ez\u00e9rt a labdar\u00fag\u00f3 infrastrukt\u00fara gondoz\u00e1s\u00e1t is be\u00e9p\u00edtett\u00fck szolg\u00e1ltat\u00e1saink k\u00f6z\u00e9 az objektumainkon.<\/p>\n<p>Jelenleg a B4 karbantart\u00f3 csapata gondoskodik 18 p\u00e1ly\u00e1r\u00f3l Szlov\u00e9ni\u00e1ban \u00e9s Horv\u00e1torsz\u00e1gban. Kiterjedt tud\u00e1ssal \u00e9s modern g\u00e9pekkel saj\u00e1t, b\u00e9relt \u00e9s partner labdar\u00fag\u00f3p\u00e1ly\u00e1inkon ny\u00fajtjuk szolg\u00e1ltat\u00e1sainkat:<\/p>\n<p>[\/et_pb_text][et_pb_divider color=&#8221;#E09900&#8243; divider_style=&#8221;dashed&#8221; _builder_version=&#8221;4.24.0&#8243; _module_preset=&#8221;default&#8221; border_color_bottom=&#8221;#E09900&#8243; border_style_bottom=&#8221;dashed&#8221; global_colors_info=&#8221;{}&#8221;][\/et_pb_divider][\/et_pb_column][\/et_pb_row][et_pb_row column_structure=&#8221;1_4,1_4,1_4,1_4&#8243; _builder_version=&#8221;4.24.2&#8243; _module_preset=&#8221;default&#8221; global_colors_info=&#8221;{}&#8221;][et_pb_column type=&#8221;1_4&#8243; _builder_version=&#8221;4.24.2&#8243; _module_preset=&#8221;default&#8221; global_colors_info=&#8221;{}&#8221;][et_pb_text _builder_version=&#8221;4.25.1&#8243; _module_preset=&#8221;default&#8221; global_colors_info=&#8221;{}&#8221;]<\/p>\n<h2 style=\"text-align: center;\"><strong>Karbantart\u00e1s<\/strong><\/h2>\n<p>[\/et_pb_text][et_pb_image src=&#8221;https:\/\/b4.si\/wp-content\/uploads\/2024\/03\/B4_infrastruktura_Vzdrzavnja.png&#8221; title_text=&#8221;B4_infrastruktura_Vzdrzavnja&#8221; align=&#8221;center&#8221; _builder_version=&#8221;4.24.2&#8243; _module_preset=&#8221;default&#8221; global_colors_info=&#8221;{}&#8221; background__hover_enabled=&#8221;on|hover&#8221; src__hover_enabled=&#8221;on|hover&#8221; src__hover=&#8221;https:\/\/b4.si\/wp-content\/uploads\/2024\/03\/B4_infrastruktura_Vzdrzavnja.png&#8221;][\/et_pb_image][\/et_pb_column][et_pb_column type=&#8221;1_4&#8243; _builder_version=&#8221;4.24.2&#8243; _module_preset=&#8221;default&#8221; global_colors_info=&#8221;{}&#8221;][et_pb_text _builder_version=&#8221;4.25.1&#8243; _module_preset=&#8221;default&#8221; global_colors_info=&#8221;{}&#8221;]<\/p>\n<h2 style=\"text-align: center;\"><strong>Gondoz\u00e1s<\/strong><\/h2>\n<p>[\/et_pb_text][et_pb_image src=&#8221;https:\/\/b4.si\/wp-content\/uploads\/2024\/03\/B4_infrastruktura_Urejanja.png&#8221; title_text=&#8221;B4_infrastruktura_Urejanja&#8221; align=&#8221;center&#8221; _builder_version=&#8221;4.24.2&#8243; _module_preset=&#8221;default&#8221; global_colors_info=&#8221;{}&#8221; background__hover_enabled=&#8221;on|hover&#8221; src__hover_enabled=&#8221;on|hover&#8221; src__hover=&#8221;https:\/\/b4.si\/wp-content\/uploads\/2024\/03\/B4_infrastruktura_Urejanja.png&#8221;][\/et_pb_image][\/et_pb_column][et_pb_column type=&#8221;1_4&#8243; _builder_version=&#8221;4.24.2&#8243; _module_preset=&#8221;default&#8221; global_colors_info=&#8221;{}&#8221;][et_pb_text _builder_version=&#8221;4.25.1&#8243; _module_preset=&#8221;default&#8221; global_colors_info=&#8221;{}&#8221;]<\/p>\n<h2 style=\"text-align: center;\"><strong>Szan\u00e1ci\u00f3<\/strong><\/h2>\n<p>[\/et_pb_text][et_pb_image src=&#8221;https:\/\/b4.si\/wp-content\/uploads\/2024\/03\/B4_infrastruktura_Sanacije.png&#8221; title_text=&#8221;B4_infrastruktura_Sanacije&#8221; align=&#8221;center&#8221; _builder_version=&#8221;4.24.2&#8243; _module_preset=&#8221;default&#8221; global_colors_info=&#8221;{}&#8221; background__hover_enabled=&#8221;on|hover&#8221; src__hover_enabled=&#8221;on|hover&#8221; src__hover=&#8221;https:\/\/b4.si\/wp-content\/uploads\/2024\/03\/B4_infrastruktura_Sanacije.png&#8221;][\/et_pb_image][\/et_pb_column][et_pb_column type=&#8221;1_4&#8243; _builder_version=&#8221;4.24.2&#8243; _module_preset=&#8221;default&#8221; global_colors_info=&#8221;{}&#8221;][et_pb_text _builder_version=&#8221;4.25.1&#8243; _module_preset=&#8221;default&#8221; hover_enabled=&#8221;0&#8243; global_colors_info=&#8221;{}&#8221; sticky_enabled=&#8221;0&#8243;]<\/p>\n<h2 style=\"text-align: center;\"><strong>\u00c9s labdar\u00fag\u00f3p\u00e1ly\u00e1k fejleszt\u00e9se<\/strong><\/h2>\n<p>[\/et_pb_text][et_pb_image src=&#8221;https:\/\/b4.si\/wp-content\/uploads\/2024\/03\/B4_infrastruktura_Izgradnje.png&#8221; title_text=&#8221;B4_infrastruktura_Izgradnje&#8221; align=&#8221;center&#8221; _builder_version=&#8221;4.24.2&#8243; _module_preset=&#8221;default&#8221; global_colors_info=&#8221;{}&#8221; background__hover_enabled=&#8221;on|hover&#8221; src__hover_enabled=&#8221;on|hover&#8221; src__hover=&#8221;https:\/\/b4.si\/wp-content\/uploads\/2024\/03\/B4_infrastruktura_Izgradnje.png&#8221;][\/et_pb_image][\/et_pb_column][\/et_pb_row][et_pb_row _builder_version=&#8221;4.24.2&#8243; _module_preset=&#8221;default&#8221; custom_margin=&#8221;50px|auto|50px|auto|true|false&#8221; custom_padding=&#8221;20px||20px||true|false&#8221; global_colors_info=&#8221;{}&#8221;][et_pb_column type=&#8221;4_4&#8243; _builder_version=&#8221;4.24.2&#8243; _module_preset=&#8221;default&#8221; global_colors_info=&#8221;{}&#8221;][et_pb_divider color=&#8221;#E09900&#8243; divider_style=&#8221;dashed&#8221; _builder_version=&#8221;4.24.0&#8243; _module_preset=&#8221;default&#8221; border_color_bottom=&#8221;#E09900&#8243; border_style_bottom=&#8221;dashed&#8221; global_colors_info=&#8221;{}&#8221;][\/et_pb_divider][\/et_pb_column][\/et_pb_row][et_pb_row _builder_version=&#8221;4.25.1&#8243; _module_preset=&#8221;default&#8221;][et_pb_column _builder_version=&#8221;4.25.1&#8243; _module_preset=&#8221;default&#8221; type=&#8221;4_4&#8243;][et_pb_video src=&#8221;https:\/\/www.youtube.com\/watch?v=e8dcNfq37xE&#8221; _builder_version=&#8221;4.25.1&#8243; _module_preset=&#8221;default&#8221; hover_enabled=&#8221;0&#8243; sticky_enabled=&#8221;0&#8243;][\/et_pb_video][\/et_pb_column][\/et_pb_row][et_pb_row _builder_version=&#8221;4.24.2&#8243; _module_preset=&#8221;default&#8221; custom_margin=&#8221;||50px||false|false&#8221; custom_padding=&#8221;20px||20px||true|false&#8221; global_colors_info=&#8221;{}&#8221;][et_pb_column type=&#8221;4_4&#8243; _builder_version=&#8221;4.24.2&#8243; _module_preset=&#8221;default&#8221; global_colors_info=&#8221;{}&#8221;][et_pb_divider color=&#8221;#E09900&#8243; divider_style=&#8221;dashed&#8221; _builder_version=&#8221;4.24.0&#8243; _module_preset=&#8221;default&#8221; border_color_bottom=&#8221;#E09900&#8243; border_style_bottom=&#8221;dashed&#8221; global_colors_info=&#8221;{}&#8221;][\/et_pb_divider][\/et_pb_column][\/et_pb_row][\/et_pb_section]<\/p>\n","protected":false},"excerpt":{"rendered":"<p>FOCI INFRASTRUKT\u00daRA\u00dcgyfeleink ig\u00e9nyei arra \u00f6szt\u00f6n\u00f6znek benn\u00fcnket, hogy folyamatosan emelj\u00fck szolg\u00e1ltat\u00e1saink sz\u00ednvonal\u00e1t \u00e9s terjedelm\u00e9t. A labdar\u00fag\u00f3p\u00e1ly\u00e1k min\u0151s\u00e9ge az egyik legfontosabb t\u00e9nyez\u0151 a csapatok d\u00f6nt\u00e9seiben, amikor edz\u0151t\u00e1bori c\u00e9lpontot v\u00e1lasztanak, \u00e9s a sikeres edz\u00e9sfolyamat el\u0151felt\u00e9tele is. \u00c9ppen ez\u00e9rt a labdar\u00fag\u00f3 infrastrukt\u00fara gondoz\u00e1s\u00e1t is be\u00e9p\u00edtett\u00fck szolg\u00e1ltat\u00e1saink k\u00f6z\u00e9 az objektumainkon. Jelenleg a B4 karbantart\u00f3 csapata gondoskodik 18 p\u00e1ly\u00e1r\u00f3l Szlov\u00e9ni\u00e1ban \u00e9s [&hellip;]<\/p>\n","protected":false},"author":1,"featured_media":0,"parent":0,"menu_order":0,"comment_status":"closed","ping_status":"closed","template":"","meta":{"_et_pb_use_builder":"on","_et_pb_old_content":"","_et_gb_content_width":"","footnotes":""},"class_list":["post-6830","page","type-page","status-publish","hentry"],"_links":{"self":[{"href":"https:\/\/www.b4.si\/hu\/wp-json\/wp\/v2\/pages\/6830","targetHints":{"allow":["GET"]}}],"collection":[{"href":"https:\/\/www.b4.si\/hu\/wp-json\/wp\/v2\/pages"}],"about":[{"href":"https:\/\/www.b4.si\/hu\/wp-json\/wp\/v2\/types\/page"}],"author":[{"embeddable":true,"href":"https:\/\/www.b4.si\/hu\/wp-json\/wp\/v2\/users\/1"}],"replies":[{"embeddable":true,"href":"https:\/\/www.b4.si\/hu\/wp-json\/wp\/v2\/comments?post=6830"}],"version-history":[{"count":2,"href":"https:\/\/www.b4.si\/hu\/wp-json\/wp\/v2\/pages\/6830\/revisions"}],"predecessor-version":[{"id":7423,"href":"https:\/\/www.b4.si\/hu\/wp-json\/wp\/v2\/pages\/6830\/revisions\/7423"}],"wp:attachment":[{"href":"https:\/\/www.b4.si\/hu\/wp-json\/wp\/v2\/media?parent=6830"}],"curies":[{"name":"wp","href":"https:\/\/api.w.org\/{rel}","templated":true}]}}