{"id":6842,"date":"2024-02-15T10:31:54","date_gmt":"2024-02-15T10:31:54","guid":{"rendered":"https:\/\/izhod.org\/b4\/pocitnice\/"},"modified":"2024-06-17T20:26:45","modified_gmt":"2024-06-17T20:26:45","slug":"pocitnice","status":"publish","type":"page","link":"https:\/\/www.b4.si\/hu\/pocitnice\/","title":{"rendered":"Po\u010ditnice"},"content":{"rendered":"<p>[et_pb_section fb_built=&#8221;1&#8243; custom_padding_last_edited=&#8221;on|phone&#8221; admin_label=&#8221;Body Sekcija&#8221; module_id=&#8221;round&#8221; module_class=&#8221;round&#8221; _builder_version=&#8221;4.24.0&#8243; _module_preset=&#8221;default&#8221; background_enable_image=&#8221;off&#8221; parallax=&#8221;on&#8221; width_tablet=&#8221;&#8221; width_phone=&#8221;&#8221; width_last_edited=&#8221;on|phone&#8221; module_alignment=&#8221;center&#8221; custom_margin_tablet=&#8221;&#8221; custom_margin_phone=&#8221;&#8221; custom_margin_last_edited=&#8221;on|tablet&#8221; custom_padding=&#8221;250px||0px||false|false&#8221; custom_padding_tablet=&#8221;300px||0px||false|false&#8221; custom_padding_phone=&#8221;300px||0px||false|false&#8221; top_divider_style=&#8221;waves2&#8243; top_divider_color=&#8221;#FFFFFF&#8221; global_colors_info=&#8221;{}&#8221;][et_pb_row _builder_version=&#8221;4.24.0&#8243; _module_preset=&#8221;default&#8221; global_colors_info=&#8221;{}&#8221;][et_pb_column type=&#8221;4_4&#8243; _builder_version=&#8221;4.24.0&#8243; _module_preset=&#8221;default&#8221; global_colors_info=&#8221;{}&#8221;][et_pb_slider dot_nav_custom_color=&#8221;RGBA(255,255,255,0)&#8221; _builder_version=&#8221;4.25.0&#8243; _module_preset=&#8221;default&#8221; height=&#8221;400px&#8221; height_tablet=&#8221;220px&#8221; height_phone=&#8221;159px&#8221; height_last_edited=&#8221;on|phone&#8221; global_colors_info=&#8221;{}&#8221;][et_pb_slide use_bg_overlay=&#8221;off&#8221; use_text_overlay=&#8221;off&#8221; _builder_version=&#8221;4.25.0&#8243; _module_preset=&#8221;default&#8221; background_enable_color=&#8221;off&#8221; background_image=&#8221;https:\/\/b4.si\/wp-content\/uploads\/2024\/05\/accommodation-novigrad.jpg&#8221; background_enable_image=&#8221;on&#8221; global_colors_info=&#8221;{}&#8221; sticky_transition=&#8221;on&#8221;][\/et_pb_slide][et_pb_slide use_bg_overlay=&#8221;off&#8221; use_text_overlay=&#8221;off&#8221; _builder_version=&#8221;4.25.0&#8243; _module_preset=&#8221;default&#8221; background_enable_color=&#8221;off&#8221; background_image=&#8221;https:\/\/b4.si\/wp-content\/uploads\/2024\/05\/Grad-Umag-avio-panorama-stari-grad-1024&#215;683-1.jpg&#8221; background_enable_image=&#8221;on&#8221; global_colors_info=&#8221;{}&#8221; sticky_transition=&#8221;on&#8221;][\/et_pb_slide][et_pb_slide use_bg_overlay=&#8221;off&#8221; use_text_overlay=&#8221;off&#8221; _builder_version=&#8221;4.25.0&#8243; _module_preset=&#8221;default&#8221; background_enable_color=&#8221;off&#8221; background_image=&#8221;https:\/\/b4.si\/wp-content\/uploads\/2024\/05\/F000797-17_dan_v_oktobru_aday_in_october_3733_orig_jpg-photo-m-1.jpg&#8221; background_enable_image=&#8221;on&#8221; global_colors_info=&#8221;{}&#8221; sticky_transition=&#8221;on&#8221;][\/et_pb_slide][\/et_pb_slider][et_pb_text admin_label=&#8221;Naslov1&#8243; _builder_version=&#8221;4.25.1&#8243; _module_preset=&#8221;default&#8221; hover_enabled=&#8221;0&#8243; global_colors_info=&#8221;{}&#8221; sticky_enabled=&#8221;0&#8243;]<\/p>\n<h2><strong>\u00dcNNEPEK<\/strong><\/h2>\n<p>[\/et_pb_text][et_pb_text admin_label=&#8221;Besedilo1&#8243; _builder_version=&#8221;4.25.1&#8243; _module_preset=&#8221;default&#8221; hover_enabled=&#8221;0&#8243; global_colors_info=&#8221;{}&#8221; sticky_enabled=&#8221;0&#8243;]<\/p>\n<p>Ez a B4 leg\u00fajabb szolg\u00e1ltat\u00e1sa, de a v\u00e1llalat \u00e1ltal kifejlesztett n\u00e9gy sarokpont egyike. Nyaral\u00e1sokat, kir\u00e1ndul\u00e1sokat \u00e9s felejthetetlen \u00e9lm\u00e9nyeket szervez\u00fcnk \u00d6nnek!<\/p>\n<p>Nem a t\u00f6megturizmusra \u00f6sszpontos\u00edtunk, hanem egy\u00e9ni megk\u00f6zel\u00edt\u00e9ssel butik turizmust fejleszt\u00fcnk. K\u00fcl\u00f6n\u00f6sen olyan helysz\u00edneken, amelyeket j\u00f3l ismer\u00fcnk a sportturizmus z\u00e1szl\u00f3shaj\u00f3nk r\u00e9v\u00e9n. Beutaz\u00f3 \u00e9s kiutaz\u00f3 turizmussal egyar\u00e1nt foglalkozunk.<\/p>\n<p>Minden csomagban valami m\u00e1st k\u00edn\u00e1lunk, a r\u00e9szletek \u00e9s az apr\u00f3s\u00e1gok sz\u00e1m\u00edtanak. Boutique, k\u00fcl\u00f6nb\u00f6z\u0151, \u00e9rdekes programok. Minden egyes foglal\u00e1ssal foglalkozunk, mert minden vend\u00e9gnek neve \u00e9s vezet\u00e9kneve van. Csapatunk gondoskodik minden utaz\u00e1si preferenci\u00e1r\u00f3l \u00e9s k\u00edv\u00e1ns\u00e1gr\u00f3l.<\/p>\n<p><span>Tov\u00e1bbi inform\u00e1ci\u00f3: <a href=\"mailto:holidays@b4.si\">holidays@b4.si<\/a><\/span><\/p>\n<p>[\/et_pb_text][et_pb_divider color=&#8221;#E09900&#8243; divider_style=&#8221;dashed&#8221; _builder_version=&#8221;4.24.0&#8243; _module_preset=&#8221;default&#8221; border_color_bottom=&#8221;#E09900&#8243; border_style_bottom=&#8221;dashed&#8221; global_colors_info=&#8221;{}&#8221;][\/et_pb_divider][\/et_pb_column][\/et_pb_row][\/et_pb_section]<\/p>\n","protected":false},"excerpt":{"rendered":"<p>\u00dcNNEPEKEz a B4 leg\u00fajabb szolg\u00e1ltat\u00e1sa, de a v\u00e1llalat \u00e1ltal kifejlesztett n\u00e9gy sarokpont egyike. Nyaral\u00e1sokat, kir\u00e1ndul\u00e1sokat \u00e9s felejthetetlen \u00e9lm\u00e9nyeket szervez\u00fcnk \u00d6nnek! Nem a t\u00f6megturizmusra \u00f6sszpontos\u00edtunk, hanem egy\u00e9ni megk\u00f6zel\u00edt\u00e9ssel butik turizmust fejleszt\u00fcnk. K\u00fcl\u00f6n\u00f6sen olyan helysz\u00edneken, amelyeket j\u00f3l ismer\u00fcnk a sportturizmus z\u00e1szl\u00f3shaj\u00f3nk r\u00e9v\u00e9n. Beutaz\u00f3 \u00e9s kiutaz\u00f3 turizmussal egyar\u00e1nt foglalkozunk. Minden csomagban valami m\u00e1st k\u00edn\u00e1lunk, a r\u00e9szletek \u00e9s az [&hellip;]<\/p>\n","protected":false},"author":1,"featured_media":0,"parent":0,"menu_order":0,"comment_status":"closed","ping_status":"closed","template":"","meta":{"_et_pb_use_builder":"on","_et_pb_old_content":"","_et_gb_content_width":"","footnotes":""},"class_list":["post-6842","page","type-page","status-publish","hentry"],"_links":{"self":[{"href":"https:\/\/www.b4.si\/hu\/wp-json\/wp\/v2\/pages\/6842","targetHints":{"allow":["GET"]}}],"collection":[{"href":"https:\/\/www.b4.si\/hu\/wp-json\/wp\/v2\/pages"}],"about":[{"href":"https:\/\/www.b4.si\/hu\/wp-json\/wp\/v2\/types\/page"}],"author":[{"embeddable":true,"href":"https:\/\/www.b4.si\/hu\/wp-json\/wp\/v2\/users\/1"}],"replies":[{"embeddable":true,"href":"https:\/\/www.b4.si\/hu\/wp-json\/wp\/v2\/comments?post=6842"}],"version-history":[{"count":2,"href":"https:\/\/www.b4.si\/hu\/wp-json\/wp\/v2\/pages\/6842\/revisions"}],"predecessor-version":[{"id":7614,"href":"https:\/\/www.b4.si\/hu\/wp-json\/wp\/v2\/pages\/6842\/revisions\/7614"}],"wp:attachment":[{"href":"https:\/\/www.b4.si\/hu\/wp-json\/wp\/v2\/media?parent=6842"}],"curies":[{"name":"wp","href":"https:\/\/api.w.org\/{rel}","templated":true}]}}