{"id":6845,"date":"2024-02-15T10:22:42","date_gmt":"2024-02-15T10:22:42","guid":{"rendered":"https:\/\/izhod.org\/b4\/priprave\/"},"modified":"2024-06-17T20:01:20","modified_gmt":"2024-06-17T20:01:20","slug":"priprave","status":"publish","type":"page","link":"https:\/\/www.b4.si\/hu\/priprave\/","title":{"rendered":"Priprave"},"content":{"rendered":"<p>[et_pb_section fb_built=&#8221;1&#8243; custom_padding_last_edited=&#8221;on|phone&#8221; admin_label=&#8221;Body Sekcija&#8221; module_id=&#8221;round&#8221; module_class=&#8221;round&#8221; _builder_version=&#8221;4.24.0&#8243; _module_preset=&#8221;default&#8221; background_enable_image=&#8221;off&#8221; parallax=&#8221;on&#8221; width_tablet=&#8221;&#8221; width_phone=&#8221;&#8221; width_last_edited=&#8221;on|phone&#8221; module_alignment=&#8221;center&#8221; custom_margin_tablet=&#8221;&#8221; custom_margin_phone=&#8221;&#8221; custom_margin_last_edited=&#8221;on|tablet&#8221; custom_padding=&#8221;250px||0px||false|false&#8221; custom_padding_tablet=&#8221;300px||0px||false|false&#8221; custom_padding_phone=&#8221;300px||0px||false|false&#8221; top_divider_style=&#8221;waves2&#8243; top_divider_color=&#8221;#FFFFFF&#8221; global_colors_info=&#8221;{}&#8221;][et_pb_row _builder_version=&#8221;4.24.0&#8243; _module_preset=&#8221;default&#8221; global_colors_info=&#8221;{}&#8221;][et_pb_column type=&#8221;4_4&#8243; _builder_version=&#8221;4.24.0&#8243; _module_preset=&#8221;default&#8221; global_colors_info=&#8221;{}&#8221;][et_pb_slider dot_nav_custom_color=&#8221;RGBA(255,255,255,0)&#8221; _builder_version=&#8221;4.25.1&#8243; _module_preset=&#8221;default&#8221; height=&#8221;400px&#8221; height_tablet=&#8221;220px&#8221; height_phone=&#8221;159px&#8221; height_last_edited=&#8221;on|phone&#8221; header_font_size_tablet=&#8221;&#8221; header_font_size_phone=&#8221;8px&#8221; header_font_size_last_edited=&#8221;on|phone&#8221; global_colors_info=&#8221;{}&#8221;][et_pb_slide use_bg_overlay=&#8221;off&#8221; use_text_overlay=&#8221;off&#8221; _builder_version=&#8221;4.25.1&#8243; _module_preset=&#8221;default&#8221; background_enable_color=&#8221;off&#8221; background_image=&#8221;https:\/\/b4.si\/wp-content\/uploads\/2024\/05\/DSC_4907.jpg&#8221; background_enable_image=&#8221;on&#8221; global_colors_info=&#8221;{}&#8221; sticky_transition=&#8221;on&#8221;][\/et_pb_slide][et_pb_slide use_bg_overlay=&#8221;off&#8221; use_text_overlay=&#8221;off&#8221; _builder_version=&#8221;4.25.1&#8243; _module_preset=&#8221;default&#8221; background_enable_color=&#8221;off&#8221; background_image=&#8221;https:\/\/b4.si\/wp-content\/uploads\/2024\/05\/DSC_3772-e1715622231525.jpg&#8221; background_enable_image=&#8221;on&#8221; background_position=&#8221;top_center&#8221; background_vertical_offset=&#8221;4%&#8221; global_colors_info=&#8221;{}&#8221; sticky_transition=&#8221;on&#8221;][\/et_pb_slide][et_pb_slide use_bg_overlay=&#8221;off&#8221; use_text_overlay=&#8221;off&#8221; _builder_version=&#8221;4.25.1&#8243; _module_preset=&#8221;default&#8221; background_enable_color=&#8221;off&#8221; background_image=&#8221;https:\/\/b4.si\/wp-content\/uploads\/2024\/05\/DSC_7421.jpg&#8221; background_enable_image=&#8221;on&#8221; background_position=&#8221;top_center&#8221; global_colors_info=&#8221;{}&#8221; sticky_transition=&#8221;on&#8221;][\/et_pb_slide][\/et_pb_slider][et_pb_text admin_label=&#8221;Naslov1&#8243; _builder_version=&#8221;4.25.1&#8243; _module_preset=&#8221;default&#8221; hover_enabled=&#8221;0&#8243; global_colors_info=&#8221;{}&#8221; sticky_enabled=&#8221;0&#8243;]<\/p>\n<h2><strong>SPORTT\u00c1BOROK<\/strong><\/h2>\n<p>[\/et_pb_text][et_pb_text admin_label=&#8221;Besedilo1&#8243; _builder_version=&#8221;4.25.1&#8243; _module_preset=&#8221;default&#8221; hover_enabled=&#8221;0&#8243; global_colors_info=&#8221;{}&#8221; sticky_enabled=&#8221;0&#8243;]<\/p>\n<p>Minden t\u00e9li \u00e9s ny\u00e1ri sz\u00fcnetben sz\u00e1mos csapat \u00e9rkezik k\u00fcl\u00f6nb\u00f6z\u0151 sportok ter\u00fclet\u00e9r\u0151l a tr\u00e9ningt\u00e1borokba, keresve kedvez\u0151bb tr\u00e9ningfelt\u00e9teleket, megfelel\u0151bb ellenfeleket a felk\u00e9sz\u00fcl\u00e9si meccsekhez \u00e9s lehet\u0151s\u00e9get a csapattagok k\u00f6z\u00f6tti kapcsolatok er\u0151s\u00edt\u00e9s\u00e9re.<\/p>\n<p>De m\u00edg a tr\u00e9ningt\u00e1borok a legmagasabb szint\u0171 klubok \u00e9s sok amat\u0151r vagy ifj\u00fas\u00e1gi szint\u0171 csapat sz\u00e1m\u00e1ra is mindennaposak, nem minden tr\u00e9ningt\u00e1bor egyforma.<\/p>\n<p>Itt l\u00e9p\u00fcnk mi be. A sporttr\u00e9ningek szervez\u00e9se a B4 z\u00e1szl\u00f3shaj\u00f3ja, a legfontosabb pill\u00e9re \u00e9s az a tev\u00e9kenys\u00e9g, amelyben az alap\u00edt\u00e1sa \u00f3ta r\u00e9szt vesz\u00fcnk. A r\u00e9gi\u00f3b\u00f3l \u00e9s eg\u00e9sz Eur\u00f3p\u00e1b\u00f3l sz\u00e1rmaz\u00f3 sok sikeres klub megb\u00edzik benn\u00fcnk, p\u00e9ld\u00e1ul a Luton Town, Trabzonspor, Le Havre AC, Dinamo Zagreb, Hajduk Split, Sturm Graz, Rijeka, Fehervar, MTK Budapest, Osijek, Istanbul Basaksehir, Neftci Baku, \u00e9s tucatnyi m\u00e1s profi klub. Magabiztosan \u00e1ll\u00edthatjuk, hogy ma nincs olyan klub, ami t\u00fal nagy, vagy t\u00fal kicsi lenne ahhoz, hogy ne ny\u00fajtsunk nekik a legmagasabb szint\u0171 szolg\u00e1ltat\u00e1st.<\/p>\n<p><strong>K\u00edv\u00e1ncsi, mi\u00e9rt b\u00edznak benn\u00fcnk?<\/strong><\/p>\n<p>T\u00f6bb ok is van. A min\u0151s\u00e9gre \u00f6sszpontos\u00edtunk, ami mindig is az ir\u00e1nymutat\u00f3nk volt, mind a labdar\u00fag\u00f3p\u00e1ly\u00e1k \u00e9s m\u00e1s sportinfrastrukt\u00far\u00e1k el\u0151k\u00e9sz\u00edt\u00e9s\u00e9ben, mind bar\u00e1ts\u00e1gos m\u00e9rk\u0151z\u00e9sek szervez\u00e9s\u00e9ben, valamint a sz\u00e1llodai szolg\u00e1ltat\u00e1sokban.<\/p>\n<p>J\u00f3l \u00f6sszehangolt \u00e9s magasan k\u00e9pzett csapatunk teljes k\u00f6r\u0171 t\u00e1mogat\u00e1st ny\u00fajt a helysz\u00ednen (24\/7). Sportk\u00f6zpontjaink kiz\u00e1r\u00f3lagos haszn\u00e1latot k\u00edn\u00e1lnak kiv\u00e1l\u00f3an felk\u00e9sz\u00edtett labdar\u00fag\u00f3p\u00e1ly\u00e1kkal. Az \u00fatic\u00e9lok t\u00f6k\u00e9letes nyugodt k\u00f6rnyezetet k\u00edn\u00e1lnak a sz\u00f3rakoz\u00e1si lehet\u0151s\u00e9gek k\u00f6zel\u00e9ben. Minden felk\u00e9sz\u00fcl\u00e9si m\u00e9rk\u0151z\u00e9st szakmai szinten szervez\u00fcnk (orvosi szolg\u00e1ltat\u00e1ssal, szakmai b\u00edr\u00f3kkal \u00e9s \u00e9l\u0151 k\u00f6zvet\u00edt\u00e9ssel).<br \/>De mindenekel\u0151tt arra t\u00f6reksz\u00fcnk, hogy gondoskodjunk a r\u00e9szletekr\u0151l. Azokr\u00f3l a r\u00e9szletekr\u0151l, amelyek sz\u00e1m\u00edtanak. Az apr\u00f3 dolgokr\u00f3l, amiket m\u00e1sok elfelejtenek.<\/p>\n<p>A felk\u00e9sz\u00fcl\u00e9sek logisztikai r\u00e9m\u00e1lmok lehetnek. De eml\u00e9kezetess\u00e9 is v\u00e1lhatnak az \u00e9v elengedhetetlen r\u00e9sz\u00e9v\u00e9, a szezon v\u00e9g\u00e9n el\u00e9rni k\u00edv\u00e1nt eredm\u00e9ny kulcs\u00e1v\u00e1. B\u00edzzon meg benn\u00fcnk, \u00e9s egy\u00fctt v\u00e1rjuk a sikereket.<\/p>\n<p><span>Tov\u00e1bbi inform\u00e1ci\u00f3k: <a href=\"mailto:camps@b4.si\">camps@b4.si<\/a> <\/span><\/p>\n<p>[\/et_pb_text][et_pb_divider color=&#8221;#E09900&#8243; divider_style=&#8221;dashed&#8221; _builder_version=&#8221;4.24.0&#8243; _module_preset=&#8221;default&#8221; border_color_bottom=&#8221;#E09900&#8243; border_style_bottom=&#8221;dashed&#8221; global_colors_info=&#8221;{}&#8221;][\/et_pb_divider][\/et_pb_column][\/et_pb_row][\/et_pb_section]<\/p>\n","protected":false},"excerpt":{"rendered":"<p>SPORTT\u00c1BOROKMinden t\u00e9li \u00e9s ny\u00e1ri sz\u00fcnetben sz\u00e1mos csapat \u00e9rkezik k\u00fcl\u00f6nb\u00f6z\u0151 sportok ter\u00fclet\u00e9r\u0151l a tr\u00e9ningt\u00e1borokba, keresve kedvez\u0151bb tr\u00e9ningfelt\u00e9teleket, megfelel\u0151bb ellenfeleket a felk\u00e9sz\u00fcl\u00e9si meccsekhez \u00e9s lehet\u0151s\u00e9get a csapattagok k\u00f6z\u00f6tti kapcsolatok er\u0151s\u00edt\u00e9s\u00e9re. De m\u00edg a tr\u00e9ningt\u00e1borok a legmagasabb szint\u0171 klubok \u00e9s sok amat\u0151r vagy ifj\u00fas\u00e1gi szint\u0171 csapat sz\u00e1m\u00e1ra is mindennaposak, nem minden tr\u00e9ningt\u00e1bor egyforma. Itt l\u00e9p\u00fcnk mi be. A [&hellip;]<\/p>\n","protected":false},"author":1,"featured_media":0,"parent":0,"menu_order":0,"comment_status":"closed","ping_status":"closed","template":"","meta":{"_et_pb_use_builder":"on","_et_pb_old_content":"","_et_gb_content_width":"","footnotes":""},"class_list":["post-6845","page","type-page","status-publish","hentry"],"_links":{"self":[{"href":"https:\/\/www.b4.si\/hu\/wp-json\/wp\/v2\/pages\/6845","targetHints":{"allow":["GET"]}}],"collection":[{"href":"https:\/\/www.b4.si\/hu\/wp-json\/wp\/v2\/pages"}],"about":[{"href":"https:\/\/www.b4.si\/hu\/wp-json\/wp\/v2\/types\/page"}],"author":[{"embeddable":true,"href":"https:\/\/www.b4.si\/hu\/wp-json\/wp\/v2\/users\/1"}],"replies":[{"embeddable":true,"href":"https:\/\/www.b4.si\/hu\/wp-json\/wp\/v2\/comments?post=6845"}],"version-history":[{"count":2,"href":"https:\/\/www.b4.si\/hu\/wp-json\/wp\/v2\/pages\/6845\/revisions"}],"predecessor-version":[{"id":7610,"href":"https:\/\/www.b4.si\/hu\/wp-json\/wp\/v2\/pages\/6845\/revisions\/7610"}],"wp:attachment":[{"href":"https:\/\/www.b4.si\/hu\/wp-json\/wp\/v2\/media?parent=6845"}],"curies":[{"name":"wp","href":"https:\/\/api.w.org\/{rel}","templated":true}]}}