{"id":6854,"date":"2024-02-15T10:29:53","date_gmt":"2024-02-15T10:29:53","guid":{"rendered":"https:\/\/izhod.org\/b4\/sport\/"},"modified":"2025-09-08T13:06:12","modified_gmt":"2025-09-08T13:06:12","slug":"sport","status":"publish","type":"page","link":"https:\/\/www.b4.si\/hu\/sport\/","title":{"rendered":"Sport"},"content":{"rendered":"<p>[et_pb_section fb_built=&#8221;1&#8243; custom_padding_last_edited=&#8221;on|phone&#8221; admin_label=&#8221;Body Sekcija&#8221; module_id=&#8221;round&#8221; module_class=&#8221;round&#8221; _builder_version=&#8221;4.24.0&#8243; _module_preset=&#8221;default&#8221; background_enable_image=&#8221;off&#8221; parallax=&#8221;on&#8221; width_tablet=&#8221;&#8221; width_phone=&#8221;&#8221; width_last_edited=&#8221;on|phone&#8221; module_alignment=&#8221;center&#8221; custom_margin_tablet=&#8221;&#8221; custom_margin_phone=&#8221;&#8221; custom_margin_last_edited=&#8221;on|tablet&#8221; custom_padding=&#8221;250px||0px||false|false&#8221; custom_padding_tablet=&#8221;300px||0px||false|false&#8221; custom_padding_phone=&#8221;300px||0px||false|false&#8221; top_divider_style=&#8221;waves2&#8243; top_divider_color=&#8221;#FFFFFF&#8221; global_colors_info=&#8221;{}&#8221;][et_pb_row _builder_version=&#8221;4.24.0&#8243; _module_preset=&#8221;default&#8221; global_colors_info=&#8221;{}&#8221;][et_pb_column type=&#8221;4_4&#8243; _builder_version=&#8221;4.24.0&#8243; _module_preset=&#8221;default&#8221; global_colors_info=&#8221;{}&#8221;][et_pb_slider dot_nav_custom_color=&#8221;RGBA(255,255,255,0)&#8221; _builder_version=&#8221;4.25.1&#8243; _module_preset=&#8221;default&#8221; height=&#8221;400px&#8221; height_tablet=&#8221;220px&#8221; height_phone=&#8221;159px&#8221; height_last_edited=&#8221;on|phone&#8221; global_colors_info=&#8221;{}&#8221;][et_pb_slide use_bg_overlay=&#8221;off&#8221; use_text_overlay=&#8221;off&#8221; _builder_version=&#8221;4.25.1&#8243; _module_preset=&#8221;default&#8221; background_enable_color=&#8221;off&#8221; background_image=&#8221;https:\/\/b4.si\/wp-content\/uploads\/2024\/05\/B4Sport-e1715683464511.png&#8221; background_enable_image=&#8221;on&#8221; global_colors_info=&#8221;{}&#8221; sticky_transition=&#8221;on&#8221;][\/et_pb_slide][et_pb_slide use_bg_overlay=&#8221;off&#8221; use_text_overlay=&#8221;off&#8221; _builder_version=&#8221;4.25.0&#8243; _module_preset=&#8221;default&#8221; background_enable_color=&#8221;off&#8221; background_image=&#8221;https:\/\/b4.si\/wp-content\/uploads\/2024\/03\/DSC_6784-1.jpg&#8221; background_enable_image=&#8221;on&#8221; background_position=&#8221;bottom_center&#8221; global_colors_info=&#8221;{}&#8221; sticky_transition=&#8221;on&#8221;][\/et_pb_slide][et_pb_slide use_bg_overlay=&#8221;off&#8221; use_text_overlay=&#8221;off&#8221; _builder_version=&#8221;4.25.1&#8243; _module_preset=&#8221;default&#8221; background_enable_color=&#8221;off&#8221; background_image=&#8221;https:\/\/b4.si\/wp-content\/uploads\/2024\/05\/DSC_5929-scaled.jpg&#8221; background_enable_image=&#8221;on&#8221; background_position=&#8221;top_center&#8221; global_colors_info=&#8221;{}&#8221; sticky_transition=&#8221;on&#8221;][\/et_pb_slide][et_pb_slide use_bg_overlay=&#8221;off&#8221; use_text_overlay=&#8221;off&#8221; _builder_version=&#8221;4.25.1&#8243; _module_preset=&#8221;default&#8221; background_enable_color=&#8221;off&#8221; background_image=&#8221;https:\/\/b4.si\/wp-content\/uploads\/2024\/05\/DSC_8177-2-scaled-e1715683295813.jpg&#8221; background_enable_image=&#8221;on&#8221; global_colors_info=&#8221;{}&#8221; sticky_transition=&#8221;on&#8221;][\/et_pb_slide][\/et_pb_slider][et_pb_text admin_label=&#8221;Naslov1&#8243; _builder_version=&#8221;4.24.0&#8243; _module_preset=&#8221;default&#8221; global_colors_info=&#8221;{}&#8221;]<\/p>\n<h2><strong><span>SPORT<\/span><\/strong><\/h2>\n<p><strong><span><\/span><\/strong><\/p>\n<p>[\/et_pb_text][et_pb_text admin_label=&#8221;Besedilo1&#8243; _builder_version=&#8221;4.27.4&#8243; _module_preset=&#8221;default&#8221; hover_enabled=&#8221;0&#8243; global_colors_info=&#8221;{}&#8221; sticky_enabled=&#8221;0&#8243;]<\/p>\n<p><span>V hitrem ritmu tekem, treningov, priprav in potovanj profesionalni \u0161portni klubi in pano\u017ene zveze pogosto poi\u0161\u010dejo zunanjo pomo\u010d, da svoje organizacijske in logisti\u010dne projekte izpeljejo na visoki ravni. Agencija B4 \u017ee vrsto let nudi tak\u0161no obliko podpore za slovenske in tuje naro\u010dnike, ki se zana\u0161ajo na izku\u0161nje, znanje in dosledno redoljubnost na\u0161e ekipe pri logisti\u010dni pomo\u010di \u0161portnim kolektivom in organizacijam na najvi\u0161ji ravni.<\/span><span style=\"font-size: 14px;\">\u00a0<\/span><\/p>\n<p><span>Za uspe\u0161no logisti\u010dno podporo elitnim \u0161portnim entitetam je na eni strani pomembno podrobno poznavanje zahtev in pri\u010dakovanj trenerjev, igralcev in igralk ter \u0161portnih delavcev, na drugi pa \u0161tevilni kontakti, partnerstva in izku\u0161nje z ozadjem organizacije turnirjev, mednarodnih gostovanj, dogodkov, tekem, priprav in drugih projektov. B4 se s svojimi izku\u0161njami, sposobnostmi in povezavami nahaja v preseku teh podro\u010dji.<\/span><span style=\"font-size: 14px;\">\u00a0<\/span><\/p>\n<p><span>Za na\u0161e naro\u010dnike znamo organizirati logistiko mednarodnih gostovanj v tujini in Sloveniji, vklju\u010dno z letalskimi in avtobusnimi prevozi ter transportom opreme. Na\u0161im partnerjem nudimo organizacijsko in logisti\u010dno pomo\u010d pri izvedbi raznoraznih infrastrukturnih, \u0161portnih in promocijskih projektov. Tako smo v preteklosti organizirali vsa evropska gostovanja RK Trimo Trebnje, gostovanje Qarabag FK v Ljubljani v okviru kvalifikacij za evropsko ligo ter pot in priprave mo\u0161ke rokometne reprezentance Slovenije pred olimpijskim kvalifikacijskim turnirjem v Barceloni. S Ko\u0161arkarsko zvezo Slovenije in Rokometno zvezo Slovenije sodelujemo na dolgoro\u010dni partnerski ravni na podro\u010dju priprav \u010dlanskih in mladinskih reprezentan\u010dnih selekcij ter organizacije dogodkov.<\/span><span>\u00a0<\/span><\/p>\n<p><span>\u010ce si na naslednjem, ve\u010djem ali manj\u0161em, projektu \u017eelite logisti\u010dnega partnerja, ki razume \u0161port in na katerega se lahko zanesete, nam pi\u0161ite na <a href=\"mailto:info@b4.si\">info@b4.si<\/a>. <\/span><\/p>\n<p><strong><span>\u00a0<\/span><\/strong><\/p>\n<p>[\/et_pb_text][et_pb_divider color=&#8221;#E09900&#8243; divider_style=&#8221;dashed&#8221; _builder_version=&#8221;4.24.0&#8243; _module_preset=&#8221;default&#8221; border_color_bottom=&#8221;#E09900&#8243; border_style_bottom=&#8221;dashed&#8221; global_colors_info=&#8221;{}&#8221;][\/et_pb_divider][\/et_pb_column][\/et_pb_row][\/et_pb_section]<\/p>\n","protected":false},"excerpt":{"rendered":"<p>SPORT V hitrem ritmu tekem, treningov, priprav in potovanj profesionalni \u0161portni klubi in pano\u017ene zveze pogosto poi\u0161\u010dejo zunanjo pomo\u010d, da svoje organizacijske in logisti\u010dne projekte izpeljejo na visoki ravni. Agencija B4 \u017ee vrsto let nudi tak\u0161no obliko podpore za slovenske in tuje naro\u010dnike, ki se zana\u0161ajo na izku\u0161nje, znanje in dosledno redoljubnost na\u0161e ekipe pri [&hellip;]<\/p>\n","protected":false},"author":1,"featured_media":0,"parent":0,"menu_order":0,"comment_status":"closed","ping_status":"closed","template":"","meta":{"_et_pb_use_builder":"on","_et_pb_old_content":"","_et_gb_content_width":"","footnotes":""},"class_list":["post-6854","page","type-page","status-publish","hentry"],"_links":{"self":[{"href":"https:\/\/www.b4.si\/hu\/wp-json\/wp\/v2\/pages\/6854","targetHints":{"allow":["GET"]}}],"collection":[{"href":"https:\/\/www.b4.si\/hu\/wp-json\/wp\/v2\/pages"}],"about":[{"href":"https:\/\/www.b4.si\/hu\/wp-json\/wp\/v2\/types\/page"}],"author":[{"embeddable":true,"href":"https:\/\/www.b4.si\/hu\/wp-json\/wp\/v2\/users\/1"}],"replies":[{"embeddable":true,"href":"https:\/\/www.b4.si\/hu\/wp-json\/wp\/v2\/comments?post=6854"}],"version-history":[{"count":3,"href":"https:\/\/www.b4.si\/hu\/wp-json\/wp\/v2\/pages\/6854\/revisions"}],"predecessor-version":[{"id":9555,"href":"https:\/\/www.b4.si\/hu\/wp-json\/wp\/v2\/pages\/6854\/revisions\/9555"}],"wp:attachment":[{"href":"https:\/\/www.b4.si\/hu\/wp-json\/wp\/v2\/media?parent=6854"}],"curies":[{"name":"wp","href":"https:\/\/api.w.org\/{rel}","templated":true}]}}