{"id":5516,"date":"2024-03-20T14:29:10","date_gmt":"2024-03-20T14:29:10","guid":{"rendered":"https:\/\/izhod.org\/b4\/splosni-pogoji\/"},"modified":"2024-03-20T14:29:10","modified_gmt":"2024-03-20T14:29:10","slug":"splosni-pogoji","status":"publish","type":"page","link":"https:\/\/www.b4.si\/it\/splosni-pogoji\/","title":{"rendered":"Splo\u0161ni pogoji"},"content":{"rendered":"<p>[et_pb_section fb_built=&#8221;1&#8243; custom_padding_last_edited=&#8221;on|phone&#8221; admin_label=&#8221;Body Sekcija&#8221; module_id=&#8221;round&#8221; module_class=&#8221;round&#8221; _builder_version=&#8221;4.24.0&#8243; _module_preset=&#8221;default&#8221; background_enable_image=&#8221;off&#8221; parallax=&#8221;on&#8221; width_tablet=&#8221;&#8221; width_phone=&#8221;&#8221; width_last_edited=&#8221;on|phone&#8221; module_alignment=&#8221;center&#8221; custom_margin_tablet=&#8221;&#8221; custom_margin_phone=&#8221;&#8221; custom_margin_last_edited=&#8221;on|tablet&#8221; custom_padding=&#8221;250px||0px||false|false&#8221; custom_padding_tablet=&#8221;300px||0px||false|false&#8221; custom_padding_phone=&#8221;300px||0px||false|false&#8221; top_divider_style=&#8221;waves2&#8243; top_divider_color=&#8221;#FFFFFF&#8221; global_colors_info=&#8221;{}&#8221;][et_pb_row _builder_version=&#8221;4.24.0&#8243; _module_preset=&#8221;default&#8221; global_colors_info=&#8221;{}&#8221;][et_pb_column type=&#8221;4_4&#8243; admin_label=&#8221;Splo\u0161ni pogoji&#8221; _builder_version=&#8221;4.24.0&#8243; _module_preset=&#8221;default&#8221; global_colors_info=&#8221;{}&#8221;][et_pb_text admin_label=&#8221;Naslov1&#8243; _builder_version=&#8221;4.24.2&#8243; _module_preset=&#8221;default&#8221; global_colors_info=&#8221;{}&#8221;]<\/p>\n<h2><strong><span>Splo\u0161ni pogoji<\/span><\/strong><\/h2>\n<p>[\/et_pb_text][et_pb_divider color=&#8221;#E09900&#8243; divider_style=&#8221;dashed&#8221; _builder_version=&#8221;4.24.0&#8243; _module_preset=&#8221;default&#8221; border_color_bottom=&#8221;#E09900&#8243; border_style_bottom=&#8221;dashed&#8221; global_colors_info=&#8221;{}&#8221;][\/et_pb_divider][et_pb_text _builder_version=&#8221;4.24.2&#8243; _module_preset=&#8221;default&#8221; global_colors_info=&#8221;{}&#8221;]<\/p>\n<p>Z vstopom na spletno stran www.b4.si potrjujete, da ste seznanjeni s temi splo\u0161nimi pogoji, da z njimi sogla\u0161ate in da vas dolo\u010dbe teh splo\u0161nih pogojev zavezujejo.<\/p>\n<p><strong>Ti pogoji uporabe veljajo za celotno spletno stran in podstrani www.b4.si.<\/strong><\/p>\n<p>Ob registraciji (neposredno preko www.b4.si, povezanega portala ali preko katerekoli druge, npr. Facebook storitve) se uporabnik zave\u017ee, da se strinja z vsemi dolo\u010dbami v pogojih uporabe spletnih vsebin\/storitev strani www.b4.si. Vsaki\u010d, ko se prijavite na stran www.b4.si, potrjujete, da se strinjate z vsemi dolo\u010dbami in sprejemate vse navedene pogoje uporabe. V kolikor se z dolo\u010dbami ne strinjate, vam uporaba storitev ni dovoljena in se ne smete registrirati.<\/p>\n<p>Podjetje B4, d.o.o. bo osebne podatke registriranih uporabnikov uporabljalo za obdelavo v svojih zbirkah ter jih uporabljalo za naslednje namene: statisti\u010dne obdelave, segmentacijo kupcev, obdelave preteklega nakupnega vedenja, obve\u0161\u010danje kupcev, po\u0161iljanje ponudb, oglasnega gradiva, revij in vabil na dogodke, ki jih organizira ali soorganizira ali podpira B4, d.o.o., in partnerskih podjetij \u00a0B4, d.o.o., po\u0161iljanje elektronkih novic (e-novice) ter za telefonsko, pisno in elektronsko anketiranje ter zbiranje naro\u010dil. Osebne podatke lahko B4, d.o.o., hrani in obdeluje neomejeno oziroma do pisnega preklica privolitve registriranega uporabnika. Registriranemu uporabniku pripadajo vse pravice skladno z Zakonom o varstvu potro\u0161nikov (Ur. l. RS, \u0161t. 20\/98 do 86\/2009). Podatki se uporabljajo in shranjujejo skladno z Zakonom o varstvu osebnih podatkov (ZVOP-1-UPB-1, Ur. l. RS, \u0161t. 94\/2007).<\/p>\n<p><strong>Spreminjanje pogojev uporabe<\/strong><\/p>\n<p>B4, d.o.o. si pridr\u017euje pravico do spreminjanja ali posodabljanja pogojev, dolo\u010dil in opomb, pod katerimi se omogo\u010da uporabo strani www.b4.si. To so lahko spremembe v servisih, storitvah, zakonih, ki vplivajo na storitve, ali pa iz katerih koli drugih razlogov. Ob vsaki posodobitvi pogojev uporabe, bo spremenjen datum na dnu teh pogojev.<\/p>\n<p><strong>Omejitev osebne in nekomercialne uporabe<\/strong><\/p>\n<p>Stran www.b4.si smete uporabljati le za osebne in nekomercialne namene. Prepovedano je spreminjanje, kopiranje, distribucija, oddajanje, prikazovanje, izvajanje, razmno\u017eevanje, objavljanje, licenciranje, ustvarjanje izpeljank, prena\u0161anje ali prodajanje katerih koli podatkov, programske opreme, izdelkov ali storitev, ki so del portala b4.si, razen v primeru izrecne navedbe v teh pogojih uporabe.<\/p>\n<p><strong>Zasebnost in osebni podatki<\/strong><\/p>\n<p>Za uporabo dolo\u010denih storitev na b4.si morate opraviti vpis oziroma t.i. registracijo, pri kateri boste morali posredovati vse zahtevane podatke za uporabni\u0161ki ra\u010dun in pri tem po svojih zmo\u017enostih skrbeti, da bodo v \u010dasu trajanja uporabe teh storitev pravilni in a\u017eurni. Podjetje B4, d.o.o. se obvezuje, da bo va\u0161e osebne podatke uporabljalo v skladu z veljavno zakonodajo kot tudi v skladu z izjavo o varovanju zasebnosti.<\/p>\n<p>Odgovorni ste za vse aktivnosti, opravljene z uporabo va\u0161ega uporabni\u0161kega ra\u010duna, zato je priporo\u010dljivo, da na javnih ra\u010dunalnikih ne shranjujete svojega uporabni\u0161kega imena\/gesla. Ob vsakr\u0161ni nepoobla\u0161\u010deni uporabi ali utemeljenem sumu, da je do tovrstnega dostopa pri\u0161lo, morate o tem nemudoma obvestiti podjetje B4, d.o.o., ki ne odgovarja za kakr\u0161no koli izgubo ali \u0161kodo, do katere lahko pride zaradi nepoobla\u0161\u010dene uporabe va\u0161ega ra\u010duna ali gesla.<\/p>\n<p>Ponudnik storitev si pridru\u017euje pravico do shranjevanja informacij na uporabnikovem ra\u010dunalniku v obliki pi\u0161kotka (\u2019\u2019cookie\u2019\u2019) ali podobne datoteke, katere namen je prilagoditi spletni portal \u017eeljam uporabnikov in zagotavljanje uporabnikom prijaznih spletnih storitev. Njihovo shranjevanje je pod popolnim nadzorom brskalnika, ki ga uporablja uporabnik. Uporabnik lahko shranjevanje pi\u0161kotkov po \u017eelji omeji ali onemogo\u010di.<\/p>\n<p><strong>Kaj so pi\u0161kotki?<\/strong><\/p>\n<p>Pi\u0161kotki so male besedilne datoteke, ki jih ve\u010dina spletnih mest shrani v naprave uporabnikov s katerimi dostopajo do interneta z namenom prepoznavanja posameznih naprav, ki so jih uporabniki uporabili pri dostopu. Njihovo shranjevanje je pod popolnim nadzorom brskalnika, ki ga uporablja uporabnik \u2013 ta lahko shranjevanje pi\u0161kotkov po \u017eelji omeji ali onemogo\u010di.<\/p>\n<p><strong>Zakaj so pi\u0161kotki potrebni?<\/strong><\/p>\n<p>Pi\u0161kotki so temeljnega pomena za zagotavljanje uporabniku prijaznih spletnih storitev. Najpogostej\u0161e funkcije e-poslovanja ne bi bile mogo\u010de brez pi\u0161kotkov.<\/p>\n<p>Interakcija med spletnim uporabnikom in spletno stranjo je s pomo\u010djo pi\u0161kotkov hitrej\u0161a in enostavnej\u0161a. Z njihovo pomo\u010djo si spletna stran zapomni posameznikove preference in izku\u0161nje, s tem je prihranjen \u010das, brskanje po spletnih straneh pa je s tem bolj u\u010dinkovito in prijetno.<\/p>\n<p><strong>Zakaj spletne strani uporabljajo pi\u0161kotke?<\/strong><\/p>\n<p>Pi\u0161kotke uporablja ve\u010dina spletnih strani, so priro\u010dno sredstvo za ohranjanje sve\u017ee in primerne vsebine, ki je v skladu z interesi in preferencami posameznega spletnega uporabnika. Razlogov za uporabo pi\u0161kotkov je tako ve\u010d, kot prvi gotovo njihova lastnost shranjevanja podatkov o stanju posamezne spletne strani (podrobnosti o prilagoditvah posamezne spletne strani), pomagajo pri izvajanju raznih spletnih storitev (spletne trgovine), pomagajo pri zbiranju raznih statistik, o navadah spletnega uporabnika \u2013 saj se le z njimi lahko spremlja pogostost obiskovanja dolo\u010dene spletne strani.<\/p>\n<p>Podjetja lahko s pomo\u010djo pi\u0161kotkov ocenijo u\u010dinkovitost zasnove svojih spletnih strani, kot tudi ustreznost vrste in \u0161tevila oglasov, ki jih ponujajo uporabnikom na svojih spletnih straneh.<\/p>\n<p><strong>Kopiranje in razmno\u017eevanje vsebine<\/strong><\/p>\n<p>Vsa gradiva objavljena na spletni strani www.b4.si so avtorsko za\u0161\u010ditene. Nepoobla\u0161\u010dena uporaba ali posredovanje novic, \u010dlankov in informacij v druge medije nista dovoljena in sta protizakonita. Kopiranje ali razmno\u017eevanje je mo\u017eno le s pisnim privoljenjem izdajatelja in z vklju\u010deno povezavo na na\u0161o spletno stran.<\/p>\n<p><strong>Nezakonita ali prepovedana uporaba<\/strong><\/p>\n<p>Kot uporabnik strani\u00a0www.b4.si\u00a0se obvezujete, da le-tega ne boste uporabljali za nezakonite ali pogojem uporabe nasprotujo\u010de namene. Strani\u00a0www.b4.si\u00a0ni dovoljeno uporabljati na na\u010din, ki bi lahko po\u0161kodoval, onemogo\u010dil, preobremenil ali \u0161kodil strani ali podjetju B4, d.o.o. Ravno tako ni dovoljeno onemogo\u010danje ali oviranje uporabe drugim uporabniku strani www.b4.si. Prepovedano je pridobivanje nepoobla\u0161\u010denega dostopa do katere koli storitve strani www.b4.si, ra\u010dunalni\u0161kega sistema, z njim povezanega omre\u017eja ali podatkov o njegovem katerem koli drugem uporabnika. Prepovedano je pridobivanje kakr\u0161nega koli gradiva ali informacij s pomo\u010djo sredstev, ki niso namenoma na voljo v sklopu portala ali izrecno dovoljena za dostop v izjavi o varovanju zasebnosti. \u010ce je bil dostop do teh podatkov omogo\u010den zaradi napake znotraj storitev portala, prijavo o tej napaki naslovite na: info@b4.si.<\/p>\n<p><strong>Pravica do uporabe povratnih informacij in predlogov<\/strong><\/p>\n<p>Pri posredovanju kakr\u0161nih koli povratnih informacij in predlogov v zvezi s stranjo www.b4.si podjetju B4, d.o.o. jam\u010dite, da ste lastnik oziroma imate poln nadzor nad pravicami do celotnega oddanega materiala in informacij.<\/p>\n<p>Z oddajo tega materiala in informacij podjetju B4, d.o.o. in povezanim podjetjem dovoljujete: uporabo, spreminjanje, kopiranje, distribucijo, oddajanje, javno prikazovanje in izvajanje, razmno\u017eevanje, objavljanje, licenciranje, ustvarjanje izpeljank, prena\u0161anje ali prodajanje katerih koli takih povratnih informacij in predlogov;<\/p>\n<p>Zgoraj omenjene pravice morajo vklju\u010devati tudi pravico do izrabe katerih koli lastni\u0161kih pravic v tak\u0161ni povratni informaciji ali predlogih, vklju\u010dujo\u010d pravice, ki izhajajo iz avtorskih pravic, blagovne znamke, storitvene znamke ali patentnih zakonov pod pristojnostjo katere koli s tem povezane sodne oblasti. Za oddano gradivo ali informacije, vsebovane v predlogu, ki ga bo uporabilo podjetje B4, d.o.o., ne bo izpla\u010dano nobeno nadomestilo. Podjetje B4, d.o.o. ni obvezano objaviti in uporabiti katerega koli oddanega gradiva ali informacij, ki jih zagotovite.<\/p>\n<p>Ta \u010dlen ne velja za identifikacijske podatke, ki jih posredujete pri vpisu v storitve strani www.b4.si, dokumente, informacije ali druge podatke, ki jih prenesete na stre\u017enik, oddate ali kako druga\u010de posredujete z uporabo storitev portala. Za dolo\u010dila, pogoje in za dodatne informacije o delovanju portala b4.si si preberite tudi izjavo o varovanju zasebnosti.<\/p>\n<p><strong>Uporabni\u0161ke vsebine<\/strong><\/p>\n<p>Spletna stran www.b4.si uporabnikom omogo\u010da objavljanje komentarjev, posredovanje lastnih novice po predhodnem dogovoru (v nadaljevanju uporabni\u0161ke vsebine).<\/p>\n<p>B4, d.o.o. ne odgovarja za uporabni\u0161ke vsebine, objavljene na www.b4.si. Uporabni\u0161ke vsebine so last uporabnikov in zanje sami odgovarjajo. Vendar kljub temu, da uredni\u0161tvo www.b4.si ne pregleduje in ne more pregledovati vseh uporabni\u0161kih sporo\u010dil in ni odgovorno za njihovo vsebino, si pridr\u017euje pravico, da bri\u0161e, premika ali ureja sporo\u010dila, ki jih po lastni presoji smatra za \u017ealjiva, opolzka, smatra, da kr\u0161ijo avtorsko zakonodajo ali so druga\u010de nesprejemljiva.<\/p>\n<p>Z objavo uporabni\u0161ke vsebine se strinjate s prikazom na spletnem mestu in s povezano promocijsko rabo, online in offline. Strinjate se, da lahko vse vsebine, ki jih predlo\u017eite, B4, d.o.o. ureja, objavi, prena\u0161a, ali prika\u017ee in se odrekate vsem moralnim pravicam, ki jih imate pri posedovanju vsebine, ki bi se spremenila na na\u010din, s katerim se ne strinjate. Podjetju B4, d.o.o. dajete stalno, neizklju\u010dno, globalno,nelicen\u010dno, pravico uporabe, kopiranja, prenosa, vklju\u010ditve, objave, distribucije, javnega prikaza, ustvarjanja prirejenih del, indeksiranja, ozna\u010devanja, spreminjanja in prilagajanja (vklju\u010dno s prilagajanjem na streaming, mobilne, digitalne tehnologije, tehnologije za nalaganje, za oddajanje in druge tehnologije).<\/p>\n<p>Na uredni\u0161tvu www.b4.si si prizadevamo za to, da oblikujemo uporabni\u0161ko skupnost, ki pa uspeva le, kadar se \u010dlani po\u010dutijo dobrodo\u0161le in varne. Zato morajo \u010dlani upo\u0161tevati dolo\u010dena pravila obna\u0161anja:<\/p>\n<p>Prepovedana je objava kakorkoli opravljivih, opolzkih, pornografskih, \u017ealjivih ali druga\u010de nelegalnih vsebin.<\/p>\n<p>Bodite vljudni. Ne grozite ali \u017ealite drugih uporabnikov, ne uporabljajte opolzkega jezika ali namerno motite razprave s ponavljajo\u010dimi sporo\u010dili, sporo\u010dili brez pomena ali spam-sporo\u010dili.<\/p>\n<p>Uporabljajte spo\u0161tljiv jezik. Ne uporabljajte jezika, ki bi \u017ealil ali diskriminiral na osnovi rase, religije, nacionalnosti, spola, spolnih preferenc, starosti, regije, nezmo\u017enosti. Kakr\u0161enkoli sovra\u017eni govor je osnova za takoj\u0161njo in stalno ukinitev dostopa do vseh ali dela uporabni\u0161kih storitev www.b4.si.<\/p>\n<p>Razpravljajte, toda ne napadajte. V skupnosti razli\u010dnih mnenj vedno prihaja do nestrinjanj. Uredni\u0161tvo b4.si spodbuja aktivno razpravo in pozdravlja vro\u010de razprave. Toda osebni napadi so neposredno kr\u0161enje pravil uporabe in so osnova za takoj\u0161njo in stalno ukinitev dostopa do vseh ali dela uporabni\u0161kih storitev www.b4.si.<\/p>\n<p>Mo\u017enost objavljanja uporabni\u0161kih vsebin se uporablja le v nekomercialne namene. Brez dovoljenja uredni\u0161tva www.b4.si ne boste distribuirali ali druga\u010de objavljali kakr\u0161nekoli vsebine, ki promovira posamezne dejavnosti, produkte ali storitve in vodijo do komercialnih spletnih strani.<\/p>\n<p>Prisvajanje tujih slik, besedil ali \u010dlankov brez dovoljenja nosilca avtorskih pravic je prepovedano. Ne kopirajte celih besedil, ki so avtorsko za\u0161\u010diteni. Povzemite in naredite povezavo na originalni vir.<\/p>\n<p>Uporabnik se strinja, da bo o morebitnih nepravilnostih obvestil uredni\u0161tvo www.b4.si.<\/p>\n<p><strong>Omejitev odgovornosti<\/strong><\/p>\n<p>Podjetje B4, d.o.o. ali\/in njegovi dobavitelji ne dajejo nobenih izjav o ustreznosti, zanesljivosti, razpolo\u017eljivosti, pravo\u010dasnosti in to\u010dnosti informacij, programske opreme, izdelkov, storitev in pripadajo\u010dih grafik, ki so dostopni prek strani www.b4.si. Vse informacije, programska oprema, izdelki, storitve in pripadajo\u010de grafike so na voljo \u201dtake, kot so\u201d brez kakr\u0161ne koli garancije. Podjetje B4, d.o.o. in\/ali njegovi dobavitelji zavra\u010dajo vsa jamstva ali pogoje v zvezi s temi informacijami, programsko opremo, izdelki, storitvami in pripadajo\u010dimi grafikami, vklju\u010dno z vsemi nazna\u010denimi prodajnimi jamstvi in pogoji, z ustreznostjo za dolo\u010den namen in z nazivom.<\/p>\n<p>Podjetje B4, d.o.o. in\/ali njegovi dobavitelji v nobenem primeru ne prevzemajo odgovornosti za kakr\u0161no koli neposredno, posredno, posledi\u010dno ali kakr\u0161no koli drugo \u0161kodo (vklju\u010dno s \u0161kodo zaradi izgube uporabnosti, podatkov ali dobi\u010dka), ki izhaja ali je v kakr\u0161ni koli povezavi z uporabo ali delovanjem portala b4.si, z zamudo ali nezmo\u017enostjo uporabe portala, s preskrbo ali nezmo\u017enostjo omogo\u010danja storitev ali s katerimi koli informacijami, programsko opremo, izdelki in storitvami, pridobljenimi na portalu b4.si ali kako druga\u010de nastalimi z uporabo portala, bodisi temelje\u010d na sporazumu, prekr\u0161ku, nepazljivosti bodisi druga\u010de, tudi \u010de je bilo podjetje B4, d..o.o. ali kateri koli od njenih dobaviteljev seznanjen z mo\u017enostjo nastanka \u0161kode. \u010ce zakonodaja za posamezne pravice ureja druga\u010de in njihovo omejevanje ni mo\u017eno, je mogo\u010de, da za vas ne veljajo vse zgornje omejitve. \u010ce ste s katerim koli delom strani www.b4.si, storitev portala ali s katerimi koli pogoji uporabe nezadovoljni, je va\u0161e izklju\u010dno in edino sredstvo, da strani www.ekoedzela.si ne uporabljate ve\u010d.<\/p>\n<p>Recepti in nasveti objavljeni na portalu\u00a0www.b4.si\u00a0se izvajajo na uporabnikovo lastno odgovornost. Podjetje B4, d.o.o. ne odgovarja za kakr\u0161no koli nastalo \u0161kodo ali pokodbe, ki bi lahko nastale pri izdelovanju in uporabi le-teh.<\/p>\n<p>Morebitna mnenja, ki so izra\u017eena v prispevkih, ki so objavljeni na b4.si so mnenja avtorjev prispevkov in ne mnenja uredni\u0161tva strani Podjetna Slovenija, ki ne prevzema odgovornosti zanje. Besedila so delo avtorjev in ni nujno, da predstavljajo ideje ali prepri\u010danja uredni\u0161tva Podjetna Slovenija.<\/p>\n<p>Avtorji ne dajejo medicinskih nasvetov in ne svetujejo uporabe ali opustitve katerega koli zdravila brez posveta z le\u010de\u010dim zdravnikom. Vse navedene podatke in priporo\u010dila v prispevkih in \u010dlankih bralec uporablja na lastno odgovornost. Nasveti ne morejo nadomestiti strokovne pomo\u010di zdravnika ali terapevta, in \u010de niste prepri\u010dani, za kak\u0161no te\u017eavo gre, se prej posvetujte z njima.<\/p>\n<p><strong>Uporabni\u0161ka podpora<\/strong><\/p>\n<p>Podjetje B4, \u00a0d.o.o. ponuja informacije o tem, kako uporabljati storitve strani www.b4.si na samem portalu. \u010ce imate kakr\u0161na koli vpra\u0161anja v zvezi z uporabo portala ali kakr\u0161ne koli probleme, ki bi jih radi prijavili jih lahko posredujete na elektronski naslov: info@b4.si.<\/p>\n<p><strong>Opombe o intelektualni lastnini<\/strong><\/p>\n<p>Vsa vsebina strani www.b4.si, razen vsebin, ki jih na posamezne storitve vnesejo uporabniki sami, je za\u0161\u010diteno avtorsko delo podjetja B4, d.o.o., ali njenih pogodbenih partnerjev. Vse pravice so pridr\u017eane. Vse vsebine, ki so jih na posamezne storitve strani www.b4.si prenesli uporabniki, so last uporabnikov.<\/p>\n<p>Podjetje B4, d.o.o. ima lahko patente, patentirane aplikacije, blagovne znamke, avtorske pravice ali druge intelektualne lastni\u0161ke pravice, ki so povezane s stranjo www.b4.si, vklju\u010dno s spletnimi stranmi, ki so del le-teh. \u010ce ni izrecno navedeno v teh pogojih uporabe, vam vsebina teh spletnih strani ne daje nikakr\u0161ne licence za te patente, blagovne znamke, avtorske pravice ali druge lastnine. Vse pravice, ki niso izrecno podeljene tukaj, so pridr\u017eane.<\/p>\n<p>Terjatve v zvezi z avtorskimi pravicami se re\u0161ujejo v skladu z Zakonom o avtorski in sorodnih pravicah in z Zakonom o pravdnem postopku.<\/p>\n<p>Fotografije na spletni strani\u00a0www.b4.si, \u010de ni druga\u010de navedeno: Shutterstock.com in Depositphotos.com.<\/p>\n<p><strong>Splo\u0161no<\/strong><\/p>\n<p>Ti pogoji uporabe so vezani na zakone Republike Slovenije. Za re\u0161evanje vseh sporov in nesporazumov v zvezi s stranjo www.b4.si, za katere so \u017ee bile iz\u010drpane vse ostale zunajsodne mo\u017enosti sporazuma, je pristojno okro\u017eno sodi\u0161\u010de v Ljubljani. Pri temu potrjujete, da iz teh pogojev uporabe ali uporabe servisov ne izhaja noben skupen podvig, dru\u017eabni\u0161tvo, zaposlitev ali delovno razmerje med vami in podjetjem B4, d.o.o.<\/p>\n<p>Podjetje B4, d.o.o. lahko kadar koli zahteva upo\u0161tevanje teh pogojev uporabe po sodni poti. Izvr\u0161itev te pogodbe je predmet veljavnih zakonov in zakonskih postopkov v Republiki Sloveniji, zato vse navedbe v teh pogojih uporabe ne omejujejo pravice podjetja B4, d.o.o., da se podredi vladnim, sodnim in zakonskim zahtevam v zvezi z uporabo strani www.b4.si ali informacij, danih ali pridobljenih pri podjetju IB4, d.o.o., ki se ti\u010dejo va\u0161e uporabe ali delovanja strani www.b4.si. \u010ce se za kateri koli del teh pogojev uporabe ugotovi, da je neveljaven ali neizvr\u0161ljiv v skladu s trenutno veljavno zakonodajo v Republiki Sloveniji, vklju\u010dno (vendar ne tudi omejen) z oporekanjem odgovornosti in garancije, kot je navedeno zgoraj, potem se neveljaven ali neizvr\u0161ljiv predpis nadomesti z veljavnim, izvr\u0161ljivim predpisom, ki, kar se da, ustreza namenu izvirnega predpisa, preostali del pogojev uporabe pa ostane v veljavi nespremenjen.<\/p>\n<p>Ti pogoji uporabe, vklju\u010dno z dokumenti, izrecno vklju\u010denimi v zgornji sklic, dolo\u010dajo celotno pogodbo med vami in podjetjem B4, d.o.o. glede na storitve strani www.b4.si, ki nadomestijo vse prej\u0161nje ali so\u010dasne komunikacije in ponudbe, bodisi elektronske, ustne ali pisne, med vami in podjetjem B4, d.o.o. glede na storitev strani. Natisnjena razli\u010dica teh pogojev uporabe ali njena kakr\u0161na koli elektronska oblika je sprejemljiva v sodnih ali upravnih procesih, ki temeljijo na tej pogodbi ali so povezani z njo, v isti meri in pod enakimi pogoji kot tudi drugi poslovni dokumenti in zapisi, ki so v izvirniku vzdr\u017eevani v tiskani obliki.<\/p>\n<p>Organizator bo poslal nagrado na naslov kot ga sodelujo\u010di v nagradni igri zapi\u0161e v elektronski po\u0161ti ali Facebook sporo\u010dilu, v roku dveh tednov od \u017erebanja oziroma ob prejemu nagrad od dobavitelja. Stro\u0161ke po\u0161iljanja nagrad nosi organizator.<\/p>\n<p>V kolikor organizator v roku 10 dni po kon\u010dnemu \u017erebanju ne prejme s strani nagrajenca povratne informacije, da bo iz\u017erebanec prevzel nagrado iz kateregakoli razloga (primer: ker je naslov nagrajenca nepravilen in podobno) se \u0161teje, da nagrajenec ne \u017eeli sprejeti nagrade in se od tedaj dalje \u0161teje, da oseba, ki je bila obve\u0161\u010dena o nagradi s strani organizatorja ni ve\u010d upravi\u010denec do nagrade.<\/p>\n<p>\u010ce je po\u0161iljka zavrnjena ali se vrne, ker je nagrajenec sporo\u010dil napa\u010dne podatke (naslov, ime \u2026), lahko organizator nagrado podari drugi osebi ali jo uporabi v kateri izmed nadaljnih nagradnih iger.<\/p>\n<p>B4, d.o.o., v Ljubljani, 19. 3. 2024<\/p>\n<p>[\/et_pb_text][et_pb_divider color=&#8221;#E09900&#8243; divider_style=&#8221;dashed&#8221; _builder_version=&#8221;4.24.0&#8243; _module_preset=&#8221;default&#8221; border_color_bottom=&#8221;#E09900&#8243; border_style_bottom=&#8221;dashed&#8221; global_colors_info=&#8221;{}&#8221;][\/et_pb_divider][\/et_pb_column][\/et_pb_row][\/et_pb_section]<\/p>\n","protected":false},"excerpt":{"rendered":"<p>Splo\u0161ni pogojiZ vstopom na spletno stran www.b4.si potrjujete, da ste seznanjeni s temi splo\u0161nimi pogoji, da z njimi sogla\u0161ate in da vas dolo\u010dbe teh splo\u0161nih pogojev zavezujejo. Ti pogoji uporabe veljajo za celotno spletno stran in podstrani www.b4.si. Ob registraciji (neposredno preko www.b4.si, povezanega portala ali preko katerekoli druge, npr. Facebook storitve) se uporabnik zave\u017ee, [&hellip;]<\/p>\n","protected":false},"author":1,"featured_media":0,"parent":0,"menu_order":0,"comment_status":"closed","ping_status":"closed","template":"","meta":{"_et_pb_use_builder":"on","_et_pb_old_content":"","_et_gb_content_width":"","footnotes":""},"class_list":["post-5516","page","type-page","status-publish","hentry"],"_links":{"self":[{"href":"https:\/\/www.b4.si\/it\/wp-json\/wp\/v2\/pages\/5516","targetHints":{"allow":["GET"]}}],"collection":[{"href":"https:\/\/www.b4.si\/it\/wp-json\/wp\/v2\/pages"}],"about":[{"href":"https:\/\/www.b4.si\/it\/wp-json\/wp\/v2\/types\/page"}],"author":[{"embeddable":true,"href":"https:\/\/www.b4.si\/it\/wp-json\/wp\/v2\/users\/1"}],"replies":[{"embeddable":true,"href":"https:\/\/www.b4.si\/it\/wp-json\/wp\/v2\/comments?post=5516"}],"version-history":[{"count":0,"href":"https:\/\/www.b4.si\/it\/wp-json\/wp\/v2\/pages\/5516\/revisions"}],"wp:attachment":[{"href":"https:\/\/www.b4.si\/it\/wp-json\/wp\/v2\/media?parent=5516"}],"curies":[{"name":"wp","href":"https:\/\/api.w.org\/{rel}","templated":true}]}}