{"id":5539,"date":"2024-02-09T13:43:15","date_gmt":"2024-02-09T13:43:15","guid":{"rendered":"https:\/\/izhod.org\/b4\/o-podjetju\/"},"modified":"2025-10-30T19:06:48","modified_gmt":"2025-10-30T19:06:48","slug":"o-podjetju","status":"publish","type":"page","link":"https:\/\/www.b4.si\/it\/o-podjetju\/","title":{"rendered":"O podjetju"},"content":{"rendered":"<p>[et_pb_section fb_built=&#8221;1&#8243; custom_padding_last_edited=&#8221;on|phone&#8221; admin_label=&#8221;Body Sekcija&#8221; module_id=&#8221;round&#8221; module_class=&#8221;round&#8221; _builder_version=&#8221;4.24.0&#8243; _module_preset=&#8221;default&#8221; background_enable_image=&#8221;off&#8221; parallax=&#8221;on&#8221; width_tablet=&#8221;&#8221; width_phone=&#8221;&#8221; width_last_edited=&#8221;on|phone&#8221; module_alignment=&#8221;center&#8221; custom_margin_tablet=&#8221;&#8221; custom_margin_phone=&#8221;&#8221; custom_margin_last_edited=&#8221;on|tablet&#8221; custom_padding=&#8221;250px||0px||false|false&#8221; custom_padding_tablet=&#8221;300px||0px||false|false&#8221; custom_padding_phone=&#8221;300px||0px||false|false&#8221; top_divider_style=&#8221;waves2&#8243; top_divider_color=&#8221;#FFFFFF&#8221; global_colors_info=&#8221;{}&#8221;][et_pb_row _builder_version=&#8221;4.24.0&#8243; _module_preset=&#8221;default&#8221; global_colors_info=&#8221;{}&#8221;][et_pb_column type=&#8221;4_4&#8243; _builder_version=&#8221;4.24.0&#8243; _module_preset=&#8221;default&#8221; global_colors_info=&#8221;{}&#8221;][et_pb_slider dot_nav_custom_color=&#8221;RGBA(255,255,255,0)&#8221; _builder_version=&#8221;4.25.1&#8243; _module_preset=&#8221;default&#8221; height=&#8221;400px&#8221; height_tablet=&#8221;220px&#8221; height_phone=&#8221;159px&#8221; height_last_edited=&#8221;on|phone&#8221; header_font_size_tablet=&#8221;&#8221; header_font_size_phone=&#8221;8px&#8221; header_font_size_last_edited=&#8221;on|phone&#8221; global_colors_info=&#8221;{}&#8221;][et_pb_slide use_bg_overlay=&#8221;off&#8221; use_text_overlay=&#8221;off&#8221; _builder_version=&#8221;4.25.1&#8243; _module_preset=&#8221;default&#8221; background_enable_color=&#8221;off&#8221; background_image=&#8221;https:\/\/b4.si\/wp-content\/uploads\/2024\/05\/Skupinska-Mirc-e1715943314133.png&#8221; background_enable_image=&#8221;on&#8221; background_position=&#8221;top_center&#8221; global_colors_info=&#8221;{}&#8221; sticky_transition=&#8221;on&#8221;][\/et_pb_slide][et_pb_slide use_bg_overlay=&#8221;off&#8221; use_text_overlay=&#8221;off&#8221; _builder_version=&#8221;4.25.0&#8243; _module_preset=&#8221;default&#8221; background_enable_color=&#8221;off&#8221; background_image=&#8221;https:\/\/b4.si\/wp-content\/uploads\/2024\/05\/321244755_1583008115516949_4469536438027198013_n-e1715553550700.jpg&#8221; background_enable_image=&#8221;on&#8221; global_colors_info=&#8221;{}&#8221; sticky_transition=&#8221;on&#8221;][\/et_pb_slide][et_pb_slide use_bg_overlay=&#8221;off&#8221; use_text_overlay=&#8221;off&#8221; _builder_version=&#8221;4.24.2&#8243; _module_preset=&#8221;default&#8221; background_enable_color=&#8221;off&#8221; background_image=&#8221;https:\/\/b4.si\/wp-content\/uploads\/2024\/03\/Skupinska-vecerja.jpg&#8221; background_enable_image=&#8221;on&#8221; global_colors_info=&#8221;{}&#8221; sticky_transition=&#8221;on&#8221;][\/et_pb_slide][\/et_pb_slider][et_pb_text admin_label=&#8221;Naslov1&#8243; _builder_version=&#8221;4.25.1&#8243; _module_preset=&#8221;default&#8221; global_colors_info=&#8221;{}&#8221;]<\/p>\n<h2><strong><span>CIRCA L&#8217;AZIENDA<\/span><\/strong><\/h2>\n<p>[\/et_pb_text][et_pb_text admin_label=&#8221;Besedilo1&#8243; _builder_version=&#8221;4.24.0&#8243; _module_preset=&#8221;default&#8221; global_colors_info=&#8221;{}&#8221;]<\/p>\n<p>B4 \u00e8 un&#8217;agenzia che si occupa di organizzazione di preparazioni sportive, eventi, supporto logistico e organizzativo per associazioni e club di settore, manutenzione, sistemazione, riabilitazione e costruzione di campi da calcio, nonch\u00e9 servizi nel settore del turismo. Con pi\u00f9 di un decennio di esperienza, \u00e8 considerata una delle aziende leader nel settore dei suoi settori di punta.<\/p>\n<p>[\/et_pb_text][et_pb_divider color=&#8221;#E09900&#8243; divider_style=&#8221;dashed&#8221; _builder_version=&#8221;4.24.0&#8243; _module_preset=&#8221;default&#8221; border_color_bottom=&#8221;#E09900&#8243; border_style_bottom=&#8221;dashed&#8221; global_colors_info=&#8221;{}&#8221;][\/et_pb_divider][et_pb_text admin_label=&#8221;Naslov2&#8243; _builder_version=&#8221;4.25.1&#8243; _module_preset=&#8221;default&#8221; custom_padding=&#8221;2px|||||&#8221; global_colors_info=&#8221;{}&#8221;]<\/p>\n<h2><strong><span>VISIONE, MISSIONE, VALORI<\/span><\/strong><\/h2>\n<p>[\/et_pb_text][et_pb_text admin_label=&#8221;Besedilo2&#8243; _builder_version=&#8221;4.25.1&#8243; _module_preset=&#8221;default&#8221; global_colors_info=&#8221;{}&#8221;]<\/p>\n<p>Essere simili offre conforto, ma la strada per il successo si scopre nell&#8217;essere diversi, con quel qualcosa in pi\u00f9. Cosa distingue il B4 dal resto?\u00a0<\/p>\n<p>Semplificato, perch\u00e9 ci svegliamo ogni mattina con il desiderio di fornire servizi superiori agli standard nel campo del turismo sportivo.\u00a0<\/p>\n<p>Il desiderio di realizzare la nostra missione nasconde un&#8217;enorme quantit\u00e0 di valori che materializziamo ogni giorno attraverso il nostro lavoro. Sforzo senza compromessi per offrire uno standard superiore impossibile da ottenere altrove. Attenzione a tutte le nostre destinazioni eccezionali, che si dimostrano sempre pi\u00f9 ospiti eccezionali di preparazioni sportive e altri eventi. Il coordinamento di un team ampio e attento ad ogni piccola cosa, perch\u00e9 crediamo che i dettagli contino di pi\u00f9.\u00a0<\/p>\n<p>Stiamo costruendo la nostra visione sulle basi di direzioni strategiche, supportate dalla fiducia dei clienti e dalla crescita organica attraverso la realizzazione di successo di progetti e l&#8217;espansione nell&#8217;area dei prodotti. Con i piedi ben piantati per terra, lungo un percorso lastricato di fatica e dedizione, entriamo costantemente in compagnia delle principali agenzie in Europa.<\/p>\n<p>[\/et_pb_text][et_pb_divider color=&#8221;#E09900&#8243; divider_style=&#8221;dashed&#8221; _builder_version=&#8221;4.24.0&#8243; _module_preset=&#8221;default&#8221; border_color_bottom=&#8221;#E09900&#8243; border_style_bottom=&#8221;dashed&#8221; global_colors_info=&#8221;{}&#8221;][\/et_pb_divider][\/et_pb_column][\/et_pb_row][et_pb_row _builder_version=&#8221;4.24.0&#8243; _module_preset=&#8221;default&#8221; global_colors_info=&#8221;{}&#8221;][et_pb_column type=&#8221;4_4&#8243; _builder_version=&#8221;4.24.0&#8243; _module_preset=&#8221;default&#8221; global_colors_info=&#8221;{}&#8221;][et_pb_text admin_label=&#8221;Naslov3&#8243; _builder_version=&#8221;4.25.1&#8243; _module_preset=&#8221;default&#8221; custom_padding=&#8221;2px||20px||false|false&#8221; global_colors_info=&#8221;{}&#8221;]<\/p>\n<h2><strong><span>STORIA DI B4<\/span><\/strong><\/h2>\n<p>[\/et_pb_text][\/et_pb_column][\/et_pb_row][et_pb_row column_structure=&#8221;1_3,2_3&#8243; _builder_version=&#8221;4.24.2&#8243; _module_preset=&#8221;default&#8221; global_colors_info=&#8221;{}&#8221;][et_pb_column type=&#8221;1_3&#8243; _builder_version=&#8221;4.24.0&#8243; _module_preset=&#8221;default&#8221; global_colors_info=&#8221;{}&#8221;][et_pb_image src=&#8221;https:\/\/www.b4.si\/wp-content\/uploads\/2025\/09\/B4_milestones_web_it.png&#8221; title_text=&#8221;B4_milestones_web_it&#8221; _builder_version=&#8221;4.27.4&#8243; _module_preset=&#8221;default&#8221; global_colors_info=&#8221;{}&#8221;][\/et_pb_image][\/et_pb_column][et_pb_column type=&#8221;2_3&#8243; _builder_version=&#8221;4.24.0&#8243; _module_preset=&#8221;default&#8221; global_colors_info=&#8221;{}&#8221;][et_pb_text admin_label=&#8221;Besedilo3&#8243; _builder_version=&#8221;4.24.0&#8243; _module_preset=&#8221;default&#8221; global_colors_info=&#8221;{}&#8221;]<\/p>\n<p><span><\/span><\/p>\n<p><span><\/span><\/p>\n<p>Nei primi mesi invernali del 2012 a Lubiana si \u00e8 cominciato a scrivere il primo capitolo della storia dell&#8217;agenzia B4. Pi\u00f9 di dieci anni fa, tutto \u00e8 iniziato in modo modesto, ma con una dose abbondante di entusiasmo e spinta. Dall&#8217;ufficio di \u0160i\u0161ka, allora ancora parte dell&#8217;azienda Bravo1 con il marchio B4Sport, messaggi e-mail e chiamate si diffusero in tutta la Slovenia, e presto oltre i confini della patria.\u00a0\u00a0<\/p>\n<p>Abbiamo completato la prima stagione di allenamento invernale in compagnia delle selezioni pi\u00f9 giovani dei club NK Bravo, NK Celje e NK Dravograd. Grazie ad un instancabile zelo lavorativo, con una punta di perfezionismo, i progressi sono stati realizzati a grandi passi sia in termini di numero che di reputazione dei clienti. Gi\u00e0 l&#8217;estate successiva abbiamo ospitato a Kranjska Gora la squadra membro dell&#8217;HNK Rijeka, guidata da Matja\u017e Kek. Da allora il club quarnerino \u00e8 nostro ospite fedele e gi\u00e0 da dieci anni ritorna in Slovenia per allenarsi.\u00a0<\/p>\n<p>Nell\u2019Istria croata, che ogni inverno diventa il centro dei nostri eventi, alla destinazione di Orsera abbiamo aggiunto prima Dajla, e il salto pi\u00f9 grande \u00e8 stato fatto con l\u2019espansione a Umago, dove ancora oggi il centro sportivo Stella Maris \u00e8 considerato la nostra base e ospita il tradizionale torneo Umag Trophy per giovani calciatori. In Slovenia, alla valle alpina nell&#8217;estremo nord-ovest del paese si \u00e8 aggiunta una consolidata destinazione turistica nell&#8217;estremo sud-est, \u010cate\u017e ob Savi.\u00a0<\/p>\n<p><span>L\u2019espansione delle sedi richiese un potenziamento del personale. Nel 2017 Nata\u0161a Haski\u0107 si un\u00ec al progetto come prima membro del team al di fuori della societ\u00e0 madre.<\/span><br data-start=\"166\" data-end=\"169\" \/><span><\/span><\/p>\n<p><span>Pi\u00f9 tardi nello stesso anno <\/span>l&#8217;ambito di lavoro ha gi\u00e0 superato l&#8217;operazione all&#8217;interno dell&#8217;azienda legata alla squadra di calcio. Il responsabile concettuale e operativo del progetto, Timotej Krajnc, decide quindi di diventare indipendente e nasce B4SportCamps d.o.o.\u00a0<\/p>\n<p>Nel periodo successivo alla fondazione della nuova entit\u00e0, una delle pietre miliari pi\u00f9 grandi \u00e8 l&#8217;investimento nel nuovo centro di formazione calcistica Gobele a Kranjska Gora, che offre le condizioni per aumentare il livello di servizio e attira squadre dai campionati europei pi\u00f9 forti.\u00a0<\/p>\n<p>Mentre la pandemia del virus covid ha fermato praticamente tutto il turismo e la parte maggiore della vita pubblica in generale, la nostra agenzia ha superato il periodo difficile ancora pi\u00f9 forte. Rafforzati da Emir Haski\u0107 nella posizione di amministratore aziendale, che porta una nuova visione e spinta con la sua conoscenza ed esperienza, abbiamo ospitato 18 squadre di professionisti nel periodo preparatorio invernale del 2021.\u00a0<\/p>\n<p>Allo stesso tempo, abbiamo anche continuato con l\u2019espansione verso nuovi mercati, prendendoci cura delle associazioni di settore, entrando nel mercato delle nazionali, aggiungendo nuove destinazioni e ampliando le infrastrutture sportive. Ai nostri servizi abbiamo aggiunto anche la costruzione, manutenzione e ristrutturazioni dei campi da calcio. Abbiamo presentato al pubblico i cambiamenti nel funzionamento dell&#8217;agenzia in modo pi\u00f9 dettagliato all&#8217;inizio del 2022, quando B4SportCamps \u00e8 diventato ufficialmente B4, rafforzato con un&#8217;immagine visiva pi\u00f9 moderna e fissato concretamente quattro pilastri operativi.\u00a0<\/p>\n<p>Tra i recenti progetti di alto profilo dell&#8217;agenzia B4 possiamo sicuramente annoverare la partnership ufficiale con l&#8217;Associazione Pallacanestro Slovena, in relazione alla quale siamo stati fortemente coinvolti nell&#8217;organizzazione del Campionato Europeo di Basket femminile 2023.<\/p>\n<p>Negli ultimi anni abbiamo continuato a sviluppare prodotti riconoscibili nel campo degli eventi sportivi. Tra le altre cose, nel 2025 abbiamo celebrato il decimo anniversario del torneo Umag Trophy per giovani calciatori e abbiamo organizzato la settima e la quarta edizione dei tornei Slovenia Nations Cup per le squadre nazionali di calcio maschili e femminili under 19. Abbiamo confermato la nostra strategia di prestare maggiore attenzione a una gamma pi\u00f9 ampia di sport sviluppando il tradizionale torneo di futsal Istria Nations Cup e collaborando con l&#8217;organizzazione FNC nell&#8217;organizzazione di spettacoli di arti marziali miste a Sto\u017eice.<\/p>\n<p><span><\/span><\/p>\n<p><span><\/span><\/p>\n<p><span><\/span><\/p>\n<p><span><\/span><\/p>\n<p><span><\/span><\/p>\n<p><span><\/span><\/p>\n<p><span><\/span><\/p>\n<p>[\/et_pb_text][\/et_pb_column][\/et_pb_row][\/et_pb_section]<\/p>\n","protected":false},"excerpt":{"rendered":"<p>CIRCA L&#8217;AZIENDAB4 \u00e8 un&#8217;agenzia che si occupa di organizzazione di preparazioni sportive, eventi, supporto logistico e organizzativo per associazioni e club di settore, manutenzione, sistemazione, riabilitazione e costruzione di campi da calcio, nonch\u00e9 servizi nel settore del turismo. Con pi\u00f9 di un decennio di esperienza, \u00e8 considerata una delle aziende leader nel settore dei suoi [&hellip;]<\/p>\n","protected":false},"author":1,"featured_media":0,"parent":0,"menu_order":0,"comment_status":"closed","ping_status":"closed","template":"","meta":{"_et_pb_use_builder":"on","_et_pb_old_content":"","_et_gb_content_width":"","footnotes":""},"class_list":["post-5539","page","type-page","status-publish","hentry"],"_links":{"self":[{"href":"https:\/\/www.b4.si\/it\/wp-json\/wp\/v2\/pages\/5539","targetHints":{"allow":["GET"]}}],"collection":[{"href":"https:\/\/www.b4.si\/it\/wp-json\/wp\/v2\/pages"}],"about":[{"href":"https:\/\/www.b4.si\/it\/wp-json\/wp\/v2\/types\/page"}],"author":[{"embeddable":true,"href":"https:\/\/www.b4.si\/it\/wp-json\/wp\/v2\/users\/1"}],"replies":[{"embeddable":true,"href":"https:\/\/www.b4.si\/it\/wp-json\/wp\/v2\/comments?post=5539"}],"version-history":[{"count":11,"href":"https:\/\/www.b4.si\/it\/wp-json\/wp\/v2\/pages\/5539\/revisions"}],"predecessor-version":[{"id":10243,"href":"https:\/\/www.b4.si\/it\/wp-json\/wp\/v2\/pages\/5539\/revisions\/10243"}],"wp:attachment":[{"href":"https:\/\/www.b4.si\/it\/wp-json\/wp\/v2\/media?parent=5539"}],"curies":[{"name":"wp","href":"https:\/\/api.w.org\/{rel}","templated":true}]}}