{"id":6809,"date":"2024-02-15T10:22:42","date_gmt":"2024-02-15T10:22:42","guid":{"rendered":"https:\/\/izhod.org\/b4\/priprave\/"},"modified":"2024-05-26T19:53:42","modified_gmt":"2024-05-26T19:53:42","slug":"priprave","status":"publish","type":"page","link":"https:\/\/www.b4.si\/it\/priprave\/","title":{"rendered":"Priprave"},"content":{"rendered":"<p>[et_pb_section fb_built=&#8221;1&#8243; custom_padding_last_edited=&#8221;on|phone&#8221; admin_label=&#8221;Body Sekcija&#8221; module_id=&#8221;round&#8221; module_class=&#8221;round&#8221; _builder_version=&#8221;4.24.0&#8243; _module_preset=&#8221;default&#8221; background_enable_image=&#8221;off&#8221; parallax=&#8221;on&#8221; width_tablet=&#8221;&#8221; width_phone=&#8221;&#8221; width_last_edited=&#8221;on|phone&#8221; module_alignment=&#8221;center&#8221; custom_margin_tablet=&#8221;&#8221; custom_margin_phone=&#8221;&#8221; custom_margin_last_edited=&#8221;on|tablet&#8221; custom_padding=&#8221;250px||0px||false|false&#8221; custom_padding_tablet=&#8221;300px||0px||false|false&#8221; custom_padding_phone=&#8221;300px||0px||false|false&#8221; top_divider_style=&#8221;waves2&#8243; top_divider_color=&#8221;#FFFFFF&#8221; global_colors_info=&#8221;{}&#8221;][et_pb_row _builder_version=&#8221;4.24.0&#8243; _module_preset=&#8221;default&#8221; global_colors_info=&#8221;{}&#8221;][et_pb_column type=&#8221;4_4&#8243; _builder_version=&#8221;4.24.0&#8243; _module_preset=&#8221;default&#8221; global_colors_info=&#8221;{}&#8221;][et_pb_slider dot_nav_custom_color=&#8221;RGBA(255,255,255,0)&#8221; _builder_version=&#8221;4.25.1&#8243; _module_preset=&#8221;default&#8221; height=&#8221;400px&#8221; height_tablet=&#8221;220px&#8221; height_phone=&#8221;159px&#8221; height_last_edited=&#8221;on|phone&#8221; header_font_size_tablet=&#8221;&#8221; header_font_size_phone=&#8221;8px&#8221; header_font_size_last_edited=&#8221;on|phone&#8221; global_colors_info=&#8221;{}&#8221;][et_pb_slide use_bg_overlay=&#8221;off&#8221; use_text_overlay=&#8221;off&#8221; _builder_version=&#8221;4.25.1&#8243; _module_preset=&#8221;default&#8221; background_enable_color=&#8221;off&#8221; background_image=&#8221;https:\/\/b4.si\/wp-content\/uploads\/2024\/05\/DSC_4907.jpg&#8221; background_enable_image=&#8221;on&#8221; global_colors_info=&#8221;{}&#8221; sticky_transition=&#8221;on&#8221;][\/et_pb_slide][et_pb_slide use_bg_overlay=&#8221;off&#8221; use_text_overlay=&#8221;off&#8221; _builder_version=&#8221;4.25.1&#8243; _module_preset=&#8221;default&#8221; background_enable_color=&#8221;off&#8221; background_image=&#8221;https:\/\/b4.si\/wp-content\/uploads\/2024\/05\/DSC_3772-e1715622231525.jpg&#8221; background_enable_image=&#8221;on&#8221; background_position=&#8221;top_center&#8221; background_vertical_offset=&#8221;4%&#8221; global_colors_info=&#8221;{}&#8221; sticky_transition=&#8221;on&#8221;][\/et_pb_slide][et_pb_slide use_bg_overlay=&#8221;off&#8221; use_text_overlay=&#8221;off&#8221; _builder_version=&#8221;4.25.1&#8243; _module_preset=&#8221;default&#8221; background_enable_color=&#8221;off&#8221; background_image=&#8221;https:\/\/b4.si\/wp-content\/uploads\/2024\/05\/DSC_7421.jpg&#8221; background_enable_image=&#8221;on&#8221; background_position=&#8221;top_center&#8221; global_colors_info=&#8221;{}&#8221; sticky_transition=&#8221;on&#8221;][\/et_pb_slide][\/et_pb_slider][et_pb_text admin_label=&#8221;Naslov1&#8243; _builder_version=&#8221;4.25.1&#8243; _module_preset=&#8221;default&#8221; hover_enabled=&#8221;0&#8243; global_colors_info=&#8221;{}&#8221; sticky_enabled=&#8221;0&#8243;]<\/p>\n<h2><strong><span>PREPARAZIONE<\/span><\/strong><\/h2>\n<p>[\/et_pb_text][et_pb_text admin_label=&#8221;Besedilo1&#8243; _builder_version=&#8221;4.24.0&#8243; _module_preset=&#8221;default&#8221; global_colors_info=&#8221;{}&#8221;]<\/p>\n<p>Durante ogni pausa invernale ed estiva della stagione, centinaia di squadre di vari rami sportivi vengono alla preparazione alla ricerca di condizioni pi\u00f9 favorevoli per l&#8217;allenamento, sparring partner pi\u00f9 adatti per le partite preparatorie e opportunit\u00e0 per rafforzare i legami tra i membri della squadra.\u00a0<\/p>\n<p>Ma anche se i ritiri sono una caratteristica regolare di tutti i club di massimo livello e di molte squadre a livello amatoriale o giovanile, non tutte le preparazioni sono uguali.\u00a0<\/p>\n<p>Questo \u00e8 il punto in cui entriamo noi. L&#8217;organizzazione delle preparazioni sportive \u00e8 il fiore all&#8217;occhiello dell&#8217;agenzia B4, il suo pilastro pi\u00f9 importante e l&#8217;attivit\u00e0 fondamentale che svolge fin dalla sua fondazione. Godiamo della fiducia di molti club di successo della regione e di tutta Europa, come Luton Town, Trabzonspor, Le Havre AC, Dinamo Zagreb, Hajduk Split, Sturm Graz, Rijeka, Fehervar, MTK Budapest, Osijek, Istanbul Basaksehir, Neftci Baku e decine di altri professionisti. Possiamo dire con sicurezza che oggi nessun club \u00e8 troppo grande per noi (dal punto di vista organizzativo) e nessun club \u00e8 troppo piccolo per non offrirgli un servizio di altissimo livello.\u00a0<\/p>\n<p><strong>Vi siete chiedendo perch\u00e9 si fidano di noi?\u00a0<\/strong><\/p>\n<p>Ci sono diversi motivi. Nella nostra attivit\u00e0 puntiamo sulla qualit\u00e0, che \u00e8 sempre la nostra guida principale, sia nell&#8217;allestimento dei campi da calcio e di altre infrastrutture sportive sia nell&#8217;organizzazione delle partite preparatorie, sia nei servizi alberghieri.\u00a0<\/p>\n<p>Il nostro team coordinato e ben attrezzato fornisce supporto completo in loco (24 ore su 24, 7 giorni su 7). I nostri centri sportivi offrono l&#8217;uso esclusivo di campi da calcio perfettamente preparati. Le nostre destinazioni offrono un ambiente tranquillo e perfetto in prossimit\u00e0 di attivit\u00e0 divertenti. Ogni partita preparatoria \u00e8 organizzata a livello professionale (con servizio medico, arbitri professionisti e trasmissioni in diretta).\u00a0<\/p>\n<p>Ma soprattutto, cerchiamo di curare i dettagli. Quei dettagli che contano. Quelle piccole cose che gli altri dimenticano.\u00a0<\/p>\n<p>La preparazione pu\u00f2 essere un incubo logistico. Ma possono anche rappresentare una parte indimenticabile dell\u2019anno, che \u00e8 la chiave per ottenere il risultato desiderato a fine stagione. Affidatevi a noi e non vediamo l&#8217;ora di raggiungere il successo insieme.\u00a0<\/p>\n<p>Maggiori informazioni: <span><a href=\"mailto:camps@b4.si\">camps@b4.si<\/a><\/span><\/p>\n<p>[\/et_pb_text][et_pb_divider color=&#8221;#E09900&#8243; divider_style=&#8221;dashed&#8221; _builder_version=&#8221;4.24.0&#8243; _module_preset=&#8221;default&#8221; border_color_bottom=&#8221;#E09900&#8243; border_style_bottom=&#8221;dashed&#8221; global_colors_info=&#8221;{}&#8221;][\/et_pb_divider][\/et_pb_column][\/et_pb_row][\/et_pb_section]<\/p>\n","protected":false},"excerpt":{"rendered":"<p>PREPARAZIONEDurante ogni pausa invernale ed estiva della stagione, centinaia di squadre di vari rami sportivi vengono alla preparazione alla ricerca di condizioni pi\u00f9 favorevoli per l&#8217;allenamento, sparring partner pi\u00f9 adatti per le partite preparatorie e opportunit\u00e0 per rafforzare i legami tra i membri della squadra.\u00a0 Ma anche se i ritiri sono una caratteristica regolare di [&hellip;]<\/p>\n","protected":false},"author":1,"featured_media":0,"parent":0,"menu_order":0,"comment_status":"closed","ping_status":"closed","template":"","meta":{"_et_pb_use_builder":"on","_et_pb_old_content":"","_et_gb_content_width":"","footnotes":""},"class_list":["post-6809","page","type-page","status-publish","hentry"],"_links":{"self":[{"href":"https:\/\/www.b4.si\/it\/wp-json\/wp\/v2\/pages\/6809","targetHints":{"allow":["GET"]}}],"collection":[{"href":"https:\/\/www.b4.si\/it\/wp-json\/wp\/v2\/pages"}],"about":[{"href":"https:\/\/www.b4.si\/it\/wp-json\/wp\/v2\/types\/page"}],"author":[{"embeddable":true,"href":"https:\/\/www.b4.si\/it\/wp-json\/wp\/v2\/users\/1"}],"replies":[{"embeddable":true,"href":"https:\/\/www.b4.si\/it\/wp-json\/wp\/v2\/comments?post=6809"}],"version-history":[{"count":2,"href":"https:\/\/www.b4.si\/it\/wp-json\/wp\/v2\/pages\/6809\/revisions"}],"predecessor-version":[{"id":6958,"href":"https:\/\/www.b4.si\/it\/wp-json\/wp\/v2\/pages\/6809\/revisions\/6958"}],"wp:attachment":[{"href":"https:\/\/www.b4.si\/it\/wp-json\/wp\/v2\/media?parent=6809"}],"curies":[{"name":"wp","href":"https:\/\/api.w.org\/{rel}","templated":true}]}}